{"id":434,"date":"2020-09-29T15:58:21","date_gmt":"2020-09-29T13:58:21","guid":{"rendered":"https:\/\/office-roxx.de\/primabueroklima\/?page_id=434"},"modified":"2021-03-23T11:42:37","modified_gmt":"2021-03-23T10:42:37","slug":"office-roxx-mag-und-blog","status":"publish","type":"page","link":"https:\/\/office-roxx.de\/primabueroklima\/office-roxx-mag-und-blog\/","title":{"rendered":"OFFICE ROXX Mag und&nbsp;Blog"},"content":{"rendered":"<p><!--more--><\/p>\n<h2>OFFICE ROXX&nbsp;Mag<\/h2>\n<p>Das <a href=\"https:\/\/office-roxx.de\/mag\/\" target=\"_blank\" rel=\"noopener\">OFFICE ROXX Mag<\/a> (1997\u20132006 B\u00fcro\u00adSpe\u00adzi\u00adal, 2007\u20132020 Das B\u00fcro) ist die ein\u00adzi\u00adge Fach\u00adzeit\u00adschrift in Deutsch\u00adland, die in allen b\u00fcro\u00adre\u00adle\u00advan\u00adten Berei\u00adchen hei\u00admisch ist. Das \u201cMag f\u00fcr modern Arbeit\u201d infor\u00admiert Office-Ent\u00adschei\u00adder kennt\u00adnis\u00adreich und pra\u00adxis\u00adnah \u00fcber her\u00adaus\u00adra\u00adgen\u00adde L\u00f6sun\u00adgen in den Berei\u00adchen B\u00fcro\u00adkul\u00adtur, B\u00fcro\u00adein\u00adrich\u00adtung und B\u00fcrotechnik.<\/p>\n<p>Im beson\u00adde\u00adren Fokus ste\u00adhen die Aspek\u00adte Digi\u00adta\u00adli\u00adsie\u00adrung, New Work, Gesund\u00adheit, Design, Qua\u00adli\u00adt\u00e4t, Inno\u00adva\u00adti\u00adon, Nach\u00adhal\u00adtig\u00adkeit und Wirt\u00adschaft\u00adlich\u00adkeit. Das OFFICE ROXX Mag ist kom\u00adpe\u00adtent, kom\u00adpakt, kom\u00adplett. Es ist Organ des <a href=\"https:\/\/office-roxx.de\/dimba\" target=\"_blank\" rel=\"noopener\">Deut\u00adschen Insti\u00adtuts f\u00fcr moder\u00adne B\u00fcro\u00adar\u00adbeit (DIMBA)<\/a> und Medi\u00aden\u00adpart\u00adner der Akti\u00adon PrimaB\u00fcroKlima.<\/p>\n<h2>OFFICE ROXX&nbsp;Blog<\/h2>\n<p>Par\u00adal\u00adlel zum Maga\u00adzin infor\u00admiert seit 2015 der <a href=\"https:\/\/office-roxx.de\" target=\"_blank\" rel=\"noopener\">OFFICE ROXX Blog<\/a> als ein\u00adzi\u00adger sei\u00adner Art \u00fcber alle wich\u00adti\u00adgen Facet\u00adten des moder\u00adnen B\u00fcros. In den Rubri\u00adken B\u00fcro\u00adkul\u00adtur, B\u00fcro\u00adein\u00adrich\u00adtung, B\u00fcro\u00adtech\u00adnik und B\u00fcro\u00adbe\u00addarf wer\u00adden Neu\u00adig\u00adkei\u00adten, Pro\u00addukt\u00ademp\u00adfeh\u00adlun\u00adgen und -ver\u00adglei\u00adche, Gast\u00adbei\u00adtr\u00e4\u00adge, Anwen\u00adder- und Mes\u00adse\u00adbe\u00adrich\u00adte, Check\u00adlis\u00adten, Tipps, Tests, Pres\u00adse\u00adschau\u00aden, Rezen\u00adsio\u00adnen u. v. m. pr\u00e4sentiert.<\/p>\n<p>Der \u201cBlog f\u00fcr moder\u00adne Arbeit\u201d ist eine unab\u00adh\u00e4n\u00adgi\u00adge Platt\u00adform, die sich als Qua\u00adli\u00adt\u00e4ts\u00adblog mit Pep ver\u00adsteht. Er infor\u00admiert umfas\u00adsend, kom\u00adpe\u00adtent und pra\u00adxis\u00adnah. Der Stil ist kurz\u00adwei\u00adlig und mul\u00adti\u00adme\u00addi\u00adal. Hier und da fin\u00addet sich ein zwin\u00adkern\u00addes Auge. Auch der OFFICE ROXX Blog ist Medi\u00aden\u00adpart\u00adner der Akti\u00adon PrimaB\u00fcroKlima.<\/p>\n<hr>\n<p><img loading=\"lazy\" decoding=\"async\" class=\"alignnone wp-image-742\" src=\"https:\/\/office-roxx.de\/primabueroklima\/wp-content\/uploads\/2021\/03\/Logo_RGB_MAGBLOG_klein_Pfade.jpg\" alt=\"OFFICE ROXX Mag und Blog\" width=\"304\" height=\"94\" srcset=\"https:\/\/office-roxx.de\/primabueroklima\/wp-content\/uploads\/2021\/03\/Logo_RGB_MAGBLOG_klein_Pfade.jpg 591w, https:\/\/office-roxx.de\/primabueroklima\/wp-content\/uploads\/2021\/03\/Logo_RGB_MAGBLOG_klein_Pfade-300x93.jpg 300w\" sizes=\"auto, (max-width: 304px) 100vw, 304px\"><\/p>\n<p><strong>c\/o<br>\nPRIMA VIER&nbsp;<\/strong><strong>Neh\u00adring Ver\u00adlag&nbsp;GmbH<\/strong><br>\nGus\u00adtav-Frey\u00adtag-Stra\u00ad\u00dfe&nbsp;7<br>\n10827 Berlin<br>\nTel.: 030 479071-0<br>\n<a href=\"mailto:info@OFFICE-ROXX.DE\">info@OFFICE-ROXX.DE<\/a><br>\n<a href=\"https:\/\/office-roxx.de\/\" target=\"_blank\" rel=\"noopener noreferrer\">www.OFFICE-ROXX.DE<\/a><\/p>\n","protected":false},"excerpt":{"rendered":"","protected":false},"author":1,"featured_media":0,"parent":0,"menu_order":0,"comment_status":"closed","ping_status":"closed","template":"","meta":{"wp_typography_post_enhancements_disabled":false,"footnotes":""},"tags":[],"class_list":["post-434","page","type-page","status-publish","hentry"],"yoast_head":"<!-- This site is optimized with the Yoast SEO plugin v27.3 - https:\/\/yoast.com\/product\/yoast-seo-wordpress\/ -->\n<title>OFFICE ROXX Mag und Blog - PRIMAB\u00dcROKLIMA<\/title>\n<meta name=\"robots\" content=\"index, follow, max-snippet:-1, max-image-preview:large, max-video-preview:-1\" \/>\n<link rel=\"canonical\" href=\"https:\/\/office-roxx.de\/primabueroklima\/office-roxx-mag-und-blog\/\" \/>\n<meta property=\"og:locale\" content=\"de_DE\" \/>\n<meta property=\"og:type\" content=\"article\" \/>\n<meta property=\"og:title\" content=\"OFFICE ROXX Mag und Blog - PRIMAB\u00dcROKLIMA\" \/>\n<meta property=\"og:url\" content=\"https:\/\/office-roxx.de\/primabueroklima\/office-roxx-mag-und-blog\/\" \/>\n<meta property=\"og:site_name\" content=\"PRIMAB\u00dcROKLIMA\" \/>\n<meta property=\"article:modified_time\" content=\"2021-03-23T10:42:37+00:00\" \/>\n<meta property=\"og:image\" content=\"https:\/\/office-roxx.de\/primabueroklima\/wp-content\/uploads\/2021\/03\/Logo_RGB_MAGBLOG_klein_Pfade.jpg\" \/>\n<meta name=\"twitter:card\" content=\"summary_large_image\" \/>\n<meta name=\"twitter:label1\" content=\"Gesch\u00e4tzte Lesezeit\" \/>\n\t<meta name=\"twitter:data1\" content=\"2\u00a0Minuten\" \/>\n<script type=\"application\/ld+json\" class=\"yoast-schema-graph\">{\"@context\":\"https:\\\/\\\/schema.org\",\"@graph\":[{\"@type\":\"WebPage\",\"@id\":\"https:\\\/\\\/office-roxx.de\\\/primabueroklima\\\/office-roxx-mag-und-blog\\\/\",\"url\":\"https:\\\/\\\/office-roxx.de\\\/primabueroklima\\\/office-roxx-mag-und-blog\\\/\",\"name\":\"OFFICE ROXX Mag und Blog - PRIMAB\u00dcROKLIMA\",\"isPartOf\":{\"@id\":\"https:\\\/\\\/office-roxx.de\\\/primabueroklima\\\/#website\"},\"primaryImageOfPage\":{\"@id\":\"https:\\\/\\\/office-roxx.de\\\/primabueroklima\\\/office-roxx-mag-und-blog\\\/#primaryimage\"},\"image\":{\"@id\":\"https:\\\/\\\/office-roxx.de\\\/primabueroklima\\\/office-roxx-mag-und-blog\\\/#primaryimage\"},\"thumbnailUrl\":\"https:\\\/\\\/office-roxx.de\\\/primabueroklima\\\/wp-content\\\/uploads\\\/2021\\\/03\\\/Logo_RGB_MAGBLOG_klein_Pfade.jpg\",\"datePublished\":\"2020-09-29T13:58:21+00:00\",\"dateModified\":\"2021-03-23T10:42:37+00:00\",\"breadcrumb\":{\"@id\":\"https:\\\/\\\/office-roxx.de\\\/primabueroklima\\\/office-roxx-mag-und-blog\\\/#breadcrumb\"},\"inLanguage\":\"de\",\"potentialAction\":[{\"@type\":\"ReadAction\",\"target\":[\"https:\\\/\\\/office-roxx.de\\\/primabueroklima\\\/office-roxx-mag-und-blog\\\/\"]}]},{\"@type\":\"ImageObject\",\"inLanguage\":\"de\",\"@id\":\"https:\\\/\\\/office-roxx.de\\\/primabueroklima\\\/office-roxx-mag-und-blog\\\/#primaryimage\",\"url\":\"https:\\\/\\\/office-roxx.de\\\/primabueroklima\\\/wp-content\\\/uploads\\\/2021\\\/03\\\/Logo_RGB_MAGBLOG_klein_Pfade.jpg\",\"contentUrl\":\"https:\\\/\\\/office-roxx.de\\\/primabueroklima\\\/wp-content\\\/uploads\\\/2021\\\/03\\\/Logo_RGB_MAGBLOG_klein_Pfade.jpg\",\"width\":591,\"height\":183,\"caption\":\"OFFICE ROXX Mag und Blog\"},{\"@type\":\"BreadcrumbList\",\"@id\":\"https:\\\/\\\/office-roxx.de\\\/primabueroklima\\\/office-roxx-mag-und-blog\\\/#breadcrumb\",\"itemListElement\":[{\"@type\":\"ListItem\",\"position\":1,\"name\":\"Startseite\",\"item\":\"https:\\\/\\\/office-roxx.de\\\/primabueroklima\\\/\"},{\"@type\":\"ListItem\",\"position\":2,\"name\":\"OFFICE ROXX Mag und&nbsp;Blog\"}]},{\"@type\":\"WebSite\",\"@id\":\"https:\\\/\\\/office-roxx.de\\\/primabueroklima\\\/#website\",\"url\":\"https:\\\/\\\/office-roxx.de\\\/primabueroklima\\\/\",\"name\":\"PRIMAB\u00dcROKLIMA\",\"description\":\"F\u00fcr eine bessere Luftqualit\u00e4t in Office-Umgebungen\",\"publisher\":{\"@id\":\"https:\\\/\\\/office-roxx.de\\\/primabueroklima\\\/#organization\"},\"potentialAction\":[{\"@type\":\"SearchAction\",\"target\":{\"@type\":\"EntryPoint\",\"urlTemplate\":\"https:\\\/\\\/office-roxx.de\\\/primabueroklima\\\/?s={search_term_string}\"},\"query-input\":{\"@type\":\"PropertyValueSpecification\",\"valueRequired\":true,\"valueName\":\"search_term_string\"}}],\"inLanguage\":\"de\"},{\"@type\":\"Organization\",\"@id\":\"https:\\\/\\\/office-roxx.de\\\/primabueroklima\\\/#organization\",\"name\":\"PRIMAB\u00dcROKLIMA\",\"url\":\"https:\\\/\\\/office-roxx.de\\\/primabueroklima\\\/\",\"logo\":{\"@type\":\"ImageObject\",\"inLanguage\":\"de\",\"@id\":\"https:\\\/\\\/office-roxx.de\\\/primabueroklima\\\/#\\\/schema\\\/logo\\\/image\\\/\",\"url\":\"https:\\\/\\\/office-roxx.de\\\/primabueroklima\\\/wp-content\\\/uploads\\\/2020\\\/09\\\/Prima-Klima-Logo_Farbe_beschn.jpg\",\"contentUrl\":\"https:\\\/\\\/office-roxx.de\\\/primabueroklima\\\/wp-content\\\/uploads\\\/2020\\\/09\\\/Prima-Klima-Logo_Farbe_beschn.jpg\",\"width\":1000,\"height\":675,\"caption\":\"PRIMAB\u00dcROKLIMA\"},\"image\":{\"@id\":\"https:\\\/\\\/office-roxx.de\\\/primabueroklima\\\/#\\\/schema\\\/logo\\\/image\\\/\"}}]}<\/script>\n<!-- \/ Yoast SEO plugin. -->","yoast_head_json":{"title":"OFFICE ROXX Mag und Blog - PRIMAB\u00dcROKLIMA","robots":{"index":"index","follow":"follow","max-snippet":"max-snippet:-1","max-image-preview":"max-image-preview:large","max-video-preview":"max-video-preview:-1"},"canonical":"https:\/\/office-roxx.de\/primabueroklima\/office-roxx-mag-und-blog\/","og_locale":"de_DE","og_type":"article","og_title":"OFFICE ROXX Mag und Blog - PRIMAB\u00dcROKLIMA","og_url":"https:\/\/office-roxx.de\/primabueroklima\/office-roxx-mag-und-blog\/","og_site_name":"PRIMAB\u00dcROKLIMA","article_modified_time":"2021-03-23T10:42:37+00:00","og_image":[{"url":"https:\/\/office-roxx.de\/primabueroklima\/wp-content\/uploads\/2021\/03\/Logo_RGB_MAGBLOG_klein_Pfade.jpg","type":"","width":"","height":""}],"twitter_card":"summary_large_image","twitter_misc":{"Gesch\u00e4tzte Lesezeit":"2\u00a0Minuten"},"schema":{"@context":"https:\/\/schema.org","@graph":[{"@type":"WebPage","@id":"https:\/\/office-roxx.de\/primabueroklima\/office-roxx-mag-und-blog\/","url":"https:\/\/office-roxx.de\/primabueroklima\/office-roxx-mag-und-blog\/","name":"OFFICE ROXX Mag und Blog - PRIMAB\u00dcROKLIMA","isPartOf":{"@id":"https:\/\/office-roxx.de\/primabueroklima\/#website"},"primaryImageOfPage":{"@id":"https:\/\/office-roxx.de\/primabueroklima\/office-roxx-mag-und-blog\/#primaryimage"},"image":{"@id":"https:\/\/office-roxx.de\/primabueroklima\/office-roxx-mag-und-blog\/#primaryimage"},"thumbnailUrl":"https:\/\/office-roxx.de\/primabueroklima\/wp-content\/uploads\/2021\/03\/Logo_RGB_MAGBLOG_klein_Pfade.jpg","datePublished":"2020-09-29T13:58:21+00:00","dateModified":"2021-03-23T10:42:37+00:00","breadcrumb":{"@id":"https:\/\/office-roxx.de\/primabueroklima\/office-roxx-mag-und-blog\/#breadcrumb"},"inLanguage":"de","potentialAction":[{"@type":"ReadAction","target":["https:\/\/office-roxx.de\/primabueroklima\/office-roxx-mag-und-blog\/"]}]},{"@type":"ImageObject","inLanguage":"de","@id":"https:\/\/office-roxx.de\/primabueroklima\/office-roxx-mag-und-blog\/#primaryimage","url":"https:\/\/office-roxx.de\/primabueroklima\/wp-content\/uploads\/2021\/03\/Logo_RGB_MAGBLOG_klein_Pfade.jpg","contentUrl":"https:\/\/office-roxx.de\/primabueroklima\/wp-content\/uploads\/2021\/03\/Logo_RGB_MAGBLOG_klein_Pfade.jpg","width":591,"height":183,"caption":"OFFICE ROXX Mag und Blog"},{"@type":"BreadcrumbList","@id":"https:\/\/office-roxx.de\/primabueroklima\/office-roxx-mag-und-blog\/#breadcrumb","itemListElement":[{"@type":"ListItem","position":1,"name":"Startseite","item":"https:\/\/office-roxx.de\/primabueroklima\/"},{"@type":"ListItem","position":2,"name":"OFFICE ROXX Mag und&nbsp;Blog"}]},{"@type":"WebSite","@id":"https:\/\/office-roxx.de\/primabueroklima\/#website","url":"https:\/\/office-roxx.de\/primabueroklima\/","name":"PRIMAB\u00dcROKLIMA","description":"F\u00fcr eine bessere Luftqualit\u00e4t in Office-Umgebungen","publisher":{"@id":"https:\/\/office-roxx.de\/primabueroklima\/#organization"},"potentialAction":[{"@type":"SearchAction","target":{"@type":"EntryPoint","urlTemplate":"https:\/\/office-roxx.de\/primabueroklima\/?s={search_term_string}"},"query-input":{"@type":"PropertyValueSpecification","valueRequired":true,"valueName":"search_term_string"}}],"inLanguage":"de"},{"@type":"Organization","@id":"https:\/\/office-roxx.de\/primabueroklima\/#organization","name":"PRIMAB\u00dcROKLIMA","url":"https:\/\/office-roxx.de\/primabueroklima\/","logo":{"@type":"ImageObject","inLanguage":"de","@id":"https:\/\/office-roxx.de\/primabueroklima\/#\/schema\/logo\/image\/","url":"https:\/\/office-roxx.de\/primabueroklima\/wp-content\/uploads\/2020\/09\/Prima-Klima-Logo_Farbe_beschn.jpg","contentUrl":"https:\/\/office-roxx.de\/primabueroklima\/wp-content\/uploads\/2020\/09\/Prima-Klima-Logo_Farbe_beschn.jpg","width":1000,"height":675,"caption":"PRIMAB\u00dcROKLIMA"},"image":{"@id":"https:\/\/office-roxx.de\/primabueroklima\/#\/schema\/logo\/image\/"}}]}},"_links":{"self":[{"href":"https:\/\/office-roxx.de\/primabueroklima\/wp-json\/wp\/v2\/pages\/434","targetHints":{"allow":["GET"]}}],"collection":[{"href":"https:\/\/office-roxx.de\/primabueroklima\/wp-json\/wp\/v2\/pages"}],"about":[{"href":"https:\/\/office-roxx.de\/primabueroklima\/wp-json\/wp\/v2\/types\/page"}],"author":[{"embeddable":true,"href":"https:\/\/office-roxx.de\/primabueroklima\/wp-json\/wp\/v2\/users\/1"}],"replies":[{"embeddable":true,"href":"https:\/\/office-roxx.de\/primabueroklima\/wp-json\/wp\/v2\/comments?post=434"}],"version-history":[{"count":8,"href":"https:\/\/office-roxx.de\/primabueroklima\/wp-json\/wp\/v2\/pages\/434\/revisions"}],"predecessor-version":[{"id":766,"href":"https:\/\/office-roxx.de\/primabueroklima\/wp-json\/wp\/v2\/pages\/434\/revisions\/766"}],"wp:attachment":[{"href":"https:\/\/office-roxx.de\/primabueroklima\/wp-json\/wp\/v2\/media?parent=434"}],"wp:term":[{"taxonomy":"post_tag","embeddable":true,"href":"https:\/\/office-roxx.de\/primabueroklima\/wp-json\/wp\/v2\/tags?post=434"}],"curies":[{"name":"wp","href":"https:\/\/api.w.org\/{rel}","templated":true}]}}