{"id":30,"date":"2020-08-31T14:42:01","date_gmt":"2020-08-31T12:42:01","guid":{"rendered":"https:\/\/office-roxx.de\/primabueroklima\/?page_id=30"},"modified":"2026-03-12T10:30:20","modified_gmt":"2026-03-12T09:30:20","slug":"informationen","status":"publish","type":"page","link":"https:\/\/office-roxx.de\/primabueroklima\/informationen\/","title":{"rendered":"Informationen"},"content":{"rendered":"<div>\n<h3>Pressemitteilungen<\/h3>\n<ul>\n<li><a href=\"https:\/\/office-roxx.de\/primabueroklima\/wp-content\/uploads\/2025\/10\/PM-Leserumfrage-PrimaBueroKlima-2025.pdf\" target=\"_blank\" rel=\"noopener\"><strong>Zu warm, zu&nbsp;kalt,&nbsp;\u2026<\/strong><\/a><br>\nErgeb\u00adnis\u00adse der OFFICE-ROXX-Leser\u00adum\u00adfra\u00adge \u201ePri\u00adma B\u00fcro\u00adkli\u00adma 2025\u201c (13.10.2025)<\/li>\n<li><strong><a href=\"https:\/\/office-roxx.de\/primabueroklima\/wp-content\/uploads\/2024\/10\/PM-ORB-Leserumfrage-PrimaBueroKlima-2024.pdf\" target=\"_blank\" rel=\"noopener\">Kli\u00adma\u00adwan\u00addel erreicht B\u00fcro<\/a><\/strong><br>\nDie Ergeb\u00adnis\u00adse der OFFICE-ROXX-Leser\u00adum\u00adfra\u00adge \u201ePri\u00adma-B\u00fcro\u00adkli\u00adma 2024\u201c (08.10.2024)<\/li>\n<li><strong><a href=\"https:\/\/office-roxx.de\/primabueroklima\/wp-content\/uploads\/2023\/11\/PM_ORB-Leserumfrage_PrimaBueroKlima_2023.pdf\" target=\"_blank\" rel=\"noopener\">Zu kalt, zu trocken<\/a><\/strong><br>\nDie Ergeb\u00adnis\u00adse der OFFICE-ROXX-Leser\u00adum\u00adfra\u00adge \u201ePri\u00adma-B\u00fcro\u00adkli\u00adma 2023\u201c (13.07.2023)<\/li>\n<li><a href=\"https:\/\/office-roxx.de\/primabueroklima\/wp-content\/uploads\/2023\/01\/PM-Leserumfrage-PrimaBueroKlima-2022.pdf\" target=\"_blank\" rel=\"noopener\"><strong>Die Luft bleibt d\u00fcnn<\/strong><\/a><br>\nDie Ergeb\u00adnis\u00adse der OFFICE-ROXX-Leser\u00adum\u00adfra\u00adge \u201ePri\u00adma-B\u00fcro\u00adkli\u00adma 2022\u201c (27.09.2022)<\/li>\n<li><strong><a href=\"https:\/\/office-roxx.de\/primabueroklima\/wp-content\/uploads\/2023\/01\/PM-Leserumfrage-PrimaBueroKlima-2021.pdf\" target=\"_blank\" rel=\"noopener\">Viel Luft nach&nbsp;oben<\/a><\/strong><br>\nDie Ergeb\u00adnis\u00adse der OFFICE-ROXX-Leser\u00adum\u00adfra\u00adge \u201ePri\u00adma-B\u00fcro\u00adkli\u00adma 2021\u201c (28.09.2022)<\/li>\n<\/ul>\n<\/div>\n<hr>\n<h2><strong><a href=\"https:\/\/www.baua.de\/DE\/Angebote\/Rechtstexte-und-Technische-Regeln\/Regelwerk\/ASR\/ASR-A3-5.html\" target=\"_blank\" rel=\"noopener noreferrer\">ASR A3.5 Raumtemperatur<\/a><\/strong><\/h2>\n<p>Die Tech\u00adni\u00adsche Regel f\u00fcr Arbeits\u00adst\u00e4t\u00adten ASR A3.5 regelt die Raum\u00adtem\u00adpe\u00adra\u00adtur. (Aktua\u00adli\u00adsie\u00adrung: M\u00e4rz&nbsp;2022).<\/p>\n<h2><strong><a href=\"https:\/\/www.baua.de\/DE\/Angebote\/Rechtstexte-und-Technische-Regeln\/Regelwerk\/ASR\/ASR-A3-6.html\" target=\"_blank\" rel=\"noopener noreferrer\">ASR A3.6 L\u00fcftung<\/a><\/strong><\/h2>\n<p>Die Tech\u00adni\u00adsche Regel f\u00fcr Arbeits\u00adst\u00e4t\u00adten ASR A3.6 regelt die L\u00fcf\u00adtung (Aktua\u00adli\u00adsie\u00adrung: Mai&nbsp;2018).<\/p>\n<h2><a href=\"https:\/\/publikationen.dguv.de\/regelwerk\/dguv-informationen\/4832\/lueftungskonzepte-fuer-eine-gute-innenraumluftqualitaet-ermitteln-beurteilen-sicherstellen\" target=\"_blank\" rel=\"noopener\">DGUV Information 215-550<\/a><\/h2>\n<p>L\u00fcf\u00adtungs\u00adkon\u00adzep\u00adte f\u00fcr eine gute Innen\u00adraum\u00adluft\u00adqua\u00adli\u00adt\u00e4t \u2013 Ermit\u00adteln, beur\u00adtei\u00adlen, sicher\u00adstel\u00adlen (Mai&nbsp;2025).<\/p>\n<h2><a href=\"https:\/\/publikationen.dguv.de\/regelwerk\/publikationen-nach-fachbereich\/verwaltung\/klima-am-arbeitsplatz\/456\/klima-im-buero-antworten-auf-die-haeufigsten-fragen\" target=\"_blank\" rel=\"noopener\"><strong>DGUV-Information 215-520<\/strong><\/a><\/h2>\n<p>Kli\u00adma im B\u00fcro: Ant\u00adwor\u00adten auf die h\u00e4u\u00adfigs\u00adten Fra\u00adgen (Aktua\u00adli\u00adsie\u00adrung: Janu\u00adar&nbsp;2026).<\/p>\n<h2><a href=\"https:\/\/publikationen.dguv.de\/widgets\/pdf\/download\/article\/4289\" target=\"_blank\" rel=\"noopener\">Luftfilteranlagen in \u00f6ffentlichen Geb\u00e4uden<\/a><\/h2>\n<p>Ein\u00adsch\u00e4t\u00adzung und Emp\u00adfeh\u00adlun\u00adgen des Insti\u00adtuts f\u00fcr Arbeits\u00adschutz der Deut\u00adschen Gesetz\u00adli\u00adchen Unfall\u00adver\u00adsi\u00adche\u00adrung (IFA).<\/p>\n<h2><a href=\"https:\/\/www.beuth.de\/de\/vornorm\/din-ts-67506\/347831306\" target=\"_blank\" rel=\"noopener\">DIN\/TS 67506:2022-02<\/a><\/h2>\n<p>Tech\u00adni\u00adsche Spe\u00adzi\u00adfi\u00adka\u00adti\u00adon \u201eEnt\u00adkei\u00admung von Raum\u00adluft mit UV-Strah\u00adlung \u2013 UV-C-Sekun\u00add\u00e4r\u00adluft\u00adge\u00adr\u00e4\u00adte\u201c zum Ein\u00adsatz von UV-C-Luftentkeimern.<\/p>\n<h2><a href=\"https:\/\/www.beuth.de\/de\/norm\/din-en-16798-1\/349622591\" target=\"_blank\" rel=\"noopener\">DIN EN 16798-1:2022-03<\/a><\/h2>\n<p>Ener\u00adge\u00adti\u00adsche Bewer\u00adtung von Geb\u00e4u\u00adden \u2013 L\u00fcf\u00adtung von Geb\u00e4u\u00adden \u2013 Teil 1: Ein\u00adgangs\u00adpa\u00adra\u00adme\u00adter f\u00fcr das Innen\u00adraum\u00adkli\u00adma zur Aus\u00adle\u00adgung und Bewer\u00adtung der Ener\u00adgie\u00adef\u00adfi\u00adzi\u00adenz von Geb\u00e4u\u00adden bez\u00fcg\u00adlich Raum\u00adluft\u00adqua\u00adli\u00adt\u00e4t, Tem\u00adpe\u00adra\u00adtur, Licht und Akustik.<\/p>\n<h2><a href=\"https:\/\/www.dinmedia.de\/de\/technische-regel\/vdi-oefr-6022-blatt-3\/396576367\" target=\"_blank\" rel=\"noopener\">VDI\/\u00d6FR 6022 Blatt 3: Raumlufttechnik, Raumluftqualit\u00e4t&nbsp;\u2013 Beurteilung der Raumluftqualit\u00e4t<\/a><\/h2>\n<p>Die Richt\u00adli\u00adnie behan\u00addelt die Bewer\u00adtungs\u00adgrund\u00adla\u00adgen der Raum\u00adluft\u00adqua\u00adli\u00adt\u00e4t in Deutsch\u00adland (Dezem\u00adber&nbsp;2025).<\/p>\n<h2><a href=\"https:\/\/www.vdi.de\/richtlinien\/details\/vdi-4300-blatt-1-messen-von-innenraumluftverunreinigungen-allgemeine-aspekte-der-messstrategie\">VDI 4300 Blatt 1: Messen von Innenraumluftverunreinigungen \u2013Allgemeine Aspekte der Messstrategie<\/a><\/h2>\n<p>Die Richt\u00adli\u00adnie gibt Hil\u00adfe\u00adstel\u00adlung zur umfas\u00adsen\u00adden Pla\u00adnung von Innen\u00adraum\u00admes\u00adsun\u00adgen (Erfas\u00adsung der Immis\u00adsi\u00adons\u00adsi\u00adtua\u00adti\u00adon) und legt die Grund\u00adz\u00fc\u00adge dar, wie bei Innen\u00adraum\u00admes\u00adsun\u00adgen vor\u00adzu\u00adge\u00adhen ist (Febru\u00adar&nbsp;2024).<\/p>\n<h2><a href=\"https:\/\/www.vdi.de\/richtlinien\/details\/vdi-ee-4300-blatt-14-messen-von-innenraumluftverunreinigungen-anforderungen-an-mobile-luftreiniger-zur-reduktion-der-aerosolgebundenen-uebertragung-von-infektionskrankheiten\" target=\"_blank\" rel=\"noopener\">VDI-EE 4300 Blatt 14: Messen von Innenraumluftverunreinigungen \u2013 Anforderungen an mobile Luftreiniger<\/a><\/h2>\n<p>Anfor\u00adde\u00adrun\u00adgen an mobi\u00adle Luft\u00adrei\u00adni\u00adger zur Reduk\u00adti\u00adon der aero\u00adsol\u00adge\u00adbun\u00adde\u00adnen \u00dcber\u00adtra\u00adgung von Infek\u00adti\u00adons\u00adkrank\u00adhei\u00adten (Sep\u00adtem\u00adber&nbsp;2021).<\/p>\n<h2><a href=\"https:\/\/www.vdi.de\/richtlinien\/details\/vdizdk-6032-blatt-1-lufttechnik-luftqualitaet-in-fahrzeugen-hygieneanforderungen-an-die-lueftungstechnik-pkwlkw\">VDI\/ZDK 6032: Lufttechnik, Luftqualit\u00e4t in Fahrzeugen \u2013 Hygieneanforderungen an die L\u00fcftungstechnik<\/a><\/h2>\n<p>Richt\u00adli\u00adnie zu Hygie\u00adne\u00adan\u00adfor\u00adde\u00adrun\u00adgen hin\u00adsicht\u00adlich der Pla\u00adnung, Fer\u00adti\u00adgung, Aus\u00adf\u00fch\u00adrung, des Betrei\u00adbens und der War\u00adtung sowie Rei\u00adni\u00adgung von raum\u00adluft\u00adtech\u00adni\u00adschen Anla\u00adgen in Fahrzeugen.<\/p>\n<h2><a href=\"https:\/\/www.bafa.de\/DE\/Energie\/Energieeffizienz\/Raumlufttechnische_Anlagen\/raumlufttechnische_anlagen_node.html\" target=\"_blank\" rel=\"noopener\">Bafa-F\u00f6rderrichtlinie \u201eCorona-gerechte Um- und Aufr\u00fcstung von RLT-Anlagen\u201c<\/a><\/h2>\n<p>Ma\u00df\u00adnah\u00admen an bestehen\u00adden sta\u00adtio\u00adn\u00e4\u00adren raum\u00adluft\u00adtech\u00adni\u00adschen Anla\u00adgen (RLT-Anla\u00adgen) in \u00f6ffent\u00adli\u00adchen Geb\u00e4u\u00adden und Ver\u00adsamm\u00adlungs\u00adst\u00e4t\u00adten wer\u00adden seit April 2021 gef\u00f6rdert.<\/p>\n<h2><strong><a href=\"https:\/\/dnb-netz.de\/informationen\/publikationen\/\" target=\"_blank\" rel=\"noopener noreferrer\">Brosch\u00fcre \u201eGutes Raumklima f\u00fcr gute B\u00fcroarbeit\u201c<\/a> <\/strong><\/h2>\n<p>Die Bro\u00adsch\u00fc\u00adre des Deut\u00adschen Netz\u00adwerk B\u00fcro e. V. ist im M\u00e4rz 2020 in 2. Auf\u00adla\u00adge erschie\u00adnen. Sie ent\u00adh\u00e4lt viel Hin\u00adter\u00adgrund\u00adwis\u00adsen und zahl\u00adrei\u00adche Emp\u00adfeh\u00adlun\u00adgen f\u00fcr die Praxis.<\/p>\n<h2><a href=\"https:\/\/publica.fraunhofer.de\/entities\/publication\/155a3423-fae5-46ff-8820-2052d79ba586\/details\" target=\"_blank\" rel=\"noopener\"><strong>Studie: \u201eLuftfeuchtigkeit am B\u00fcroarbeitsplatz\u201c<\/strong><\/a><\/h2>\n<p>Eine Stu\u00addie des Fraun\u00adho\u00adfer IAO von&nbsp;2014.<\/p>\n<h2><a href=\"https:\/\/www.condair.de\/gefaehrdungsbeurteilung\" target=\"_blank\" rel=\"noopener\">Whitepaper \u201eGef\u00e4hrdungsbeurteilung\u201c<\/a><\/h2>\n<p>Die Info\u00adbro\u00adsch\u00fc\u00adre erm\u00f6g\u00adlicht mehr Pr\u00e4\u00adven\u00adti\u00adon durch eine sys\u00adte\u00adma\u00adti\u00adsche Beur\u00adtei\u00adlung der Luft\u00adfeuch\u00adte \u2013 mit Check\u00adlis\u00adte und Praxisbeispiel.<\/p>\n<h2><a href=\"https:\/\/www.condair.de\/energiekosten-senken\" target=\"_blank\" rel=\"noopener\">Whitepaper \u201eEnergiekosten senken\u201c<\/a><\/h2>\n<p>Das zw\u00f6lf\u00adsei\u00adti\u00adge White\u00adpa\u00adper von Cond\u00adair zeigt, wie Unter\u00adneh\u00admen mit einer m\u00f6g\u00adlichst ener\u00adgie\u00adef\u00adfi\u00adzi\u00aden\u00adten Luft\u00adbe\u00adfeuch\u00adtung dem Anspruch an pro\u00adduk\u00adti\u00adve und attrak\u00adti\u00adve Arbeits\u00adpl\u00e4t\u00adze gerecht wer\u00adden k\u00f6nnen.<\/p>\n<h2><a href=\"https:\/\/www.condair.de\/luftfeuchte-in-buerogebaeuden\" target=\"_blank\" rel=\"noopener\">Whitepaper \u201eLuftfeuchte in B\u00fcrogeb\u00e4uden\u201c<\/a><\/h2>\n<p>Das 16-sei\u00adti\u00adge White\u00adpa\u00adper von Cond\u00adair infor\u00admiert zum The\u00adma Luft\u00adbe\u00adfeuch\u00adtung und Gesund\u00adheit in B\u00fcrogeb\u00e4uden.<\/p>\n<h2><a href=\"https:\/\/www.condair.de\/gebaeude-gesuender-machen\" target=\"_blank\" rel=\"noopener noreferrer\">Whitepaper \u201eGeb\u00e4ude ges\u00fcnder machen\u201c<\/a><\/h2>\n<p>White\u00adpa\u00adper von Cond\u00adair \u00fcber wich\u00adti\u00adge Fak\u00adto\u00adren, die vor Infek\u00adti\u00adons\u00adkrank\u00adhei\u00adten sch\u00fct\u00adzen \u2013 inklu\u00adsi\u00adve einer 12-Punk\u00adte-Check\u00adlis\u00adte f\u00fcr Unternehmen.<\/p>\n<h2 class=\"title\"><a href=\"https:\/\/publications.rwth-aachen.de\/record\/811532\" target=\"_blank\" rel=\"noopener\">Einfluss der Luftfeuchte auf Menschen und Gesundheit<\/a><\/h2>\n<p>Die Lite\u00adra\u00adtur\u00adstu\u00addie der RWTH Aachen ana\u00adly\u00adsiert, auf wel\u00adchen Unter\u00adsu\u00adchun\u00adgen die Grenz\u00adwer\u00adte f\u00fcr eine rela\u00adti\u00adve Luft\u00adfeuch\u00adte in Innen\u00adr\u00e4u\u00admen von 40\u201360 Pro\u00adzent beruhen.<\/p>\n<h2><strong><a href=\"https:\/\/www.baua.de\/DE\/Themen\/Arbeitsgestaltung-im-Betrieb\/Physikalische-Faktoren-und-Arbeitsumgebung\/Klima-am-Arbeitsplatz\/Sommertipps.html\" target=\"_blank\" rel=\"noopener noreferrer\">Empfehlungen f\u00fcr hei\u00dfe Sommertage<\/a> <\/strong><\/h2>\n<p>Tipps von der Bun\u00addes\u00adan\u00adstalt f\u00fcr Arbeits\u00adschutz und Arbeits\u00adme\u00addi\u00adzin (BAuA) f\u00fcr Arbeits\u00adst\u00e4t\u00adten in Geb\u00e4uden.<\/p>\n<h2><a href=\"https:\/\/www.meineraumluft.at\/wp-content\/uploads\/2019\/08\/Auf_der_Suche_nach_dem_Gesunden_in_der_Raumuft.pdf\" target=\"_blank\" rel=\"noopener\"><strong>\u201eAuf der Suche nach dem Gesunden in der Raumluft\u201c<\/strong><\/a><\/h2>\n<p>Ein Buch von Julia Posch zum Gra\u00adtis-Down\u00adload (Hg. MeineRaumluft.at, 2011, 88&nbsp;S.)<\/p>\n<h2><a href=\"https:\/\/www.lebensmittel-luft.info\/rlt-wirtschaftlichkeit\/\" target=\"_blank\" rel=\"noopener\">Online-Berechnungstool Wirtschaftlichkeit von RLT-Anlagen<\/a><\/h2>\n<p>Mit dem vom FGK bereit\u00adge\u00adstell\u00adte Online-rech\u00adner las\u00adsen sich die Kos\u00adten f\u00fcr eine RLT-Anla\u00adge den poten\u00adzi\u00adell ver\u00admeid\u00adba\u00adren Mit\u00adar\u00adbei\u00adter\u00adaus\u00adf\u00e4l\u00adlen durch Krank\u00adheit gegen\u00fcberstellen.<\/p>\n<h2><a href=\"https:\/\/risico.eonerc.rwth-aachen.de\/\" target=\"_blank\" rel=\"noopener\">Online-Tool RisiCo<\/a><\/h2>\n<p>Online-Tool der RWTH Aachen zur Berech\u00adnung des rela\u00adti\u00adven Infek\u00adti\u00adons\u00adri\u00adsi\u00adkos durch Aero\u00adsol\u00adpar\u00adti\u00adkel auf Basis raum\u00adtech\u00adni\u00adscher Parameter.<\/p>\n<h2><a href=\"https:\/\/hri-pira.github.io\/\" target=\"_blank\" rel=\"noopener\">COVID-19 Infektionsrisiko durch Aerosole<\/a><\/h2>\n<p>Web-App zur Berech\u00adnung des poten\u00adzi\u00adel\u00adlen Infek\u00adti\u00adons\u00adri\u00adsi\u00adkos \u00fcber Aero\u00adso\u00adle vom Her\u00admann-Riet\u00adschel-Insti\u00adtut, TU Berlin.<\/p>\n","protected":false},"excerpt":{"rendered":"<p>Pres\u00adse\u00admit\u00adtei\u00adlun\u00adgen Zu warm, zu&nbsp;kalt,&nbsp;\u2026 Ergeb\u00adnis\u00adse der OFFICE-ROXX-Leser\u00adum\u00adfra\u00ad\u00adge \u201ePri\u00adma B\u00fcro\u00adkli\u00adma 2025\u201c (13.10.2025) Kli\u00adma\u00adwan\u00addel erreicht B\u00fcro Die Ergeb\u00adnis\u00adse der OFFICE-ROXX-Leser\u00adum\u00adfra\u00ad\u00adge \u201ePri\u00ad\u00adma-B\u00fcro\u00ad\u00adk\u00adli\u00ad\u00adma 2024\u201c (08.10.2024) Zu kalt, zu tro\u00adcken Die Ergeb\u00adnis\u00adse der OFFICE-ROXX-Leser\u00adum\u00adfra\u00ad\u00adge \u201ePri\u00ad\u00adma-B\u00fcro\u00ad\u00adk\u00adli\u00ad\u00adma 2023\u201c (13.07.2023) Die Luft bleibt d\u00fcnn Die Ergeb\u00adnis\u00adse der OFFICE-ROXX-Leser\u00adum\u00adfra\u00ad\u00adge \u201ePri\u00ad\u00adma-B\u00fcro\u00ad\u00adk\u00adli\u00ad\u00adma 2022\u201c (27.09.2022) Viel Luft nach&nbsp;oben Die Ergeb\u00adnis\u00adse der OFFICE-ROXX-Leser\u00adum\u00adfra\u00ad\u00adge \u201ePri\u00ad\u00adma-B\u00fcro\u00ad\u00adk\u00adli\u00ad\u00adma 2021\u201c (28.09.2022) ASR A3.5 [\u2026]<\/p>\n","protected":false},"author":1,"featured_media":0,"parent":0,"menu_order":0,"comment_status":"closed","ping_status":"closed","template":"","meta":{"wp_typography_post_enhancements_disabled":false,"footnotes":""},"tags":[],"class_list":["post-30","page","type-page","status-publish","hentry"],"yoast_head":"<!-- This site is optimized with the Yoast SEO plugin v27.3 - https:\/\/yoast.com\/product\/yoast-seo-wordpress\/ -->\n<title>Informationen - PRIMAB\u00dcROKLIMA<\/title>\n<meta name=\"robots\" content=\"index, follow, max-snippet:-1, max-image-preview:large, max-video-preview:-1\" \/>\n<link rel=\"canonical\" href=\"https:\/\/office-roxx.de\/primabueroklima\/informationen\/\" \/>\n<meta property=\"og:locale\" content=\"de_DE\" \/>\n<meta property=\"og:type\" content=\"article\" \/>\n<meta property=\"og:title\" content=\"Informationen - PRIMAB\u00dcROKLIMA\" \/>\n<meta property=\"og:description\" content=\"Pressemitteilungen Zu warm, zu&nbsp;kalt,&nbsp;\u2026 Ergeb\u00adnis\u00adse der OFFICE-ROXX-Leser\u00adum\u00adfra\u00adge \u201ePri\u00adma B\u00fcro\u00adkli\u00adma 2025\u201c (13.10.2025) Kli\u00adma\u00adwan\u00addel erreicht B\u00fcro Die Ergeb\u00adnis\u00adse der OFFICE-ROXX-Leser\u00adum\u00adfra\u00adge \u201ePri\u00adma-B\u00fcro\u00adkli\u00adma 2024\u201c (08.10.2024) Zu kalt, zu trocken Die Ergeb\u00adnis\u00adse der OFFICE-ROXX-Leser\u00adum\u00adfra\u00adge \u201ePri\u00adma-B\u00fcro\u00adkli\u00adma 2023\u201c (13.07.2023) Die Luft bleibt d\u00fcnn Die Ergeb\u00adnis\u00adse der OFFICE-ROXX-Leser\u00adum\u00adfra\u00adge \u201ePri\u00adma-B\u00fcro\u00adkli\u00adma 2022\u201c (27.09.2022) Viel Luft nach&nbsp;oben Die Ergeb\u00adnis\u00adse der OFFICE-ROXX-Leser\u00adum\u00adfra\u00adge \u201ePri\u00adma-B\u00fcro\u00adkli\u00adma 2021\u201c (28.09.2022) ASR A3.5 [&hellip;]\" \/>\n<meta property=\"og:url\" content=\"https:\/\/office-roxx.de\/primabueroklima\/informationen\/\" \/>\n<meta property=\"og:site_name\" content=\"PRIMAB\u00dcROKLIMA\" \/>\n<meta property=\"article:modified_time\" content=\"2026-03-12T09:30:20+00:00\" \/>\n<meta name=\"twitter:card\" content=\"summary_large_image\" \/>\n<meta name=\"twitter:label1\" content=\"Gesch\u00e4tzte Lesezeit\" \/>\n\t<meta name=\"twitter:data1\" content=\"4\u00a0Minuten\" \/>\n<script type=\"application\/ld+json\" class=\"yoast-schema-graph\">{\"@context\":\"https:\\\/\\\/schema.org\",\"@graph\":[{\"@type\":\"WebPage\",\"@id\":\"https:\\\/\\\/office-roxx.de\\\/primabueroklima\\\/informationen\\\/\",\"url\":\"https:\\\/\\\/office-roxx.de\\\/primabueroklima\\\/informationen\\\/\",\"name\":\"Informationen - PRIMAB\u00dcROKLIMA\",\"isPartOf\":{\"@id\":\"https:\\\/\\\/office-roxx.de\\\/primabueroklima\\\/#website\"},\"datePublished\":\"2020-08-31T12:42:01+00:00\",\"dateModified\":\"2026-03-12T09:30:20+00:00\",\"breadcrumb\":{\"@id\":\"https:\\\/\\\/office-roxx.de\\\/primabueroklima\\\/informationen\\\/#breadcrumb\"},\"inLanguage\":\"de\",\"potentialAction\":[{\"@type\":\"ReadAction\",\"target\":[\"https:\\\/\\\/office-roxx.de\\\/primabueroklima\\\/informationen\\\/\"]}]},{\"@type\":\"BreadcrumbList\",\"@id\":\"https:\\\/\\\/office-roxx.de\\\/primabueroklima\\\/informationen\\\/#breadcrumb\",\"itemListElement\":[{\"@type\":\"ListItem\",\"position\":1,\"name\":\"Startseite\",\"item\":\"https:\\\/\\\/office-roxx.de\\\/primabueroklima\\\/\"},{\"@type\":\"ListItem\",\"position\":2,\"name\":\"Informationen\"}]},{\"@type\":\"WebSite\",\"@id\":\"https:\\\/\\\/office-roxx.de\\\/primabueroklima\\\/#website\",\"url\":\"https:\\\/\\\/office-roxx.de\\\/primabueroklima\\\/\",\"name\":\"PRIMAB\u00dcROKLIMA\",\"description\":\"F\u00fcr eine bessere Luftqualit\u00e4t in Office-Umgebungen\",\"publisher\":{\"@id\":\"https:\\\/\\\/office-roxx.de\\\/primabueroklima\\\/#organization\"},\"potentialAction\":[{\"@type\":\"SearchAction\",\"target\":{\"@type\":\"EntryPoint\",\"urlTemplate\":\"https:\\\/\\\/office-roxx.de\\\/primabueroklima\\\/?s={search_term_string}\"},\"query-input\":{\"@type\":\"PropertyValueSpecification\",\"valueRequired\":true,\"valueName\":\"search_term_string\"}}],\"inLanguage\":\"de\"},{\"@type\":\"Organization\",\"@id\":\"https:\\\/\\\/office-roxx.de\\\/primabueroklima\\\/#organization\",\"name\":\"PRIMAB\u00dcROKLIMA\",\"url\":\"https:\\\/\\\/office-roxx.de\\\/primabueroklima\\\/\",\"logo\":{\"@type\":\"ImageObject\",\"inLanguage\":\"de\",\"@id\":\"https:\\\/\\\/office-roxx.de\\\/primabueroklima\\\/#\\\/schema\\\/logo\\\/image\\\/\",\"url\":\"https:\\\/\\\/office-roxx.de\\\/primabueroklima\\\/wp-content\\\/uploads\\\/2020\\\/09\\\/Prima-Klima-Logo_Farbe_beschn.jpg\",\"contentUrl\":\"https:\\\/\\\/office-roxx.de\\\/primabueroklima\\\/wp-content\\\/uploads\\\/2020\\\/09\\\/Prima-Klima-Logo_Farbe_beschn.jpg\",\"width\":1000,\"height\":675,\"caption\":\"PRIMAB\u00dcROKLIMA\"},\"image\":{\"@id\":\"https:\\\/\\\/office-roxx.de\\\/primabueroklima\\\/#\\\/schema\\\/logo\\\/image\\\/\"}}]}<\/script>\n<!-- \/ Yoast SEO plugin. -->","yoast_head_json":{"title":"Informationen - PRIMAB\u00dcROKLIMA","robots":{"index":"index","follow":"follow","max-snippet":"max-snippet:-1","max-image-preview":"max-image-preview:large","max-video-preview":"max-video-preview:-1"},"canonical":"https:\/\/office-roxx.de\/primabueroklima\/informationen\/","og_locale":"de_DE","og_type":"article","og_title":"Informationen - PRIMAB\u00dcROKLIMA","og_description":"Pressemitteilungen Zu warm, zu&nbsp;kalt,&nbsp;\u2026 Ergeb\u00adnis\u00adse der OFFICE-ROXX-Leser\u00adum\u00adfra\u00adge \u201ePri\u00adma B\u00fcro\u00adkli\u00adma 2025\u201c (13.10.2025) Kli\u00adma\u00adwan\u00addel erreicht B\u00fcro Die Ergeb\u00adnis\u00adse der OFFICE-ROXX-Leser\u00adum\u00adfra\u00adge \u201ePri\u00adma-B\u00fcro\u00adkli\u00adma 2024\u201c (08.10.2024) Zu kalt, zu trocken Die Ergeb\u00adnis\u00adse der OFFICE-ROXX-Leser\u00adum\u00adfra\u00adge \u201ePri\u00adma-B\u00fcro\u00adkli\u00adma 2023\u201c (13.07.2023) Die Luft bleibt d\u00fcnn Die Ergeb\u00adnis\u00adse der OFFICE-ROXX-Leser\u00adum\u00adfra\u00adge \u201ePri\u00adma-B\u00fcro\u00adkli\u00adma 2022\u201c (27.09.2022) Viel Luft nach&nbsp;oben Die Ergeb\u00adnis\u00adse der OFFICE-ROXX-Leser\u00adum\u00adfra\u00adge \u201ePri\u00adma-B\u00fcro\u00adkli\u00adma 2021\u201c (28.09.2022) ASR A3.5 [&hellip;]","og_url":"https:\/\/office-roxx.de\/primabueroklima\/informationen\/","og_site_name":"PRIMAB\u00dcROKLIMA","article_modified_time":"2026-03-12T09:30:20+00:00","twitter_card":"summary_large_image","twitter_misc":{"Gesch\u00e4tzte Lesezeit":"4\u00a0Minuten"},"schema":{"@context":"https:\/\/schema.org","@graph":[{"@type":"WebPage","@id":"https:\/\/office-roxx.de\/primabueroklima\/informationen\/","url":"https:\/\/office-roxx.de\/primabueroklima\/informationen\/","name":"Informationen - PRIMAB\u00dcROKLIMA","isPartOf":{"@id":"https:\/\/office-roxx.de\/primabueroklima\/#website"},"datePublished":"2020-08-31T12:42:01+00:00","dateModified":"2026-03-12T09:30:20+00:00","breadcrumb":{"@id":"https:\/\/office-roxx.de\/primabueroklima\/informationen\/#breadcrumb"},"inLanguage":"de","potentialAction":[{"@type":"ReadAction","target":["https:\/\/office-roxx.de\/primabueroklima\/informationen\/"]}]},{"@type":"BreadcrumbList","@id":"https:\/\/office-roxx.de\/primabueroklima\/informationen\/#breadcrumb","itemListElement":[{"@type":"ListItem","position":1,"name":"Startseite","item":"https:\/\/office-roxx.de\/primabueroklima\/"},{"@type":"ListItem","position":2,"name":"Informationen"}]},{"@type":"WebSite","@id":"https:\/\/office-roxx.de\/primabueroklima\/#website","url":"https:\/\/office-roxx.de\/primabueroklima\/","name":"PRIMAB\u00dcROKLIMA","description":"F\u00fcr eine bessere Luftqualit\u00e4t in Office-Umgebungen","publisher":{"@id":"https:\/\/office-roxx.de\/primabueroklima\/#organization"},"potentialAction":[{"@type":"SearchAction","target":{"@type":"EntryPoint","urlTemplate":"https:\/\/office-roxx.de\/primabueroklima\/?s={search_term_string}"},"query-input":{"@type":"PropertyValueSpecification","valueRequired":true,"valueName":"search_term_string"}}],"inLanguage":"de"},{"@type":"Organization","@id":"https:\/\/office-roxx.de\/primabueroklima\/#organization","name":"PRIMAB\u00dcROKLIMA","url":"https:\/\/office-roxx.de\/primabueroklima\/","logo":{"@type":"ImageObject","inLanguage":"de","@id":"https:\/\/office-roxx.de\/primabueroklima\/#\/schema\/logo\/image\/","url":"https:\/\/office-roxx.de\/primabueroklima\/wp-content\/uploads\/2020\/09\/Prima-Klima-Logo_Farbe_beschn.jpg","contentUrl":"https:\/\/office-roxx.de\/primabueroklima\/wp-content\/uploads\/2020\/09\/Prima-Klima-Logo_Farbe_beschn.jpg","width":1000,"height":675,"caption":"PRIMAB\u00dcROKLIMA"},"image":{"@id":"https:\/\/office-roxx.de\/primabueroklima\/#\/schema\/logo\/image\/"}}]}},"_links":{"self":[{"href":"https:\/\/office-roxx.de\/primabueroklima\/wp-json\/wp\/v2\/pages\/30","targetHints":{"allow":["GET"]}}],"collection":[{"href":"https:\/\/office-roxx.de\/primabueroklima\/wp-json\/wp\/v2\/pages"}],"about":[{"href":"https:\/\/office-roxx.de\/primabueroklima\/wp-json\/wp\/v2\/types\/page"}],"author":[{"embeddable":true,"href":"https:\/\/office-roxx.de\/primabueroklima\/wp-json\/wp\/v2\/users\/1"}],"replies":[{"embeddable":true,"href":"https:\/\/office-roxx.de\/primabueroklima\/wp-json\/wp\/v2\/comments?post=30"}],"version-history":[{"count":46,"href":"https:\/\/office-roxx.de\/primabueroklima\/wp-json\/wp\/v2\/pages\/30\/revisions"}],"predecessor-version":[{"id":2513,"href":"https:\/\/office-roxx.de\/primabueroklima\/wp-json\/wp\/v2\/pages\/30\/revisions\/2513"}],"wp:attachment":[{"href":"https:\/\/office-roxx.de\/primabueroklima\/wp-json\/wp\/v2\/media?parent=30"}],"wp:term":[{"taxonomy":"post_tag","embeddable":true,"href":"https:\/\/office-roxx.de\/primabueroklima\/wp-json\/wp\/v2\/tags?post=30"}],"curies":[{"name":"wp","href":"https:\/\/api.w.org\/{rel}","templated":true}]}}