{"id":281,"date":"2020-09-16T15:10:25","date_gmt":"2020-09-16T13:10:25","guid":{"rendered":"https:\/\/office-roxx.de\/primabueroklima\/?page_id=281"},"modified":"2021-03-23T11:45:24","modified_gmt":"2021-03-23T10:45:24","slug":"office-dealzz","status":"publish","type":"page","link":"https:\/\/office-roxx.de\/primabueroklima\/office-dealzz\/","title":{"rendered":"OFFICE DEALZZ"},"content":{"rendered":"<p>Der B\u00fcro\u00adwirt\u00adschafts\u00adblog <a href=\"http:\/\/office-dealzz.de\/\" target=\"_blank\" rel=\"noopener noreferrer\">OFFICE DEALZZ<\/a> rich\u00adtet sich an Indus\u00adtrie und Han\u00addel. Der \u201eHub f\u00fcr Her\u00adstel\u00adler und H\u00e4nd\u00adler\u201c ver\u00adsteht sich als Br\u00fc\u00adcke zwi\u00adschen Pro\u00addu\u00adzen\u00adten und Ver\u00adk\u00e4u\u00adfern in der B\u00fcrowirtschaft.<!--more--><\/p>\n<p>Her\u00adstel\u00adler und H\u00e4nd\u00adler erfah\u00adren hier von\u00adein\u00adan\u00adder, von ihrer Exis\u00adtenz, ihrem Pro\u00adfil und ihrer Ent\u00adwick\u00adlung. Rele\u00advan\u00adte Unter\u00adneh\u00admen sind in Adress\u00adver\u00adzeich\u00adnis\u00adsen the\u00adma\u00adtisch gelis\u00adtet und ver\u00adlinkt. Auf Micro\u00adsi\u00adtes wer\u00adden aus\u00adf\u00fchr\u00adli\u00adche Fir\u00admen\u00adpro\u00adfi\u00adle pr\u00e4\u00adsen\u00adtiert. Por\u00adtr\u00e4\u00adtiert und the\u00adma\u00adtisch geord\u00adnet sind auch Mes\u00adsen, Ver\u00adb\u00e4n\u00adde, Initia\u00adti\u00adven sowie aus\u00adzeich\u00adnen\u00adde, for\u00adschen\u00adde, zer\u00adti\u00adfi\u00adzie\u00adren\u00adde und nor\u00admen\u00adde Insti\u00adtu\u00adtio\u00adnen. Die Redak\u00adti\u00adon infor\u00admiert tages\u00adak\u00adtu\u00adell \u2013 in Form von Mel\u00addun\u00adgen, Inter\u00adviews, Markt\u00ad\u00fcber\u00adsich\u00adten, Mes\u00adse- und Test\u00adbe\u00adrich\u00adten. OFFICE DEALZZ ist&nbsp;Medi\u00aden\u00adpart\u00adner der Akti\u00adon PrimaB\u00fcroKlima.<\/p>\n<p><img loading=\"lazy\" decoding=\"async\" class=\"alignnone wp-image-744\" src=\"https:\/\/office-roxx.de\/primabueroklima\/wp-content\/uploads\/2021\/03\/Logo_RGB_DEALZZ_klein.jpg\" alt=\"OFFICE DEALZZ Der B\u00fctowirtschaftsblog\" width=\"311\" height=\"93\" srcset=\"https:\/\/office-roxx.de\/primabueroklima\/wp-content\/uploads\/2021\/03\/Logo_RGB_DEALZZ_klein.jpg 591w, https:\/\/office-roxx.de\/primabueroklima\/wp-content\/uploads\/2021\/03\/Logo_RGB_DEALZZ_klein-300x90.jpg 300w\" sizes=\"auto, (max-width: 311px) 100vw, 311px\"><\/p>\n<p><strong>c\/o<br>\nPRIMA VIER&nbsp;<\/strong><strong>Neh\u00adring Ver\u00adlag&nbsp;GmbH<\/strong><br>\nGus\u00adtav-Frey\u00adtag-Stra\u00ad\u00dfe&nbsp;7<br>\n10827 Berlin<br>\nTel.: 030 479071-0<br>\n<a href=\"mailto:redaktion@office-dealzz.de\" target=\"_blank\" rel=\"noopener noreferrer\">redaktion@OFFICE-DEALZZ.DE<\/a><br>\n<a href=\"https:\/\/office-dealzz.office-roxx.de\/\" target=\"_blank\" rel=\"noopener noreferrer\">OFFICE-DEALZZ.DE<\/a><\/p>\n","protected":false},"excerpt":{"rendered":"<p>Der B\u00fcro\u00adwirt\u00adschafts\u00adblog OFFICE DEALZZ rich\u00adtet sich an Indus\u00adtrie und Han\u00addel. Der \u201eHub f\u00fcr Her\u00adstel\u00adler und H\u00e4nd\u00adler\u201c ver\u00adsteht sich als Br\u00fc\u00adcke zwi\u00adschen Pro\u00addu\u00adzen\u00adten und Ver\u00adk\u00e4u\u00adfern in der B\u00fcrowirtschaft.<\/p>\n","protected":false},"author":1,"featured_media":0,"parent":0,"menu_order":0,"comment_status":"closed","ping_status":"closed","template":"","meta":{"wp_typography_post_enhancements_disabled":false,"footnotes":""},"tags":[],"class_list":["post-281","page","type-page","status-publish","hentry"],"yoast_head":"<!-- This site is optimized with the Yoast SEO plugin v27.3 - https:\/\/yoast.com\/product\/yoast-seo-wordpress\/ -->\n<title>OFFICE DEALZZ - PRIMAB\u00dcROKLIMA<\/title>\n<meta name=\"robots\" content=\"index, follow, max-snippet:-1, max-image-preview:large, max-video-preview:-1\" \/>\n<link rel=\"canonical\" href=\"https:\/\/office-roxx.de\/primabueroklima\/office-dealzz\/\" \/>\n<meta property=\"og:locale\" content=\"de_DE\" \/>\n<meta property=\"og:type\" content=\"article\" \/>\n<meta property=\"og:title\" content=\"OFFICE DEALZZ - PRIMAB\u00dcROKLIMA\" \/>\n<meta property=\"og:description\" content=\"Der B\u00fcro\u00adwirt\u00adschafts\u00adblog OFFICE DEALZZ rich\u00adtet sich an Indus\u00adtrie und Han\u00addel. Der \u201eHub f\u00fcr Her\u00adstel\u00adler und H\u00e4nd\u00adler\u201c ver\u00adsteht sich als Br\u00fc\u00adcke zwi\u00adschen Pro\u00addu\u00adzen\u00adten und Ver\u00adk\u00e4u\u00adfern in der B\u00fcrowirtschaft.\" \/>\n<meta property=\"og:url\" content=\"https:\/\/office-roxx.de\/primabueroklima\/office-dealzz\/\" \/>\n<meta property=\"og:site_name\" content=\"PRIMAB\u00dcROKLIMA\" \/>\n<meta property=\"article:modified_time\" content=\"2021-03-23T10:45:24+00:00\" \/>\n<meta property=\"og:image\" content=\"https:\/\/office-roxx.de\/primabueroklima\/wp-content\/uploads\/2021\/03\/Logo_RGB_DEALZZ_klein.jpg\" \/>\n<meta name=\"twitter:card\" content=\"summary_large_image\" \/>\n<meta name=\"twitter:label1\" content=\"Gesch\u00e4tzte Lesezeit\" \/>\n\t<meta name=\"twitter:data1\" content=\"1\u00a0Minute\" \/>\n<script type=\"application\/ld+json\" class=\"yoast-schema-graph\">{\"@context\":\"https:\\\/\\\/schema.org\",\"@graph\":[{\"@type\":\"WebPage\",\"@id\":\"https:\\\/\\\/office-roxx.de\\\/primabueroklima\\\/office-dealzz\\\/\",\"url\":\"https:\\\/\\\/office-roxx.de\\\/primabueroklima\\\/office-dealzz\\\/\",\"name\":\"OFFICE DEALZZ - PRIMAB\u00dcROKLIMA\",\"isPartOf\":{\"@id\":\"https:\\\/\\\/office-roxx.de\\\/primabueroklima\\\/#website\"},\"primaryImageOfPage\":{\"@id\":\"https:\\\/\\\/office-roxx.de\\\/primabueroklima\\\/office-dealzz\\\/#primaryimage\"},\"image\":{\"@id\":\"https:\\\/\\\/office-roxx.de\\\/primabueroklima\\\/office-dealzz\\\/#primaryimage\"},\"thumbnailUrl\":\"https:\\\/\\\/office-roxx.de\\\/primabueroklima\\\/wp-content\\\/uploads\\\/2021\\\/03\\\/Logo_RGB_DEALZZ_klein.jpg\",\"datePublished\":\"2020-09-16T13:10:25+00:00\",\"dateModified\":\"2021-03-23T10:45:24+00:00\",\"breadcrumb\":{\"@id\":\"https:\\\/\\\/office-roxx.de\\\/primabueroklima\\\/office-dealzz\\\/#breadcrumb\"},\"inLanguage\":\"de\",\"potentialAction\":[{\"@type\":\"ReadAction\",\"target\":[\"https:\\\/\\\/office-roxx.de\\\/primabueroklima\\\/office-dealzz\\\/\"]}]},{\"@type\":\"ImageObject\",\"inLanguage\":\"de\",\"@id\":\"https:\\\/\\\/office-roxx.de\\\/primabueroklima\\\/office-dealzz\\\/#primaryimage\",\"url\":\"https:\\\/\\\/office-roxx.de\\\/primabueroklima\\\/wp-content\\\/uploads\\\/2021\\\/03\\\/Logo_RGB_DEALZZ_klein.jpg\",\"contentUrl\":\"https:\\\/\\\/office-roxx.de\\\/primabueroklima\\\/wp-content\\\/uploads\\\/2021\\\/03\\\/Logo_RGB_DEALZZ_klein.jpg\",\"width\":591,\"height\":177,\"caption\":\"OFFICE DEALZZ Der B\u00fctowirtschaftsblog\"},{\"@type\":\"BreadcrumbList\",\"@id\":\"https:\\\/\\\/office-roxx.de\\\/primabueroklima\\\/office-dealzz\\\/#breadcrumb\",\"itemListElement\":[{\"@type\":\"ListItem\",\"position\":1,\"name\":\"Startseite\",\"item\":\"https:\\\/\\\/office-roxx.de\\\/primabueroklima\\\/\"},{\"@type\":\"ListItem\",\"position\":2,\"name\":\"OFFICE DEALZZ\"}]},{\"@type\":\"WebSite\",\"@id\":\"https:\\\/\\\/office-roxx.de\\\/primabueroklima\\\/#website\",\"url\":\"https:\\\/\\\/office-roxx.de\\\/primabueroklima\\\/\",\"name\":\"PRIMAB\u00dcROKLIMA\",\"description\":\"F\u00fcr eine bessere Luftqualit\u00e4t in Office-Umgebungen\",\"publisher\":{\"@id\":\"https:\\\/\\\/office-roxx.de\\\/primabueroklima\\\/#organization\"},\"potentialAction\":[{\"@type\":\"SearchAction\",\"target\":{\"@type\":\"EntryPoint\",\"urlTemplate\":\"https:\\\/\\\/office-roxx.de\\\/primabueroklima\\\/?s={search_term_string}\"},\"query-input\":{\"@type\":\"PropertyValueSpecification\",\"valueRequired\":true,\"valueName\":\"search_term_string\"}}],\"inLanguage\":\"de\"},{\"@type\":\"Organization\",\"@id\":\"https:\\\/\\\/office-roxx.de\\\/primabueroklima\\\/#organization\",\"name\":\"PRIMAB\u00dcROKLIMA\",\"url\":\"https:\\\/\\\/office-roxx.de\\\/primabueroklima\\\/\",\"logo\":{\"@type\":\"ImageObject\",\"inLanguage\":\"de\",\"@id\":\"https:\\\/\\\/office-roxx.de\\\/primabueroklima\\\/#\\\/schema\\\/logo\\\/image\\\/\",\"url\":\"https:\\\/\\\/office-roxx.de\\\/primabueroklima\\\/wp-content\\\/uploads\\\/2020\\\/09\\\/Prima-Klima-Logo_Farbe_beschn.jpg\",\"contentUrl\":\"https:\\\/\\\/office-roxx.de\\\/primabueroklima\\\/wp-content\\\/uploads\\\/2020\\\/09\\\/Prima-Klima-Logo_Farbe_beschn.jpg\",\"width\":1000,\"height\":675,\"caption\":\"PRIMAB\u00dcROKLIMA\"},\"image\":{\"@id\":\"https:\\\/\\\/office-roxx.de\\\/primabueroklima\\\/#\\\/schema\\\/logo\\\/image\\\/\"}}]}<\/script>\n<!-- \/ Yoast SEO plugin. -->","yoast_head_json":{"title":"OFFICE DEALZZ - PRIMAB\u00dcROKLIMA","robots":{"index":"index","follow":"follow","max-snippet":"max-snippet:-1","max-image-preview":"max-image-preview:large","max-video-preview":"max-video-preview:-1"},"canonical":"https:\/\/office-roxx.de\/primabueroklima\/office-dealzz\/","og_locale":"de_DE","og_type":"article","og_title":"OFFICE DEALZZ - PRIMAB\u00dcROKLIMA","og_description":"Der B\u00fcro\u00adwirt\u00adschafts\u00adblog OFFICE DEALZZ rich\u00adtet sich an Indus\u00adtrie und Han\u00addel. Der \u201eHub f\u00fcr Her\u00adstel\u00adler und H\u00e4nd\u00adler\u201c ver\u00adsteht sich als Br\u00fc\u00adcke zwi\u00adschen Pro\u00addu\u00adzen\u00adten und Ver\u00adk\u00e4u\u00adfern in der B\u00fcrowirtschaft.","og_url":"https:\/\/office-roxx.de\/primabueroklima\/office-dealzz\/","og_site_name":"PRIMAB\u00dcROKLIMA","article_modified_time":"2021-03-23T10:45:24+00:00","og_image":[{"url":"https:\/\/office-roxx.de\/primabueroklima\/wp-content\/uploads\/2021\/03\/Logo_RGB_DEALZZ_klein.jpg","type":"","width":"","height":""}],"twitter_card":"summary_large_image","twitter_misc":{"Gesch\u00e4tzte Lesezeit":"1\u00a0Minute"},"schema":{"@context":"https:\/\/schema.org","@graph":[{"@type":"WebPage","@id":"https:\/\/office-roxx.de\/primabueroklima\/office-dealzz\/","url":"https:\/\/office-roxx.de\/primabueroklima\/office-dealzz\/","name":"OFFICE DEALZZ - PRIMAB\u00dcROKLIMA","isPartOf":{"@id":"https:\/\/office-roxx.de\/primabueroklima\/#website"},"primaryImageOfPage":{"@id":"https:\/\/office-roxx.de\/primabueroklima\/office-dealzz\/#primaryimage"},"image":{"@id":"https:\/\/office-roxx.de\/primabueroklima\/office-dealzz\/#primaryimage"},"thumbnailUrl":"https:\/\/office-roxx.de\/primabueroklima\/wp-content\/uploads\/2021\/03\/Logo_RGB_DEALZZ_klein.jpg","datePublished":"2020-09-16T13:10:25+00:00","dateModified":"2021-03-23T10:45:24+00:00","breadcrumb":{"@id":"https:\/\/office-roxx.de\/primabueroklima\/office-dealzz\/#breadcrumb"},"inLanguage":"de","potentialAction":[{"@type":"ReadAction","target":["https:\/\/office-roxx.de\/primabueroklima\/office-dealzz\/"]}]},{"@type":"ImageObject","inLanguage":"de","@id":"https:\/\/office-roxx.de\/primabueroklima\/office-dealzz\/#primaryimage","url":"https:\/\/office-roxx.de\/primabueroklima\/wp-content\/uploads\/2021\/03\/Logo_RGB_DEALZZ_klein.jpg","contentUrl":"https:\/\/office-roxx.de\/primabueroklima\/wp-content\/uploads\/2021\/03\/Logo_RGB_DEALZZ_klein.jpg","width":591,"height":177,"caption":"OFFICE DEALZZ Der B\u00fctowirtschaftsblog"},{"@type":"BreadcrumbList","@id":"https:\/\/office-roxx.de\/primabueroklima\/office-dealzz\/#breadcrumb","itemListElement":[{"@type":"ListItem","position":1,"name":"Startseite","item":"https:\/\/office-roxx.de\/primabueroklima\/"},{"@type":"ListItem","position":2,"name":"OFFICE DEALZZ"}]},{"@type":"WebSite","@id":"https:\/\/office-roxx.de\/primabueroklima\/#website","url":"https:\/\/office-roxx.de\/primabueroklima\/","name":"PRIMAB\u00dcROKLIMA","description":"F\u00fcr eine bessere Luftqualit\u00e4t in Office-Umgebungen","publisher":{"@id":"https:\/\/office-roxx.de\/primabueroklima\/#organization"},"potentialAction":[{"@type":"SearchAction","target":{"@type":"EntryPoint","urlTemplate":"https:\/\/office-roxx.de\/primabueroklima\/?s={search_term_string}"},"query-input":{"@type":"PropertyValueSpecification","valueRequired":true,"valueName":"search_term_string"}}],"inLanguage":"de"},{"@type":"Organization","@id":"https:\/\/office-roxx.de\/primabueroklima\/#organization","name":"PRIMAB\u00dcROKLIMA","url":"https:\/\/office-roxx.de\/primabueroklima\/","logo":{"@type":"ImageObject","inLanguage":"de","@id":"https:\/\/office-roxx.de\/primabueroklima\/#\/schema\/logo\/image\/","url":"https:\/\/office-roxx.de\/primabueroklima\/wp-content\/uploads\/2020\/09\/Prima-Klima-Logo_Farbe_beschn.jpg","contentUrl":"https:\/\/office-roxx.de\/primabueroklima\/wp-content\/uploads\/2020\/09\/Prima-Klima-Logo_Farbe_beschn.jpg","width":1000,"height":675,"caption":"PRIMAB\u00dcROKLIMA"},"image":{"@id":"https:\/\/office-roxx.de\/primabueroklima\/#\/schema\/logo\/image\/"}}]}},"_links":{"self":[{"href":"https:\/\/office-roxx.de\/primabueroklima\/wp-json\/wp\/v2\/pages\/281","targetHints":{"allow":["GET"]}}],"collection":[{"href":"https:\/\/office-roxx.de\/primabueroklima\/wp-json\/wp\/v2\/pages"}],"about":[{"href":"https:\/\/office-roxx.de\/primabueroklima\/wp-json\/wp\/v2\/types\/page"}],"author":[{"embeddable":true,"href":"https:\/\/office-roxx.de\/primabueroklima\/wp-json\/wp\/v2\/users\/1"}],"replies":[{"embeddable":true,"href":"https:\/\/office-roxx.de\/primabueroklima\/wp-json\/wp\/v2\/comments?post=281"}],"version-history":[{"count":10,"href":"https:\/\/office-roxx.de\/primabueroklima\/wp-json\/wp\/v2\/pages\/281\/revisions"}],"predecessor-version":[{"id":768,"href":"https:\/\/office-roxx.de\/primabueroklima\/wp-json\/wp\/v2\/pages\/281\/revisions\/768"}],"wp:attachment":[{"href":"https:\/\/office-roxx.de\/primabueroklima\/wp-json\/wp\/v2\/media?parent=281"}],"wp:term":[{"taxonomy":"post_tag","embeddable":true,"href":"https:\/\/office-roxx.de\/primabueroklima\/wp-json\/wp\/v2\/tags?post=281"}],"curies":[{"name":"wp","href":"https:\/\/api.w.org\/{rel}","templated":true}]}}