{"id":273,"date":"2020-09-16T14:58:20","date_gmt":"2020-09-16T12:58:20","guid":{"rendered":"https:\/\/office-roxx.de\/primabueroklima\/?page_id=273"},"modified":"2020-11-06T11:59:53","modified_gmt":"2020-11-06T10:59:53","slug":"meineraumluft","status":"publish","type":"page","link":"https:\/\/office-roxx.de\/primabueroklima\/meineraumluft\/","title":{"rendered":"MeineRaumluft"},"content":{"rendered":"<p>Die unab\u00adh\u00e4n\u00adgi\u00adge Platt\u00adt\u00adform hat das Ziel, die \u00d6ffent\u00adlich\u00adkeit und Unter\u00adneh\u00admen in allen Fra\u00adgen rund um das The\u00adma \u201eGesun\u00addes Raum\u00adkli\u00adma\u201c zu sen\u00adsi\u00adbi\u00adli\u00adsie\u00adren und zu einer inhalt\u00adli\u00adchen Aus\u00adein\u00adan\u00adder\u00adset\u00adzung anzu\u00adre\u00adgen. Vor\u00adwie\u00adgend \u00fcber den Schwer\u00adpunkt Raum\u00adkli\u00adma als Gesund\u00adheits\u00adfak\u00adtor im Schul-, Wohn- und Arbeits\u00adraum. In \u00d6ster\u00adreich besteht die Platt\u00adform seit 2011, in der Schweiz seit&nbsp;2016.<\/p>\n<p><!--more--><\/p>\n<h2><img loading=\"lazy\" decoding=\"async\" class=\"aligncenter wp-image-507\" src=\"https:\/\/office-roxx.de\/primabueroklima\/wp-content\/uploads\/2020\/11\/IMG_5183.jpg\" alt=\"MeineRaumluft.at\" width=\"760\" height=\"570\" srcset=\"https:\/\/office-roxx.de\/primabueroklima\/wp-content\/uploads\/2020\/11\/IMG_5183.jpg 1000w, https:\/\/office-roxx.de\/primabueroklima\/wp-content\/uploads\/2020\/11\/IMG_5183-300x225.jpg 300w, https:\/\/office-roxx.de\/primabueroklima\/wp-content\/uploads\/2020\/11\/IMG_5183-768x576.jpg 768w\" sizes=\"auto, (max-width: 760px) 100vw, 760px\"><\/h2>\n<h2>Gemeinsam aktiv<\/h2>\n<p>Mit einer Viel\u00adzahl an Akti\u00advi\u00adt\u00e4\u00adten, Medi\u00aden\u00adar\u00adbeit und dem j\u00e4hr\u00adli\u00adchen Indoor\u00adAir-Sum\u00admit wird auch die M\u00f6g\u00adlich\u00adkeit zum Aus\u00adtausch zwi\u00adschen Exper\u00adten aus Wis\u00adsen\u00adschaft, Bau\u00adkun\u00adde, Tech\u00adnik und dem Gesund\u00adheits\u00adsek\u00adtor gef\u00f6r\u00addert. Die Platt\u00adform \u201eMei\u00adne\u00adRaum\u00adluft\u201c wird von Wis\u00adsen\u00adschaft, Insti\u00adtu\u00adtio\u00adnen mit Bezug zum The\u00adma Raum\u00adluft\/-kli\u00adma, For\u00adschungs\u00adein\u00adrich\u00adtun\u00adgen und Wirt\u00adschafts\u00adun\u00adter\u00adneh\u00admen unterst\u00fctzt.<\/p>\n<p>In Deutsch\u00adland ist der Markt\u00adein\u00adtritt von Mei\u00adne\u00adRaum\u00adluft 2021, erg\u00e4n\u00adzend zur Akti\u00adon Pri\u00adma\u00adB\u00fc\u00adro\u00adKli\u00adma geplant. Wen\u00adden Sie sich gern an uns bei Inter\u00ades\u00adse an einer Pro\u00adjekt\u00adko\u00adope\u00adra\u00adti\u00adon, ope\u00adra\u00adti\u00adver Unter\u00adst\u00fct\u00adzung oder einer Gr\u00fcn\u00addungs\u00adpart\u00adner\u00adschaft als Unternehmen.<\/p>\n<hr>\n<p><img loading=\"lazy\" decoding=\"async\" class=\"alignnone wp-image-275\" src=\"https:\/\/office-roxx.de\/primabueroklima\/wp-content\/uploads\/2020\/09\/mr-logo-neutral.jpg\" alt width=\"421\" height=\"72\" srcset=\"https:\/\/office-roxx.de\/primabueroklima\/wp-content\/uploads\/2020\/09\/mr-logo-neutral.jpg 1000w, https:\/\/office-roxx.de\/primabueroklima\/wp-content\/uploads\/2020\/09\/mr-logo-neutral-300x51.jpg 300w, https:\/\/office-roxx.de\/primabueroklima\/wp-content\/uploads\/2020\/09\/mr-logo-neutral-768x131.jpg 768w\" sizes=\"auto, (max-width: 421px) 100vw, 421px\"><\/p>\n<p><strong>Mei\u00adne\u00adRaum\u00adluft D-A-CH<\/strong><\/p>\n<p>Peter Ska\u00adla, Ini\u00adti\u00adta\u00adtor, Sprecher<br>\n<a href=\"mailto:office@meineraumluft.at\">office@meineraumluft.at<\/a><br>\n<a href=\"http:\/\/www.meineraumluft.at\/\">Mei\u00adne\u00adRaum\u00adluft \u00d6sterreich<\/a><br>\n<a href=\"http:\/\/www.meineraumluft.ch\/\">Mei\u00adne\u00adRaum\u00adluft Schweiz<\/a><\/p>\n<p>&nbsp;<\/p>\n","protected":false},"excerpt":{"rendered":"<p>Die unab\u00adh\u00e4n\u00adgi\u00adge Platt\u00adt\u00adform hat das Ziel, die \u00d6ffent\u00adlich\u00adkeit und Unter\u00adneh\u00admen in allen Fra\u00adgen rund um das The\u00adma \u201eGesun\u00addes Raum\u00adkli\u00adma\u201c zu sen\u00adsi\u00adbi\u00adli\u00adsie\u00adren und zu einer inhalt\u00adli\u00adchen Aus\u00adein\u00adan\u00adder\u00adset\u00adzung anzu\u00adre\u00adgen. Vor\u00adwie\u00adgend \u00fcber den Schwer\u00adpunkt Raum\u00adkli\u00adma als Gesund\u00adheits\u00adfak\u00adtor im Schul-, Wohn- und Arbeits\u00adraum. In \u00d6ster\u00adreich besteht die Platt\u00adform seit 2011, in der Schweiz seit&nbsp;2016.<\/p>\n","protected":false},"author":1,"featured_media":0,"parent":0,"menu_order":0,"comment_status":"closed","ping_status":"closed","template":"","meta":{"wp_typography_post_enhancements_disabled":false,"footnotes":""},"tags":[],"class_list":["post-273","page","type-page","status-publish","hentry"],"yoast_head":"<!-- This site is optimized with the Yoast SEO plugin v27.3 - https:\/\/yoast.com\/product\/yoast-seo-wordpress\/ -->\n<title>MeineRaumluft - PRIMAB\u00dcROKLIMA<\/title>\n<meta name=\"robots\" content=\"index, follow, max-snippet:-1, max-image-preview:large, max-video-preview:-1\" \/>\n<link rel=\"canonical\" href=\"https:\/\/office-roxx.de\/primabueroklima\/meineraumluft\/\" \/>\n<meta property=\"og:locale\" content=\"de_DE\" \/>\n<meta property=\"og:type\" content=\"article\" \/>\n<meta property=\"og:title\" content=\"MeineRaumluft - PRIMAB\u00dcROKLIMA\" \/>\n<meta property=\"og:description\" content=\"Die unab\u00adh\u00e4n\u00adgi\u00adge Platt\u00adt\u00adform hat das Ziel, die \u00d6ffent\u00adlich\u00adkeit und Unter\u00adneh\u00admen in allen Fra\u00adgen rund um das The\u00adma \u201eGesun\u00addes Raum\u00adkli\u00adma\u201c zu sen\u00adsi\u00adbi\u00adli\u00adsie\u00adren und zu einer inhalt\u00adli\u00adchen Aus\u00adein\u00adan\u00adder\u00adset\u00adzung anzu\u00adre\u00adgen. Vor\u00adwie\u00adgend \u00fcber den Schwer\u00adpunkt Raum\u00adkli\u00adma als Gesund\u00adheits\u00adfak\u00adtor im Schul-, Wohn- und Arbeits\u00adraum. In \u00d6ster\u00adreich besteht die Platt\u00adform seit 2011, in der Schweiz seit&nbsp;2016.\" \/>\n<meta property=\"og:url\" content=\"https:\/\/office-roxx.de\/primabueroklima\/meineraumluft\/\" \/>\n<meta property=\"og:site_name\" content=\"PRIMAB\u00dcROKLIMA\" \/>\n<meta property=\"article:modified_time\" content=\"2020-11-06T10:59:53+00:00\" \/>\n<meta property=\"og:image\" content=\"https:\/\/office-roxx.de\/primabueroklima\/wp-content\/uploads\/2020\/11\/IMG_5183.jpg\" \/>\n<meta name=\"twitter:card\" content=\"summary_large_image\" \/>\n<meta name=\"twitter:label1\" content=\"Gesch\u00e4tzte Lesezeit\" \/>\n\t<meta name=\"twitter:data1\" content=\"1\u00a0Minute\" \/>\n<script type=\"application\/ld+json\" class=\"yoast-schema-graph\">{\"@context\":\"https:\\\/\\\/schema.org\",\"@graph\":[{\"@type\":\"WebPage\",\"@id\":\"https:\\\/\\\/office-roxx.de\\\/primabueroklima\\\/meineraumluft\\\/\",\"url\":\"https:\\\/\\\/office-roxx.de\\\/primabueroklima\\\/meineraumluft\\\/\",\"name\":\"MeineRaumluft - PRIMAB\u00dcROKLIMA\",\"isPartOf\":{\"@id\":\"https:\\\/\\\/office-roxx.de\\\/primabueroklima\\\/#website\"},\"primaryImageOfPage\":{\"@id\":\"https:\\\/\\\/office-roxx.de\\\/primabueroklima\\\/meineraumluft\\\/#primaryimage\"},\"image\":{\"@id\":\"https:\\\/\\\/office-roxx.de\\\/primabueroklima\\\/meineraumluft\\\/#primaryimage\"},\"thumbnailUrl\":\"https:\\\/\\\/office-roxx.de\\\/primabueroklima\\\/wp-content\\\/uploads\\\/2020\\\/11\\\/IMG_5183.jpg\",\"datePublished\":\"2020-09-16T12:58:20+00:00\",\"dateModified\":\"2020-11-06T10:59:53+00:00\",\"breadcrumb\":{\"@id\":\"https:\\\/\\\/office-roxx.de\\\/primabueroklima\\\/meineraumluft\\\/#breadcrumb\"},\"inLanguage\":\"de\",\"potentialAction\":[{\"@type\":\"ReadAction\",\"target\":[\"https:\\\/\\\/office-roxx.de\\\/primabueroklima\\\/meineraumluft\\\/\"]}]},{\"@type\":\"ImageObject\",\"inLanguage\":\"de\",\"@id\":\"https:\\\/\\\/office-roxx.de\\\/primabueroklima\\\/meineraumluft\\\/#primaryimage\",\"url\":\"https:\\\/\\\/office-roxx.de\\\/primabueroklima\\\/wp-content\\\/uploads\\\/2020\\\/11\\\/IMG_5183.jpg\",\"contentUrl\":\"https:\\\/\\\/office-roxx.de\\\/primabueroklima\\\/wp-content\\\/uploads\\\/2020\\\/11\\\/IMG_5183.jpg\",\"width\":1000,\"height\":750,\"caption\":\"Peter Skala Profil\"},{\"@type\":\"BreadcrumbList\",\"@id\":\"https:\\\/\\\/office-roxx.de\\\/primabueroklima\\\/meineraumluft\\\/#breadcrumb\",\"itemListElement\":[{\"@type\":\"ListItem\",\"position\":1,\"name\":\"Startseite\",\"item\":\"https:\\\/\\\/office-roxx.de\\\/primabueroklima\\\/\"},{\"@type\":\"ListItem\",\"position\":2,\"name\":\"MeineRaumluft\"}]},{\"@type\":\"WebSite\",\"@id\":\"https:\\\/\\\/office-roxx.de\\\/primabueroklima\\\/#website\",\"url\":\"https:\\\/\\\/office-roxx.de\\\/primabueroklima\\\/\",\"name\":\"PRIMAB\u00dcROKLIMA\",\"description\":\"F\u00fcr eine bessere Luftqualit\u00e4t in Office-Umgebungen\",\"publisher\":{\"@id\":\"https:\\\/\\\/office-roxx.de\\\/primabueroklima\\\/#organization\"},\"potentialAction\":[{\"@type\":\"SearchAction\",\"target\":{\"@type\":\"EntryPoint\",\"urlTemplate\":\"https:\\\/\\\/office-roxx.de\\\/primabueroklima\\\/?s={search_term_string}\"},\"query-input\":{\"@type\":\"PropertyValueSpecification\",\"valueRequired\":true,\"valueName\":\"search_term_string\"}}],\"inLanguage\":\"de\"},{\"@type\":\"Organization\",\"@id\":\"https:\\\/\\\/office-roxx.de\\\/primabueroklima\\\/#organization\",\"name\":\"PRIMAB\u00dcROKLIMA\",\"url\":\"https:\\\/\\\/office-roxx.de\\\/primabueroklima\\\/\",\"logo\":{\"@type\":\"ImageObject\",\"inLanguage\":\"de\",\"@id\":\"https:\\\/\\\/office-roxx.de\\\/primabueroklima\\\/#\\\/schema\\\/logo\\\/image\\\/\",\"url\":\"https:\\\/\\\/office-roxx.de\\\/primabueroklima\\\/wp-content\\\/uploads\\\/2020\\\/09\\\/Prima-Klima-Logo_Farbe_beschn.jpg\",\"contentUrl\":\"https:\\\/\\\/office-roxx.de\\\/primabueroklima\\\/wp-content\\\/uploads\\\/2020\\\/09\\\/Prima-Klima-Logo_Farbe_beschn.jpg\",\"width\":1000,\"height\":675,\"caption\":\"PRIMAB\u00dcROKLIMA\"},\"image\":{\"@id\":\"https:\\\/\\\/office-roxx.de\\\/primabueroklima\\\/#\\\/schema\\\/logo\\\/image\\\/\"}}]}<\/script>\n<!-- \/ Yoast SEO plugin. -->","yoast_head_json":{"title":"MeineRaumluft - PRIMAB\u00dcROKLIMA","robots":{"index":"index","follow":"follow","max-snippet":"max-snippet:-1","max-image-preview":"max-image-preview:large","max-video-preview":"max-video-preview:-1"},"canonical":"https:\/\/office-roxx.de\/primabueroklima\/meineraumluft\/","og_locale":"de_DE","og_type":"article","og_title":"MeineRaumluft - PRIMAB\u00dcROKLIMA","og_description":"Die unab\u00adh\u00e4n\u00adgi\u00adge Platt\u00adt\u00adform hat das Ziel, die \u00d6ffent\u00adlich\u00adkeit und Unter\u00adneh\u00admen in allen Fra\u00adgen rund um das The\u00adma \u201eGesun\u00addes Raum\u00adkli\u00adma\u201c zu sen\u00adsi\u00adbi\u00adli\u00adsie\u00adren und zu einer inhalt\u00adli\u00adchen Aus\u00adein\u00adan\u00adder\u00adset\u00adzung anzu\u00adre\u00adgen. Vor\u00adwie\u00adgend \u00fcber den Schwer\u00adpunkt Raum\u00adkli\u00adma als Gesund\u00adheits\u00adfak\u00adtor im Schul-, Wohn- und Arbeits\u00adraum. In \u00d6ster\u00adreich besteht die Platt\u00adform seit 2011, in der Schweiz seit&nbsp;2016.","og_url":"https:\/\/office-roxx.de\/primabueroklima\/meineraumluft\/","og_site_name":"PRIMAB\u00dcROKLIMA","article_modified_time":"2020-11-06T10:59:53+00:00","og_image":[{"url":"https:\/\/office-roxx.de\/primabueroklima\/wp-content\/uploads\/2020\/11\/IMG_5183.jpg","type":"","width":"","height":""}],"twitter_card":"summary_large_image","twitter_misc":{"Gesch\u00e4tzte Lesezeit":"1\u00a0Minute"},"schema":{"@context":"https:\/\/schema.org","@graph":[{"@type":"WebPage","@id":"https:\/\/office-roxx.de\/primabueroklima\/meineraumluft\/","url":"https:\/\/office-roxx.de\/primabueroklima\/meineraumluft\/","name":"MeineRaumluft - PRIMAB\u00dcROKLIMA","isPartOf":{"@id":"https:\/\/office-roxx.de\/primabueroklima\/#website"},"primaryImageOfPage":{"@id":"https:\/\/office-roxx.de\/primabueroklima\/meineraumluft\/#primaryimage"},"image":{"@id":"https:\/\/office-roxx.de\/primabueroklima\/meineraumluft\/#primaryimage"},"thumbnailUrl":"https:\/\/office-roxx.de\/primabueroklima\/wp-content\/uploads\/2020\/11\/IMG_5183.jpg","datePublished":"2020-09-16T12:58:20+00:00","dateModified":"2020-11-06T10:59:53+00:00","breadcrumb":{"@id":"https:\/\/office-roxx.de\/primabueroklima\/meineraumluft\/#breadcrumb"},"inLanguage":"de","potentialAction":[{"@type":"ReadAction","target":["https:\/\/office-roxx.de\/primabueroklima\/meineraumluft\/"]}]},{"@type":"ImageObject","inLanguage":"de","@id":"https:\/\/office-roxx.de\/primabueroklima\/meineraumluft\/#primaryimage","url":"https:\/\/office-roxx.de\/primabueroklima\/wp-content\/uploads\/2020\/11\/IMG_5183.jpg","contentUrl":"https:\/\/office-roxx.de\/primabueroklima\/wp-content\/uploads\/2020\/11\/IMG_5183.jpg","width":1000,"height":750,"caption":"Peter Skala Profil"},{"@type":"BreadcrumbList","@id":"https:\/\/office-roxx.de\/primabueroklima\/meineraumluft\/#breadcrumb","itemListElement":[{"@type":"ListItem","position":1,"name":"Startseite","item":"https:\/\/office-roxx.de\/primabueroklima\/"},{"@type":"ListItem","position":2,"name":"MeineRaumluft"}]},{"@type":"WebSite","@id":"https:\/\/office-roxx.de\/primabueroklima\/#website","url":"https:\/\/office-roxx.de\/primabueroklima\/","name":"PRIMAB\u00dcROKLIMA","description":"F\u00fcr eine bessere Luftqualit\u00e4t in Office-Umgebungen","publisher":{"@id":"https:\/\/office-roxx.de\/primabueroklima\/#organization"},"potentialAction":[{"@type":"SearchAction","target":{"@type":"EntryPoint","urlTemplate":"https:\/\/office-roxx.de\/primabueroklima\/?s={search_term_string}"},"query-input":{"@type":"PropertyValueSpecification","valueRequired":true,"valueName":"search_term_string"}}],"inLanguage":"de"},{"@type":"Organization","@id":"https:\/\/office-roxx.de\/primabueroklima\/#organization","name":"PRIMAB\u00dcROKLIMA","url":"https:\/\/office-roxx.de\/primabueroklima\/","logo":{"@type":"ImageObject","inLanguage":"de","@id":"https:\/\/office-roxx.de\/primabueroklima\/#\/schema\/logo\/image\/","url":"https:\/\/office-roxx.de\/primabueroklima\/wp-content\/uploads\/2020\/09\/Prima-Klima-Logo_Farbe_beschn.jpg","contentUrl":"https:\/\/office-roxx.de\/primabueroklima\/wp-content\/uploads\/2020\/09\/Prima-Klima-Logo_Farbe_beschn.jpg","width":1000,"height":675,"caption":"PRIMAB\u00dcROKLIMA"},"image":{"@id":"https:\/\/office-roxx.de\/primabueroklima\/#\/schema\/logo\/image\/"}}]}},"_links":{"self":[{"href":"https:\/\/office-roxx.de\/primabueroklima\/wp-json\/wp\/v2\/pages\/273","targetHints":{"allow":["GET"]}}],"collection":[{"href":"https:\/\/office-roxx.de\/primabueroklima\/wp-json\/wp\/v2\/pages"}],"about":[{"href":"https:\/\/office-roxx.de\/primabueroklima\/wp-json\/wp\/v2\/types\/page"}],"author":[{"embeddable":true,"href":"https:\/\/office-roxx.de\/primabueroklima\/wp-json\/wp\/v2\/users\/1"}],"replies":[{"embeddable":true,"href":"https:\/\/office-roxx.de\/primabueroklima\/wp-json\/wp\/v2\/comments?post=273"}],"version-history":[{"count":8,"href":"https:\/\/office-roxx.de\/primabueroklima\/wp-json\/wp\/v2\/pages\/273\/revisions"}],"predecessor-version":[{"id":512,"href":"https:\/\/office-roxx.de\/primabueroklima\/wp-json\/wp\/v2\/pages\/273\/revisions\/512"}],"wp:attachment":[{"href":"https:\/\/office-roxx.de\/primabueroklima\/wp-json\/wp\/v2\/media?parent=273"}],"wp:term":[{"taxonomy":"post_tag","embeddable":true,"href":"https:\/\/office-roxx.de\/primabueroklima\/wp-json\/wp\/v2\/tags?post=273"}],"curies":[{"name":"wp","href":"https:\/\/api.w.org\/{rel}","templated":true}]}}