{"id":22,"date":"2020-08-31T14:39:11","date_gmt":"2020-08-31T12:39:11","guid":{"rendered":"https:\/\/office-roxx.de\/primabueroklima\/?page_id=22"},"modified":"2026-03-12T10:41:23","modified_gmt":"2026-03-12T09:41:23","slug":"condair","status":"publish","type":"page","link":"https:\/\/office-roxx.de\/primabueroklima\/condair\/","title":{"rendered":"Condair"},"content":{"rendered":"<p>Die Cond\u00adair GmbH ist Teil der Cond\u00adair Group, einem welt\u00adweit f\u00fch\u00adren\u00adden Anbie\u00adter von L\u00f6sun\u00adgen zur Luft\u00adbe\u00adfeuch\u00adtung sowie von Sys\u00adte\u00admen zur Ent\u00adfeuch\u00adtung und Verdunstungsk\u00fchlung.<br>\n<!--more--><\/p>\n<figure id=\"attachment_426\" aria-describedby=\"caption-attachment-426\" style=\"width: 600px\" class=\"wp-caption aligncenter\"><a href=\"https:\/\/office-roxx.de\/primabueroklima\/wp-content\/uploads\/2020\/09\/condair-nanofog.jpg\"><img loading=\"lazy\" decoding=\"async\" class=\"wp-image-426\" src=\"https:\/\/office-roxx.de\/primabueroklima\/wp-content\/uploads\/2020\/09\/condair-nanofog.jpg\" alt=\"Luftbefeuchtung direkt im Raum, mit Condair NanoFog. Abbildung: Condair\" width=\"600\" height=\"400\" srcset=\"https:\/\/office-roxx.de\/primabueroklima\/wp-content\/uploads\/2020\/09\/condair-nanofog.jpg 1000w, https:\/\/office-roxx.de\/primabueroklima\/wp-content\/uploads\/2020\/09\/condair-nanofog-300x200.jpg 300w, https:\/\/office-roxx.de\/primabueroklima\/wp-content\/uploads\/2020\/09\/condair-nanofog-768x512.jpg 768w\" sizes=\"auto, (max-width: 600px) 100vw, 600px\"><\/a><figcaption id=\"caption-attachment-426\" class=\"wp-caption-text\">Luft\u00adbe\u00adfeuch\u00adtung direkt im Raum, mit Cond\u00adair Nano\u00adFog. Abbil\u00addung: Condair<\/figcaption><\/figure>\n<p>Von den bei\u00adden Stand\u00ador\u00adten Nor\u00adder\u00adstedt (bei Ham\u00adburg) und Gar\u00adching (bei M\u00fcn\u00adchen) aus steu\u00adert die Cond\u00adair GmbH das Gesch\u00e4ft in Deutsch\u00adland und in Zen\u00adtral\u00adeu\u00adro\u00adpa. Der Stand\u00adort Nor\u00adder\u00adstedt bie\u00adtet kom\u00adplet\u00adte Sys\u00adte\u00adme f\u00fcr die Direkt-Raum\u00adluft\u00adbe\u00adfeuch\u00adtung an: Das Leis\u00adtungs\u00adspek\u00adtrum reicht von der Bera\u00adtung, tech\u00adni\u00adschen Pla\u00adnung \u00fcber die Instal\u00adla\u00adti\u00adon bis hin zu umfang\u00adrei\u00adchen War\u00adtungs- und Ser\u00advice\u00adleis\u00adtun\u00adgen aus einer&nbsp;Hand.<\/p>\n<h2>Luftbefeuchtung f\u00fcr jedes Geb\u00e4ude<\/h2>\n<p>Zu tro\u00adcke\u00adne Luft gef\u00e4hr\u00addet die Gesund\u00adheit und das Wohl\u00adbe\u00adfin\u00adden des Men\u00adschen am Arbeits\u00adplatz: gereiz\u00adte Schleim\u00adh\u00e4u\u00adte, aus\u00adge\u00adtrock\u00adne\u00adte Atem\u00adwe\u00adge, Stimm\u00adst\u00f6\u00adrun\u00adgen, bren\u00adnen\u00adde Augen und das erh\u00f6h\u00adte Risi\u00adko von Virus\u00adin\u00adfek\u00adtio\u00adnen wir\u00adken sich direkt auf den Kran\u00adken\u00adstand und die Leis\u00adtungs\u00adf\u00e4\u00adhig\u00adkeit der Mit\u00adar\u00adbei\u00adter aus. Eine ganz\u00adj\u00e4h\u00adrig gere\u00adgel\u00adte Min\u00addest-Luft\u00adfeuch\u00adte von 40 Pro\u00adzent sch\u00fctzt die Gesund\u00adheit und die Leistungsf\u00e4higkeit.<\/p>\n<p>Die Direkt-Raum\u00adluft\u00adbe\u00adfeuch\u00adtung regelt die Luft\u00adfeuch\u00adte unab\u00adh\u00e4n\u00adgig von einer Kli\u00adma\u00adan\u00adla\u00adge. Die Luft\u00adbe\u00adfeuch\u00adtung kann somit immer ein\u00adge\u00adsetzt wer\u00adden, auch wenn eine Kli\u00adma\u00adan\u00adla\u00adge nicht vor\u00adhan\u00adden oder eine Befeuch\u00adtung im Kli\u00adma\u00adka\u00adnal tech\u00adnisch nicht m\u00f6g\u00adlich bzw. nicht gew\u00fcnscht ist. Dadurch eig\u00adnen sich die\u00adse Sys\u00adte\u00adme auch ide\u00adal f\u00fcr die Nach\u00adr\u00fcs\u00adtung in Bestandsgeb\u00e4uden.<\/p>\n<h2>Individuelle Planung und Beratung<\/h2>\n<p>Ein gutes Befeuch\u00adtungs\u00ader\u00adgeb\u00adnis h\u00e4ngt immer von der fach\u00adge\u00adrech\u00adten Pla\u00adnung ab. Cond\u00adair ber\u00e4t Sie dabei von Anfang an unver\u00adbind\u00adlich und kos\u00adten\u00adfrei \u2013 vom Erst\u00adge\u00adspr\u00e4ch \u00fcber die Was\u00adser\u00adana\u00adly\u00adse bis hin zum Ener\u00adgie\u00adkos\u00adten\u00adver\u00adgleich und der Vor\u00adstel\u00adlung tech\u00adni\u00adscher Alter\u00adna\u00adti\u00adven. Jede Anla\u00adge wird indi\u00advi\u00addu\u00adell berech\u00adnet, posi\u00adtio\u00adniert und ma\u00df\u00adge\u00adschnei\u00addert. Bera\u00adtung, Pla\u00adnung, Instal\u00adla\u00adti\u00adon und War\u00adtung kom\u00admen bei Cond\u00adair aus einer Hand, mit allen Ser\u00advice-Leis\u00adtun\u00adgen, die jeden Kun\u00adden von Anfang an ent\u00adspan\u00adnen las\u00adsen. Alle Luft\u00adbe\u00adfeuch\u00adtungs\u00adsys\u00adte\u00adme sind nach den aktu\u00adells\u00adten Betriebs- und Hygie\u00adne\u00advor\u00adschrif\u00adten (DGUV und VDI) gepr\u00fcft und wer\u00adden regel\u00adm\u00e4\u00ad\u00dfig \u2013 auch im lau\u00adfen\u00adden Betrieb \u2013 zertifiziert.<\/p>\n<h2>Condair Group<\/h2>\n<p>Die Cond\u00adair Group ver\u00adf\u00fcgt \u00fcber Pro\u00adduk\u00adti\u00adons\u00adstand\u00ador\u00adte in Euro\u00adpa, Nord\u00adame\u00adri\u00adka und Chi\u00adna und eige\u00adne Ver\u00adtriebs- und Ser\u00advice\u00ador\u00adga\u00adni\u00adsa\u00adtio\u00adnen in 23 L\u00e4n\u00addern sowie Ver\u00adtre\u00adtun\u00adgen an 50 Stand\u00ador\u00adten weltweit.<\/p>\n<hr>\n<p><img loading=\"lazy\" decoding=\"async\" class=\"alignnone wp-image-2508 size-medium\" src=\"https:\/\/office-roxx.de\/primabueroklima\/wp-content\/uploads\/2026\/03\/condair-logo-rgb-1000px-300x72.jpg\" alt=\"condair-logo-rgb-1000px\" width=\"300\" height=\"72\" srcset=\"https:\/\/office-roxx.de\/primabueroklima\/wp-content\/uploads\/2026\/03\/condair-logo-rgb-1000px-300x72.jpg 300w, https:\/\/office-roxx.de\/primabueroklima\/wp-content\/uploads\/2026\/03\/condair-logo-rgb-1000px-768x184.jpg 768w, https:\/\/office-roxx.de\/primabueroklima\/wp-content\/uploads\/2026\/03\/condair-logo-rgb-1000px.jpg 1000w\" sizes=\"auto, (max-width: 300px) 100vw, 300px\"><br>\n<strong>Cond\u00adair&nbsp;GmbH<\/strong><br>\nNord\u00adport\u00adbo\u00adgen&nbsp;5<br>\n22848 Norderstedt<br>\nTel.: 040 853277-0<br>\n<a href=\"mailto:de.info@condair.com\">de.info@condair.com<\/a><br>\n<a href=\"https:\/\/www.condair.de\/de\" target=\"_blank\" rel=\"noopener noreferrer\">www.condair.de<\/a><\/p>\n","protected":false},"excerpt":{"rendered":"<p>Die Cond\u00adair GmbH ist Teil der Cond\u00adair Group, einem welt\u00adweit f\u00fch\u00adren\u00adden Anbie\u00adter von L\u00f6sun\u00adgen zur Luft\u00adbe\u00adfeuch\u00adtung sowie von Sys\u00adte\u00admen zur Ent\u00adfeuch\u00adtung und Verdunstungsk\u00fchlung.<\/p>\n","protected":false},"author":1,"featured_media":0,"parent":0,"menu_order":0,"comment_status":"closed","ping_status":"closed","template":"","meta":{"wp_typography_post_enhancements_disabled":false,"footnotes":""},"tags":[2],"class_list":["post-22","page","type-page","status-publish","hentry","tag-luftbefeuchtung"],"yoast_head":"<!-- This site is optimized with the Yoast SEO plugin v26.0 - https:\/\/yoast.com\/wordpress\/plugins\/seo\/ -->\n<title>Condair - PRIMAB\u00dcROKLIMA<\/title>\n<meta name=\"robots\" content=\"index, follow, max-snippet:-1, max-image-preview:large, max-video-preview:-1\" \/>\n<link rel=\"canonical\" href=\"https:\/\/office-roxx.de\/primabueroklima\/condair\/\" \/>\n<meta property=\"og:locale\" content=\"de_DE\" \/>\n<meta property=\"og:type\" content=\"article\" \/>\n<meta property=\"og:title\" content=\"Condair - PRIMAB\u00dcROKLIMA\" \/>\n<meta property=\"og:description\" content=\"Die Cond\u00adair GmbH ist Teil der Cond\u00adair Group, einem welt\u00adweit f\u00fch\u00adren\u00adden Anbie\u00adter von L\u00f6sun\u00adgen zur Luft\u00adbe\u00adfeuch\u00adtung sowie von Sys\u00adte\u00admen zur Ent\u00adfeuch\u00adtung und Verdunstungsk\u00fchlung.\" \/>\n<meta property=\"og:url\" content=\"https:\/\/office-roxx.de\/primabueroklima\/condair\/\" \/>\n<meta property=\"og:site_name\" content=\"PRIMAB\u00dcROKLIMA\" \/>\n<meta property=\"article:modified_time\" content=\"2026-03-12T09:41:23+00:00\" \/>\n<meta property=\"og:image\" content=\"https:\/\/office-roxx.de\/primabueroklima\/wp-content\/uploads\/2020\/09\/condair-nanofog.jpg\" \/>\n\t<meta property=\"og:image:width\" content=\"1000\" \/>\n\t<meta property=\"og:image:height\" content=\"667\" \/>\n\t<meta property=\"og:image:type\" content=\"image\/jpeg\" \/>\n<meta name=\"twitter:card\" content=\"summary_large_image\" \/>\n<meta name=\"twitter:label1\" content=\"Gesch\u00e4tzte Lesezeit\" \/>\n\t<meta name=\"twitter:data1\" content=\"3\u00a0Minuten\" \/>\n<script type=\"application\/ld+json\" class=\"yoast-schema-graph\">{\"@context\":\"https:\/\/schema.org\",\"@graph\":[{\"@type\":\"WebPage\",\"@id\":\"https:\/\/office-roxx.de\/primabueroklima\/condair\/\",\"url\":\"https:\/\/office-roxx.de\/primabueroklima\/condair\/\",\"name\":\"Condair - PRIMAB\u00dcROKLIMA\",\"isPartOf\":{\"@id\":\"https:\/\/office-roxx.de\/primabueroklima\/#website\"},\"primaryImageOfPage\":{\"@id\":\"https:\/\/office-roxx.de\/primabueroklima\/condair\/#primaryimage\"},\"image\":{\"@id\":\"https:\/\/office-roxx.de\/primabueroklima\/condair\/#primaryimage\"},\"thumbnailUrl\":\"https:\/\/office-roxx.de\/primabueroklima\/wp-content\/uploads\/2020\/09\/condair-nanofog.jpg\",\"datePublished\":\"2020-08-31T12:39:11+00:00\",\"dateModified\":\"2026-03-12T09:41:23+00:00\",\"breadcrumb\":{\"@id\":\"https:\/\/office-roxx.de\/primabueroklima\/condair\/#breadcrumb\"},\"inLanguage\":\"de\",\"potentialAction\":[{\"@type\":\"ReadAction\",\"target\":[\"https:\/\/office-roxx.de\/primabueroklima\/condair\/\"]}]},{\"@type\":\"ImageObject\",\"inLanguage\":\"de\",\"@id\":\"https:\/\/office-roxx.de\/primabueroklima\/condair\/#primaryimage\",\"url\":\"https:\/\/office-roxx.de\/primabueroklima\/wp-content\/uploads\/2020\/09\/condair-nanofog.jpg\",\"contentUrl\":\"https:\/\/office-roxx.de\/primabueroklima\/wp-content\/uploads\/2020\/09\/condair-nanofog.jpg\",\"width\":1000,\"height\":667,\"caption\":\"Luftbefeuchtung direkt im Raum, mit Condair NanoFog. Abbildung: Condair\"},{\"@type\":\"BreadcrumbList\",\"@id\":\"https:\/\/office-roxx.de\/primabueroklima\/condair\/#breadcrumb\",\"itemListElement\":[{\"@type\":\"ListItem\",\"position\":1,\"name\":\"Startseite\",\"item\":\"https:\/\/office-roxx.de\/primabueroklima\/\"},{\"@type\":\"ListItem\",\"position\":2,\"name\":\"Condair\"}]},{\"@type\":\"WebSite\",\"@id\":\"https:\/\/office-roxx.de\/primabueroklima\/#website\",\"url\":\"https:\/\/office-roxx.de\/primabueroklima\/\",\"name\":\"PRIMAB\u00dcROKLIMA\",\"description\":\"F\u00fcr eine bessere Luftqualit\u00e4t in Office-Umgebungen\",\"publisher\":{\"@id\":\"https:\/\/office-roxx.de\/primabueroklima\/#organization\"},\"potentialAction\":[{\"@type\":\"SearchAction\",\"target\":{\"@type\":\"EntryPoint\",\"urlTemplate\":\"https:\/\/office-roxx.de\/primabueroklima\/?s={search_term_string}\"},\"query-input\":{\"@type\":\"PropertyValueSpecification\",\"valueRequired\":true,\"valueName\":\"search_term_string\"}}],\"inLanguage\":\"de\"},{\"@type\":\"Organization\",\"@id\":\"https:\/\/office-roxx.de\/primabueroklima\/#organization\",\"name\":\"PRIMAB\u00dcROKLIMA\",\"url\":\"https:\/\/office-roxx.de\/primabueroklima\/\",\"logo\":{\"@type\":\"ImageObject\",\"inLanguage\":\"de\",\"@id\":\"https:\/\/office-roxx.de\/primabueroklima\/#\/schema\/logo\/image\/\",\"url\":\"https:\/\/office-roxx.de\/primabueroklima\/wp-content\/uploads\/2020\/09\/Prima-Klima-Logo_Farbe_beschn.jpg\",\"contentUrl\":\"https:\/\/office-roxx.de\/primabueroklima\/wp-content\/uploads\/2020\/09\/Prima-Klima-Logo_Farbe_beschn.jpg\",\"width\":1000,\"height\":675,\"caption\":\"PRIMAB\u00dcROKLIMA\"},\"image\":{\"@id\":\"https:\/\/office-roxx.de\/primabueroklima\/#\/schema\/logo\/image\/\"}}]}<\/script>\n<!-- \/ Yoast SEO plugin. -->","yoast_head_json":{"title":"Condair - PRIMAB\u00dcROKLIMA","robots":{"index":"index","follow":"follow","max-snippet":"max-snippet:-1","max-image-preview":"max-image-preview:large","max-video-preview":"max-video-preview:-1"},"canonical":"https:\/\/office-roxx.de\/primabueroklima\/condair\/","og_locale":"de_DE","og_type":"article","og_title":"Condair - PRIMAB\u00dcROKLIMA","og_description":"Die Cond\u00adair GmbH ist Teil der Cond\u00adair Group, einem welt\u00adweit f\u00fch\u00adren\u00adden Anbie\u00adter von L\u00f6sun\u00adgen zur Luft\u00adbe\u00adfeuch\u00adtung sowie von Sys\u00adte\u00admen zur Ent\u00adfeuch\u00adtung und Verdunstungsk\u00fchlung.","og_url":"https:\/\/office-roxx.de\/primabueroklima\/condair\/","og_site_name":"PRIMAB\u00dcROKLIMA","article_modified_time":"2026-03-12T09:41:23+00:00","og_image":[{"width":1000,"height":667,"url":"https:\/\/office-roxx.de\/primabueroklima\/wp-content\/uploads\/2020\/09\/condair-nanofog.jpg","type":"image\/jpeg"}],"twitter_card":"summary_large_image","twitter_misc":{"Gesch\u00e4tzte Lesezeit":"3\u00a0Minuten"},"schema":{"@context":"https:\/\/schema.org","@graph":[{"@type":"WebPage","@id":"https:\/\/office-roxx.de\/primabueroklima\/condair\/","url":"https:\/\/office-roxx.de\/primabueroklima\/condair\/","name":"Condair - PRIMAB\u00dcROKLIMA","isPartOf":{"@id":"https:\/\/office-roxx.de\/primabueroklima\/#website"},"primaryImageOfPage":{"@id":"https:\/\/office-roxx.de\/primabueroklima\/condair\/#primaryimage"},"image":{"@id":"https:\/\/office-roxx.de\/primabueroklima\/condair\/#primaryimage"},"thumbnailUrl":"https:\/\/office-roxx.de\/primabueroklima\/wp-content\/uploads\/2020\/09\/condair-nanofog.jpg","datePublished":"2020-08-31T12:39:11+00:00","dateModified":"2026-03-12T09:41:23+00:00","breadcrumb":{"@id":"https:\/\/office-roxx.de\/primabueroklima\/condair\/#breadcrumb"},"inLanguage":"de","potentialAction":[{"@type":"ReadAction","target":["https:\/\/office-roxx.de\/primabueroklima\/condair\/"]}]},{"@type":"ImageObject","inLanguage":"de","@id":"https:\/\/office-roxx.de\/primabueroklima\/condair\/#primaryimage","url":"https:\/\/office-roxx.de\/primabueroklima\/wp-content\/uploads\/2020\/09\/condair-nanofog.jpg","contentUrl":"https:\/\/office-roxx.de\/primabueroklima\/wp-content\/uploads\/2020\/09\/condair-nanofog.jpg","width":1000,"height":667,"caption":"Luftbefeuchtung direkt im Raum, mit Condair NanoFog. Abbildung: Condair"},{"@type":"BreadcrumbList","@id":"https:\/\/office-roxx.de\/primabueroklima\/condair\/#breadcrumb","itemListElement":[{"@type":"ListItem","position":1,"name":"Startseite","item":"https:\/\/office-roxx.de\/primabueroklima\/"},{"@type":"ListItem","position":2,"name":"Condair"}]},{"@type":"WebSite","@id":"https:\/\/office-roxx.de\/primabueroklima\/#website","url":"https:\/\/office-roxx.de\/primabueroklima\/","name":"PRIMAB\u00dcROKLIMA","description":"F\u00fcr eine bessere Luftqualit\u00e4t in Office-Umgebungen","publisher":{"@id":"https:\/\/office-roxx.de\/primabueroklima\/#organization"},"potentialAction":[{"@type":"SearchAction","target":{"@type":"EntryPoint","urlTemplate":"https:\/\/office-roxx.de\/primabueroklima\/?s={search_term_string}"},"query-input":{"@type":"PropertyValueSpecification","valueRequired":true,"valueName":"search_term_string"}}],"inLanguage":"de"},{"@type":"Organization","@id":"https:\/\/office-roxx.de\/primabueroklima\/#organization","name":"PRIMAB\u00dcROKLIMA","url":"https:\/\/office-roxx.de\/primabueroklima\/","logo":{"@type":"ImageObject","inLanguage":"de","@id":"https:\/\/office-roxx.de\/primabueroklima\/#\/schema\/logo\/image\/","url":"https:\/\/office-roxx.de\/primabueroklima\/wp-content\/uploads\/2020\/09\/Prima-Klima-Logo_Farbe_beschn.jpg","contentUrl":"https:\/\/office-roxx.de\/primabueroklima\/wp-content\/uploads\/2020\/09\/Prima-Klima-Logo_Farbe_beschn.jpg","width":1000,"height":675,"caption":"PRIMAB\u00dcROKLIMA"},"image":{"@id":"https:\/\/office-roxx.de\/primabueroklima\/#\/schema\/logo\/image\/"}}]}},"_links":{"self":[{"href":"https:\/\/office-roxx.de\/primabueroklima\/wp-json\/wp\/v2\/pages\/22","targetHints":{"allow":["GET"]}}],"collection":[{"href":"https:\/\/office-roxx.de\/primabueroklima\/wp-json\/wp\/v2\/pages"}],"about":[{"href":"https:\/\/office-roxx.de\/primabueroklima\/wp-json\/wp\/v2\/types\/page"}],"author":[{"embeddable":true,"href":"https:\/\/office-roxx.de\/primabueroklima\/wp-json\/wp\/v2\/users\/1"}],"replies":[{"embeddable":true,"href":"https:\/\/office-roxx.de\/primabueroklima\/wp-json\/wp\/v2\/comments?post=22"}],"version-history":[{"count":14,"href":"https:\/\/office-roxx.de\/primabueroklima\/wp-json\/wp\/v2\/pages\/22\/revisions"}],"predecessor-version":[{"id":2512,"href":"https:\/\/office-roxx.de\/primabueroklima\/wp-json\/wp\/v2\/pages\/22\/revisions\/2512"}],"wp:attachment":[{"href":"https:\/\/office-roxx.de\/primabueroklima\/wp-json\/wp\/v2\/media?parent=22"}],"wp:term":[{"taxonomy":"post_tag","embeddable":true,"href":"https:\/\/office-roxx.de\/primabueroklima\/wp-json\/wp\/v2\/tags?post=22"}],"curies":[{"name":"wp","href":"https:\/\/api.w.org\/{rel}","templated":true}]}}