{"id":1578,"date":"2022-12-08T16:31:04","date_gmt":"2022-12-08T15:31:04","guid":{"rendered":"https:\/\/office-roxx.de\/primabueroklima\/?page_id=1578"},"modified":"2025-04-15T11:02:34","modified_gmt":"2025-04-15T09:02:34","slug":"vallox","status":"publish","type":"page","link":"https:\/\/office-roxx.de\/primabueroklima\/vallox\/","title":{"rendered":"Vallox"},"content":{"rendered":"<p>Fri\u00adsche und gesun\u00adde Luft im B\u00fcro: VALLOX steht seit \u00fcber 30 Jah\u00adren f\u00fcr Frisch\u00adluft\u00adsys\u00adte\u00adme auf h\u00f6chs\u00adtem Niveau und ist heu\u00adte Markt\u00adf\u00fch\u00adrer im Bereich inno\u00adva\u00adti\u00adver L\u00fcf\u00adtungs\u00adl\u00f6\u00adsun\u00adgen mit W\u00e4r\u00adme\u00adr\u00fcck\u00adge\u00adwin\u00adnung f\u00fcr Wohn\u00adbau und Gewerbe.&nbsp;<!--more--><\/p>\n<figure id=\"attachment_2289\" aria-describedby=\"caption-attachment-2289\" style=\"width: 600px\" class=\"wp-caption aligncenter\"><img loading=\"lazy\" decoding=\"async\" class=\"wp-image-2289 ml-lightbox-enabled\" src=\"https:\/\/office-roxx.de\/primabueroklima\/wp-content\/uploads\/2025\/04\/Vallox-airDIRECT-Deckengeraet-Buero-PlusX.jpg\" alt=\"Das kompakte Deckenger\u00e4t airDIRECT 1000 D ist ein dezentrales, smartes L\u00fcftungsger\u00e4t mit W\u00e4rmer\u00fcckgewinnung. Abbildung: Vallox\" width=\"600\" height=\"410\" srcset=\"https:\/\/office-roxx.de\/primabueroklima\/wp-content\/uploads\/2025\/04\/Vallox-airDIRECT-Deckengeraet-Buero-PlusX.jpg 1000w, https:\/\/office-roxx.de\/primabueroklima\/wp-content\/uploads\/2025\/04\/Vallox-airDIRECT-Deckengeraet-Buero-PlusX-300x205.jpg 300w, https:\/\/office-roxx.de\/primabueroklima\/wp-content\/uploads\/2025\/04\/Vallox-airDIRECT-Deckengeraet-Buero-PlusX-768x525.jpg 768w\" sizes=\"auto, (max-width: 600px) 100vw, 600px\"><figcaption id=\"caption-attachment-2289\" class=\"wp-caption-text\">Das kom\u00adpak\u00adte Decken\u00adge\u00adr\u00e4t air\u00adDI\u00adRECT 1000 D ist ein dezen\u00adtra\u00adles, smar\u00adtes L\u00fcf\u00adtungs\u00adge\u00adr\u00e4t mit W\u00e4r\u00adme\u00adr\u00fcck\u00adge\u00adwin\u00adnung. Abbil\u00addung: Vallox<\/figcaption><\/figure>\n<h2>Optimales Raumklima am Arbeitsplatz<\/h2>\n<p>Fri\u00adsche Luft ist f\u00fcr eine gesun\u00adde und pro\u00adduk\u00adti\u00adve Arbeits\u00adum\u00adge\u00adbung uner\u00adl\u00e4ss\u00adlich. L\u00fcf\u00adtungs\u00adsys\u00adte\u00adme mit W\u00e4r\u00adme\u00adr\u00fcck\u00adge\u00adwin\u00adnung stel\u00adlen auto\u00adma\u00adtisch den opti\u00adma\u00adlen Luft\u00adaus\u00adtausch sicher und erhal\u00adten den Wert der Immobilie.<br>\nDie Ger\u00e4\u00adte sor\u00adgen zug\u00adluft\u00adfrei f\u00fcr Frisch\u00adluft und sen\u00adken damit den CO2- und Schad\u00adstoff\u00adge\u00adhalt. Dank der effek\u00adti\u00adven Fil\u00adter\u00adtech\u00adnik k\u00f6n\u00adnen auch All\u00ader\u00adgi\u00adker auf\u00adat\u00admen. Mit\u00adhil\u00adfe der W\u00e4r\u00adme\u00adr\u00fcck\u00adge\u00adwin\u00adnungs\u00adfunk\u00adti\u00adon las\u00adsen sich im Win\u00adter zudem bis zu 50 Pro\u00adzent Heiz\u00adkos\u00adten einsparen.<\/p>\n<figure id=\"attachment_2288\" aria-describedby=\"caption-attachment-2288\" style=\"width: 600px\" class=\"wp-caption aligncenter\"><img loading=\"lazy\" decoding=\"async\" class=\"wp-image-2288 ml-lightbox-enabled\" src=\"https:\/\/office-roxx.de\/primabueroklima\/wp-content\/uploads\/2025\/04\/Vallox-airDIRECT-Standgeraete-PlusX.jpg\" alt=\"Das airDIRECT 750 S von Vallox ist ein dezentrales, hocheffizientes Zu- und Abluftger\u00e4t mit W\u00e4rmer\u00fcckgewinnung. Abbildung: Vallox\" width=\"600\" height=\"418\" srcset=\"https:\/\/office-roxx.de\/primabueroklima\/wp-content\/uploads\/2025\/04\/Vallox-airDIRECT-Standgeraete-PlusX.jpg 1000w, https:\/\/office-roxx.de\/primabueroklima\/wp-content\/uploads\/2025\/04\/Vallox-airDIRECT-Standgeraete-PlusX-300x209.jpg 300w, https:\/\/office-roxx.de\/primabueroklima\/wp-content\/uploads\/2025\/04\/Vallox-airDIRECT-Standgeraete-PlusX-768x535.jpg 768w\" sizes=\"auto, (max-width: 600px) 100vw, 600px\"><figcaption id=\"caption-attachment-2288\" class=\"wp-caption-text\">Das air\u00adDI\u00adRECT 750 S von Vall\u00adox ist ein dezen\u00adtra\u00adles, hoch\u00adef\u00adfi\u00adzi\u00aden\u00adtes Zu- und Abluft\u00adge\u00adr\u00e4t mit W\u00e4r\u00adme\u00adr\u00fcck\u00adge\u00adwin\u00adnung. Abbil\u00addung: Vallox<\/figcaption><\/figure>\n<h2>L\u00fcftungssysteme von VALLOX \u2013 ideal f\u00fcr die Nachr\u00fcstung<\/h2>\n<p>VALLOX bie\u00adtet fl\u00fcs\u00adter\u00adlei\u00adse und ener\u00adgie\u00adef\u00adfi\u00adzi\u00aden\u00adte L\u00f6sun\u00adgen f\u00fcr B\u00fcros und gewerb\u00adli\u00adche Anwen\u00addun\u00adgen. Je nach Anfor\u00adde\u00adrung, las\u00adsen sich die L\u00fcf\u00adtungs\u00adsys\u00adte\u00adme geb\u00e4u\u00adde\u00adzen\u00adtral oder raum\u00adwei\u00adse installieren.<br>\nVall\u00adox bie\u00adtet ein Port\u00adfo\u00adlio an platz\u00adspa\u00adren\u00adden L\u00fcf\u00adtungs\u00adsys\u00adte\u00admen zur schnel\u00adlen und effi\u00adzi\u00aden\u00adten Nach\u00adr\u00fcs\u00adtung. Dabei ste\u00adhen sowohl Stand- als auch Decken\u00adge\u00adr\u00e4\u00adte mit aus\u00adrei\u00adchend hohen Luft\u00adleis\u00adtun\u00adgen zur Auswahl.<\/p>\n<h2>\u00dcber VALLOX<\/h2>\n<p>VALLOX liegt die Innen\u00adraum\u00adluft\u00adqua\u00adli\u00adt\u00e4t beson\u00adders am Her\u00adzen. Mit aus\u00adge\u00adreif\u00adter L\u00fcf\u00adtungs\u00adtech\u00adnik, durch\u00addacht bis ins letz\u00adte Detail, steht VALLOX f\u00fcr eine gesun\u00adde Indoor Air Quality.<br>\nDie Vall\u00adox GmbH mit Sitz in Die\u00ad\u00dfen am Ammer\u00adsee ist in Deutsch\u00adland f\u00fch\u00adren\u00adder Anbie\u00adter von L\u00fcf\u00adtungs\u00adsys\u00adte\u00admen mit W\u00e4r\u00adme\u00adr\u00fcck\u00adge\u00adwin\u00adnung f\u00fcr Wohn\u00adr\u00e4u\u00adme und gewerb\u00adli\u00adche Anwen\u00addun\u00adgen. Eige\u00adne Ser\u00advice- und Ver\u00adtriebs\u00adb\u00fc\u00adros in ganz Deutsch\u00adland sor\u00adgen fl\u00e4\u00adchen\u00adde\u00adckend f\u00fcr schnel\u00adlen Kundenservice.<\/p>\n<hr>\n<p><img loading=\"lazy\" decoding=\"async\" class=\"alignnone wp-image-1580\" src=\"https:\/\/office-roxx.de\/primabueroklima\/wp-content\/uploads\/2022\/12\/Logo-Vallox-Home-of-fresh-Air.jpg\" alt=\"Logo-Vallox-Home-of-fresh-Air\" width=\"200\" height=\"73\"><\/p>\n<p><strong>Vall\u00adox&nbsp;GmbH<\/strong><br>\nVon-Eichen\u00addorff-Stra\u00ad\u00dfe 59&nbsp;a<br>\n86911 Die\u00dfen<br>\nTel.: 08807 9466-0<br>\n<a href=\"mailto:info.de@camfil.com\" target=\"_blank\" rel=\"noopener\">info@vallox.de<\/a><br>\n<a href=\"https:\/\/www.vallox.de\" target=\"_blank\" rel=\"noopener noreferrer\">www.vallox.de<\/a><\/p>\n","protected":false},"excerpt":{"rendered":"<p>Fri\u00adsche und gesun\u00adde Luft im B\u00fcro: VALLOX steht seit \u00fcber 30 Jah\u00adren f\u00fcr Frisch\u00adluft\u00adsys\u00adte\u00adme auf h\u00f6chs\u00adtem Niveau und ist heu\u00adte Markt\u00adf\u00fch\u00adrer im Bereich inno\u00adva\u00adti\u00adver L\u00fcf\u00adtungs\u00adl\u00f6\u00adsun\u00adgen mit W\u00e4r\u00adme\u00adr\u00fcck\u00adge\u00adwin\u00adnung f\u00fcr Wohn\u00adbau und Gewerbe.&nbsp;<\/p>\n","protected":false},"author":1,"featured_media":0,"parent":0,"menu_order":0,"comment_status":"closed","ping_status":"closed","template":"","meta":{"wp_typography_post_enhancements_disabled":false,"footnotes":""},"tags":[10],"class_list":["post-1578","page","type-page","status-publish","hentry","tag-luftreinigung"],"yoast_head":"<!-- This site is optimized with the Yoast SEO plugin v27.3 - https:\/\/yoast.com\/product\/yoast-seo-wordpress\/ -->\n<title>Vallox - PRIMAB\u00dcROKLIMA<\/title>\n<meta name=\"description\" content=\"Die Wurzeln von Vallox reichen bis in die 1940er-Jahre zur\u00fcck, als man in Tampere\/Finnland Ventilatoren f\u00fcr die Luftfahrtindustrie produzierte.\" \/>\n<meta name=\"robots\" content=\"index, follow, max-snippet:-1, max-image-preview:large, max-video-preview:-1\" \/>\n<link rel=\"canonical\" href=\"https:\/\/office-roxx.de\/primabueroklima\/vallox\/\" \/>\n<meta property=\"og:locale\" content=\"de_DE\" \/>\n<meta property=\"og:type\" content=\"article\" \/>\n<meta property=\"og:title\" content=\"Vallox - PRIMAB\u00dcROKLIMA\" \/>\n<meta property=\"og:description\" content=\"Die Wurzeln von Vallox reichen bis in die 1940er-Jahre zur\u00fcck, als man in Tampere\/Finnland Ventilatoren f\u00fcr die Luftfahrtindustrie produzierte.\" \/>\n<meta property=\"og:url\" content=\"https:\/\/office-roxx.de\/primabueroklima\/vallox\/\" \/>\n<meta property=\"og:site_name\" content=\"PRIMAB\u00dcROKLIMA\" \/>\n<meta property=\"article:modified_time\" content=\"2025-04-15T09:02:34+00:00\" \/>\n<meta property=\"og:image\" content=\"https:\/\/office-roxx.de\/primabueroklima\/wp-content\/uploads\/2025\/04\/Vallox-airDIRECT-Deckengeraet-Buero-PlusX.jpg\" \/>\n\t<meta property=\"og:image:width\" content=\"1000\" \/>\n\t<meta property=\"og:image:height\" content=\"683\" \/>\n\t<meta property=\"og:image:type\" content=\"image\/jpeg\" \/>\n<meta name=\"twitter:card\" content=\"summary_large_image\" \/>\n<meta name=\"twitter:label1\" content=\"Gesch\u00e4tzte Lesezeit\" \/>\n\t<meta name=\"twitter:data1\" content=\"3\u00a0Minuten\" \/>\n<script type=\"application\/ld+json\" class=\"yoast-schema-graph\">{\"@context\":\"https:\\\/\\\/schema.org\",\"@graph\":[{\"@type\":\"WebPage\",\"@id\":\"https:\\\/\\\/office-roxx.de\\\/primabueroklima\\\/vallox\\\/\",\"url\":\"https:\\\/\\\/office-roxx.de\\\/primabueroklima\\\/vallox\\\/\",\"name\":\"Vallox - PRIMAB\u00dcROKLIMA\",\"isPartOf\":{\"@id\":\"https:\\\/\\\/office-roxx.de\\\/primabueroklima\\\/#website\"},\"primaryImageOfPage\":{\"@id\":\"https:\\\/\\\/office-roxx.de\\\/primabueroklima\\\/vallox\\\/#primaryimage\"},\"image\":{\"@id\":\"https:\\\/\\\/office-roxx.de\\\/primabueroklima\\\/vallox\\\/#primaryimage\"},\"thumbnailUrl\":\"https:\\\/\\\/office-roxx.de\\\/primabueroklima\\\/wp-content\\\/uploads\\\/2025\\\/04\\\/Vallox-airDIRECT-Deckengeraet-Buero-PlusX.jpg\",\"datePublished\":\"2022-12-08T15:31:04+00:00\",\"dateModified\":\"2025-04-15T09:02:34+00:00\",\"description\":\"Die Wurzeln von Vallox reichen bis in die 1940er-Jahre zur\u00fcck, als man in Tampere\\\/Finnland Ventilatoren f\u00fcr die Luftfahrtindustrie produzierte.\",\"breadcrumb\":{\"@id\":\"https:\\\/\\\/office-roxx.de\\\/primabueroklima\\\/vallox\\\/#breadcrumb\"},\"inLanguage\":\"de\",\"potentialAction\":[{\"@type\":\"ReadAction\",\"target\":[\"https:\\\/\\\/office-roxx.de\\\/primabueroklima\\\/vallox\\\/\"]}]},{\"@type\":\"ImageObject\",\"inLanguage\":\"de\",\"@id\":\"https:\\\/\\\/office-roxx.de\\\/primabueroklima\\\/vallox\\\/#primaryimage\",\"url\":\"https:\\\/\\\/office-roxx.de\\\/primabueroklima\\\/wp-content\\\/uploads\\\/2025\\\/04\\\/Vallox-airDIRECT-Deckengeraet-Buero-PlusX.jpg\",\"contentUrl\":\"https:\\\/\\\/office-roxx.de\\\/primabueroklima\\\/wp-content\\\/uploads\\\/2025\\\/04\\\/Vallox-airDIRECT-Deckengeraet-Buero-PlusX.jpg\"},{\"@type\":\"BreadcrumbList\",\"@id\":\"https:\\\/\\\/office-roxx.de\\\/primabueroklima\\\/vallox\\\/#breadcrumb\",\"itemListElement\":[{\"@type\":\"ListItem\",\"position\":1,\"name\":\"Startseite\",\"item\":\"https:\\\/\\\/office-roxx.de\\\/primabueroklima\\\/\"},{\"@type\":\"ListItem\",\"position\":2,\"name\":\"Vallox\"}]},{\"@type\":\"WebSite\",\"@id\":\"https:\\\/\\\/office-roxx.de\\\/primabueroklima\\\/#website\",\"url\":\"https:\\\/\\\/office-roxx.de\\\/primabueroklima\\\/\",\"name\":\"PRIMAB\u00dcROKLIMA\",\"description\":\"F\u00fcr eine bessere Luftqualit\u00e4t in Office-Umgebungen\",\"publisher\":{\"@id\":\"https:\\\/\\\/office-roxx.de\\\/primabueroklima\\\/#organization\"},\"potentialAction\":[{\"@type\":\"SearchAction\",\"target\":{\"@type\":\"EntryPoint\",\"urlTemplate\":\"https:\\\/\\\/office-roxx.de\\\/primabueroklima\\\/?s={search_term_string}\"},\"query-input\":{\"@type\":\"PropertyValueSpecification\",\"valueRequired\":true,\"valueName\":\"search_term_string\"}}],\"inLanguage\":\"de\"},{\"@type\":\"Organization\",\"@id\":\"https:\\\/\\\/office-roxx.de\\\/primabueroklima\\\/#organization\",\"name\":\"PRIMAB\u00dcROKLIMA\",\"url\":\"https:\\\/\\\/office-roxx.de\\\/primabueroklima\\\/\",\"logo\":{\"@type\":\"ImageObject\",\"inLanguage\":\"de\",\"@id\":\"https:\\\/\\\/office-roxx.de\\\/primabueroklima\\\/#\\\/schema\\\/logo\\\/image\\\/\",\"url\":\"https:\\\/\\\/office-roxx.de\\\/primabueroklima\\\/wp-content\\\/uploads\\\/2020\\\/09\\\/Prima-Klima-Logo_Farbe_beschn.jpg\",\"contentUrl\":\"https:\\\/\\\/office-roxx.de\\\/primabueroklima\\\/wp-content\\\/uploads\\\/2020\\\/09\\\/Prima-Klima-Logo_Farbe_beschn.jpg\",\"width\":1000,\"height\":675,\"caption\":\"PRIMAB\u00dcROKLIMA\"},\"image\":{\"@id\":\"https:\\\/\\\/office-roxx.de\\\/primabueroklima\\\/#\\\/schema\\\/logo\\\/image\\\/\"}}]}<\/script>\n<!-- \/ Yoast SEO plugin. -->","yoast_head_json":{"title":"Vallox - PRIMAB\u00dcROKLIMA","description":"Die Wurzeln von Vallox reichen bis in die 1940er-Jahre zur\u00fcck, als man in Tampere\/Finnland Ventilatoren f\u00fcr die Luftfahrtindustrie produzierte.","robots":{"index":"index","follow":"follow","max-snippet":"max-snippet:-1","max-image-preview":"max-image-preview:large","max-video-preview":"max-video-preview:-1"},"canonical":"https:\/\/office-roxx.de\/primabueroklima\/vallox\/","og_locale":"de_DE","og_type":"article","og_title":"Vallox - PRIMAB\u00dcROKLIMA","og_description":"Die Wurzeln von Vallox reichen bis in die 1940er-Jahre zur\u00fcck, als man in Tampere\/Finnland Ventilatoren f\u00fcr die Luftfahrtindustrie produzierte.","og_url":"https:\/\/office-roxx.de\/primabueroklima\/vallox\/","og_site_name":"PRIMAB\u00dcROKLIMA","article_modified_time":"2025-04-15T09:02:34+00:00","og_image":[{"width":1000,"height":683,"url":"https:\/\/office-roxx.de\/primabueroklima\/wp-content\/uploads\/2025\/04\/Vallox-airDIRECT-Deckengeraet-Buero-PlusX.jpg","type":"image\/jpeg"}],"twitter_card":"summary_large_image","twitter_misc":{"Gesch\u00e4tzte Lesezeit":"3\u00a0Minuten"},"schema":{"@context":"https:\/\/schema.org","@graph":[{"@type":"WebPage","@id":"https:\/\/office-roxx.de\/primabueroklima\/vallox\/","url":"https:\/\/office-roxx.de\/primabueroklima\/vallox\/","name":"Vallox - PRIMAB\u00dcROKLIMA","isPartOf":{"@id":"https:\/\/office-roxx.de\/primabueroklima\/#website"},"primaryImageOfPage":{"@id":"https:\/\/office-roxx.de\/primabueroklima\/vallox\/#primaryimage"},"image":{"@id":"https:\/\/office-roxx.de\/primabueroklima\/vallox\/#primaryimage"},"thumbnailUrl":"https:\/\/office-roxx.de\/primabueroklima\/wp-content\/uploads\/2025\/04\/Vallox-airDIRECT-Deckengeraet-Buero-PlusX.jpg","datePublished":"2022-12-08T15:31:04+00:00","dateModified":"2025-04-15T09:02:34+00:00","description":"Die Wurzeln von Vallox reichen bis in die 1940er-Jahre zur\u00fcck, als man in Tampere\/Finnland Ventilatoren f\u00fcr die Luftfahrtindustrie produzierte.","breadcrumb":{"@id":"https:\/\/office-roxx.de\/primabueroklima\/vallox\/#breadcrumb"},"inLanguage":"de","potentialAction":[{"@type":"ReadAction","target":["https:\/\/office-roxx.de\/primabueroklima\/vallox\/"]}]},{"@type":"ImageObject","inLanguage":"de","@id":"https:\/\/office-roxx.de\/primabueroklima\/vallox\/#primaryimage","url":"https:\/\/office-roxx.de\/primabueroklima\/wp-content\/uploads\/2025\/04\/Vallox-airDIRECT-Deckengeraet-Buero-PlusX.jpg","contentUrl":"https:\/\/office-roxx.de\/primabueroklima\/wp-content\/uploads\/2025\/04\/Vallox-airDIRECT-Deckengeraet-Buero-PlusX.jpg"},{"@type":"BreadcrumbList","@id":"https:\/\/office-roxx.de\/primabueroklima\/vallox\/#breadcrumb","itemListElement":[{"@type":"ListItem","position":1,"name":"Startseite","item":"https:\/\/office-roxx.de\/primabueroklima\/"},{"@type":"ListItem","position":2,"name":"Vallox"}]},{"@type":"WebSite","@id":"https:\/\/office-roxx.de\/primabueroklima\/#website","url":"https:\/\/office-roxx.de\/primabueroklima\/","name":"PRIMAB\u00dcROKLIMA","description":"F\u00fcr eine bessere Luftqualit\u00e4t in Office-Umgebungen","publisher":{"@id":"https:\/\/office-roxx.de\/primabueroklima\/#organization"},"potentialAction":[{"@type":"SearchAction","target":{"@type":"EntryPoint","urlTemplate":"https:\/\/office-roxx.de\/primabueroklima\/?s={search_term_string}"},"query-input":{"@type":"PropertyValueSpecification","valueRequired":true,"valueName":"search_term_string"}}],"inLanguage":"de"},{"@type":"Organization","@id":"https:\/\/office-roxx.de\/primabueroklima\/#organization","name":"PRIMAB\u00dcROKLIMA","url":"https:\/\/office-roxx.de\/primabueroklima\/","logo":{"@type":"ImageObject","inLanguage":"de","@id":"https:\/\/office-roxx.de\/primabueroklima\/#\/schema\/logo\/image\/","url":"https:\/\/office-roxx.de\/primabueroklima\/wp-content\/uploads\/2020\/09\/Prima-Klima-Logo_Farbe_beschn.jpg","contentUrl":"https:\/\/office-roxx.de\/primabueroklima\/wp-content\/uploads\/2020\/09\/Prima-Klima-Logo_Farbe_beschn.jpg","width":1000,"height":675,"caption":"PRIMAB\u00dcROKLIMA"},"image":{"@id":"https:\/\/office-roxx.de\/primabueroklima\/#\/schema\/logo\/image\/"}}]}},"_links":{"self":[{"href":"https:\/\/office-roxx.de\/primabueroklima\/wp-json\/wp\/v2\/pages\/1578","targetHints":{"allow":["GET"]}}],"collection":[{"href":"https:\/\/office-roxx.de\/primabueroklima\/wp-json\/wp\/v2\/pages"}],"about":[{"href":"https:\/\/office-roxx.de\/primabueroklima\/wp-json\/wp\/v2\/types\/page"}],"author":[{"embeddable":true,"href":"https:\/\/office-roxx.de\/primabueroklima\/wp-json\/wp\/v2\/users\/1"}],"replies":[{"embeddable":true,"href":"https:\/\/office-roxx.de\/primabueroklima\/wp-json\/wp\/v2\/comments?post=1578"}],"version-history":[{"count":9,"href":"https:\/\/office-roxx.de\/primabueroklima\/wp-json\/wp\/v2\/pages\/1578\/revisions"}],"predecessor-version":[{"id":2300,"href":"https:\/\/office-roxx.de\/primabueroklima\/wp-json\/wp\/v2\/pages\/1578\/revisions\/2300"}],"wp:attachment":[{"href":"https:\/\/office-roxx.de\/primabueroklima\/wp-json\/wp\/v2\/media?parent=1578"}],"wp:term":[{"taxonomy":"post_tag","embeddable":true,"href":"https:\/\/office-roxx.de\/primabueroklima\/wp-json\/wp\/v2\/tags?post=1578"}],"curies":[{"name":"wp","href":"https:\/\/api.w.org\/{rel}","templated":true}]}}