{"id":301,"date":"2020-09-08T18:58:52","date_gmt":"2020-09-08T16:58:52","guid":{"rendered":"https:\/\/office-roxx.de\/office-pioneers\/?page_id=301"},"modified":"2021-08-23T17:27:02","modified_gmt":"2021-08-23T15:27:02","slug":"agb","status":"publish","type":"page","link":"https:\/\/office-roxx.de\/office-brands\/agb\/","title":{"rendered":"Allgemeine Gesch\u00e4ftsbedingungen"},"content":{"rendered":"<p>&nbsp;<\/p>\n<h2><b>Geltungsbereich<\/b><\/h2>\n<p>F\u00fcr alle Lieferungen der PRIMA VIER Nehring Verlag GmbH (Verk\u00e4ufer) an Verbraucher gelten diese Allgemeinen Gesch\u00e4ftsbedingungen (AGB).<\/p>\n<p>Verbraucher ist jede nat\u00fcrliche Person, die ein Rechtsgesch\u00e4ft zu einem Zwecke abschlie\u00dft, der \u00fcberwiegend weder ihrer gewerblichen noch ihrer selbstst\u00e4ndigen beruflichen T\u00e4tigkeit zugerechnet werden kann.<\/p>\n<p>&nbsp;<\/p>\n<h2><b>Vertragspartner<\/b><\/h2>\n<p>Der Kaufvertrag kommt zustande mit PRIMA VIER Nehring Verlag GmbH, Gustav-Freytag-Str. 7, 10827 Berlin, Handelsregister: Berlin-Charlottenburg, HR B 82979.<\/p>\n<p>&nbsp;<\/p>\n<h2><b>Vertragsschluss<\/b><\/h2>\n<p>Die Darstellung der Produkte im Online-Shop stellt kein rechtlich bindendes Angebot, sondern nur eine Aufforderung zur Bestellung dar.<\/p>\n<p>Durch Anklicken des Buttons [Kaufen\/kostenpflichtig bestellen] geben Sie eine verbindliche Bestellung der auf der Bestellseite aufgelisteten Waren ab. Ihr Kaufvertrag kommt zustande, wenn wir Ihre Bestellung durch eine Auftragsbest\u00e4tigung per E-Mail unmittelbar nach dem Erhalt Ihrer Bestellung annehmen.<\/p>\n<p>&nbsp;<\/p>\n<h2><b>Widerrufsrecht<\/b><\/h2>\n<p>Wenn Sie Verbraucher sind (also eine nat\u00fcrliche Person, die die Bestellung zu einem Zweck abgibt, der weder Ihrer gewerblichen oder selbst\u00e4ndigen beruflichen T\u00e4tigkeit zugerechnet werden kann), steht Ihnen nach Ma\u00dfgabe der gesetzlichen Bestimmungen ein Widerrufsrecht zu. Die Bestellung eines E-Books kann nur widerrufen werden, wenn es noch nicht elektronisch versandt wurde.<\/p>\n<p>Machen Sie als Verbraucher von Ihrem Widerrufsrecht Gebrauch, so haben Sie die regelm\u00e4\u00dfigen Kosten der R\u00fccksendung zu tragen.<\/p>\n<p>Im \u00dcbrigen gelten f\u00fcr das Widerrufsrecht die Regelungen, die im Einzelnen wiedergegeben sind in der folgenden<\/p>\n<p>&nbsp;<\/p>\n<h2><span style=\"color: #ff6600;\"><b>Widerrufsbelehrung\u00b9<br \/>\n<\/b><\/span><\/h2>\n<p><span style=\"color: #ff6600;\"><b>Widerrufsrecht<\/b><\/span><\/p>\n<p><span style=\"color: #ff6600;\">Sie haben das Recht, binnen vierzehn Tagen ohne Angabe von Gr\u00fcnden diesen Vertrag zu widerrufen.<\/span><\/p>\n<p><span style=\"color: #ff6600;\"><b>Die Widerrufsfrist betr\u00e4gt vierzehn Tage ab dem Tag an dem Sie oder ein von Ihnen benannter Dritter, der nicht der Bef\u00f6rderer ist, die Waren in Besitz genommen haben bzw. hat.<\/b><\/span><\/p>\n<p><span style=\"color: #ff6600;\"><b>Um Ihr Widerrufsrecht auszu\u00fcben, m\u00fcssen Sie uns, PRIMA VIER Nehring Verlag GmbH, Gustav-Freytag-Str. 7, 10827 Berlin, Tel. +49 30 479071-0, info@office-roxx.de, mittels einer eindeutigen Erkl\u00e4rung (z. B. ein mit der Post versandter Brief oder eine E-Mail) \u00fcber Ihren Entschluss, diesen Vertrag zu widerrufen, informieren. Sie k\u00f6nnen daf\u00fcr das beigef\u00fcgte Muster-Widerrufsformular verwenden, das jedoch nicht vorgeschrieben ist. Sie k\u00f6nnen das Muster- Widerrufsformular oder eine andere eindeutige Erkl\u00e4rung auch auf unserer Webseite (Internet-Adresse einf\u00fcgen) elektronisch ausf\u00fcllen und \u00fcbermitteln. Machen Sie von dieser M\u00f6glichkeit Gebrauch, so werden wir Ihnen unverz\u00fcglich (z. B. per E-Mail) eine Best\u00e4tigung \u00fcber den Eingang eines solchen Widerrufs \u00fcbermitteln.<\/b><\/span><\/p>\n<p><span style=\"color: #ff6600;\"><b>Zur Wahrung der Widerrufsfrist reicht es aus, dass Sie die Mitteilung \u00fcber die Aus\u00fcbung des Widerrufsrechts vor Ablauf der Widerrufsfrist absenden.<\/b><\/span><\/p>\n<p><span style=\"color: #ff6600;\"><b>Folgen des Widerrufs<\/b><\/span><\/p>\n<p><span style=\"color: #ff6600;\"><b>Wenn Sie diesen Vertrag widerrufen, haben wir Ihnen alle Zahlungen, die wir von Ihnen erhalten haben, einschlie\u00dflich der Lieferkosten (mit Ausnahme der zus\u00e4tzlichen Kosten, die sich daraus ergeben, dass Sie eine andere Art der Lieferung als die von uns angebotene, g\u00fcnstigste Standardlieferung gew\u00e4hlt haben), unverz\u00fcglich und sp\u00e4testens binnen vierzehn Tagen ab dem Tag zur\u00fcckzuzahlen, an dem die Mitteilung \u00fcber Ihren Widerruf dieses Vertrags bei uns eingegangen ist. F\u00fcr diese R\u00fcckzahlung verwenden wir dasselbe Zahlungsmittel, das Sie bei der urspr\u00fcnglichen Transaktion eingesetzt haben, es sei denn, mit Ihnen wurde ausdr\u00fccklich etwas anderes vereinbart; in keinem Fall werden Ihnen wegen dieser R\u00fcckzahlung Entgelte berechnet. Wir k\u00f6nnen die R\u00fcckzahlung verweigern, bis wir die Waren wieder zur\u00fcckerhalten haben oder bis Sie den Nachweis erbracht haben, dass Sie die Waren zur\u00fcckgesandt haben, je nachdem, welches der fr\u00fchere Zeitpunkt ist.<\/b><\/span><\/p>\n<p><span style=\"color: #ff6600;\"><b>Sie haben die Waren unverz\u00fcglich und in jedem Fall sp\u00e4testens binnen vierzehn Tagen ab dem Tag, an dem Sie uns \u00fcber den Widerruf dieses Vertrages unterrichten, an uns zur\u00fcckzusenden oder zu \u00fcbergeben. Die Frist ist gewahrt, wenn Sie die Waren vor Ablauf der Frist von vierzehn Tagen absenden.<\/b><\/span><\/p>\n<p><span style=\"color: #ff6600;\"><b>Sie tragen die unmittelbaren Kosten der R\u00fccksendung der Waren.<\/b><\/span><\/p>\n<p><span style=\"color: #ff6600;\"><b>Sie m\u00fcssen f\u00fcr einen etwaigen Wertverlust der Waren nur aufkommen, wenn dieser Wertverlust auf einen zur Pr\u00fcfung der Beschaffenheit, Eigenschaften und Funktionsweise der Waren nicht notwendigen Umgang mit ihnen zur\u00fcckzuf\u00fchren ist.<\/b><\/span><\/p>\n<p><span style=\"color: #ff6600;\"><b>&#8211; Ende der Widerrufsbelehrung &#8211;<\/b><\/span><\/p>\n<p>(<b>\u00b9<\/b>\u00a0Diese Widerrufsbelehrung gilt nicht f\u00fcr die getrennte Lieferung von Waren.)<\/p>\n<h2><b>Preise und Versandkosten<\/b><\/h2>\n<p>Die auf der Bestellseite genannten Buchpreise enthalten bei einem Verkauf innerhalb Deutschlands die Mehrwertsteuer. Bei einem Verkauf au\u00dferhalb Deutschlands, sind die genannten Preise Nettopreise.<br \/>\n<!-- Zus\u00e4tzlich zu den angegebenen Preisen berechnen wir f\u00fcr die Lieferung innerhalb Deutschlands pauschal 6,90 Euro pro Bestellung. Die Versandkosten werden Ihnen auf den Produktseiten, im Warenkorbsystem und auf der Bestellseite nochmals deutlich mitgeteilt. Bei Zahlung per Nachnahme wird zus\u00e4tzlich eine Geb\u00fchr in H\u00f6he von 2.- Euro f\u00e4llig, die der Zusteller vor Ort erhebt. Weitere Steuern oder Kosten fallen nicht an. --><\/p>\n<p>Die Versandkosten f\u00fcr ein Buch betragen innerhalb Deutschlands 5,90 Euro, ins EU-Ausland 7,90 Euro, in die Schweiz 9,90 Euro, in alle \u00fcbrigen L\u00e4nder 16,90 Euro.<\/p>\n<p>&nbsp;<\/p>\n<h2><b>Lieferung<\/b><\/h2>\n<p>Die Lieferzeit betr\u00e4gt bis zu 3 Tage. Auf eventuell abweichende Lieferzeiten weisen wir in der Bestellbest\u00e4tigung (E-Mail) hin.<\/p>\n<p>&nbsp;<\/p>\n<h2><b>Zahlung<\/b><\/h2>\n<p>Die Zahlung erfolgt per Vorkasse nach Rechnungslegung.<\/p>\n<p>&nbsp;<\/p>\n<h2><b>Eigentumsvorbehalt<\/b><\/h2>\n<p>Bis zur vollst\u00e4ndigen Zahlung bleibt die Ware unser Eigentum.<\/p>\n<p>&nbsp;<\/p>\n<h2><b>Streitbeilegung<\/b><\/h2>\n<p>Die EU-Kommission hat eine Internetplattform zur Online-Beilegung von Streitigkeiten geschaffen. Die Plattform dient als Anlaufstelle zur au\u00dfergerichtlichen Beilegung von Streitigkeiten betreffend vertragliche Verpflichtungen, die aus Online-Kaufvertr\u00e4gen erwachsen. N\u00e4here Informationen sind unter dem folgenden Link verf\u00fcgbar: http:\/\/ec.europa.eu\/consumers\/odr.<b>\u00a0<\/b>Wir sind zur Beilegung von Streitigkeiten mit Verbrauchern zur Teilnahme an einem Streitbeilegungsverfahren vor einer Verbraucherschlichtungsstelle bereit. Die zust\u00e4ndige Verbraucherschlichtungsstelle ist: Universalschlichtungsstelle des Bundes Zentrum f\u00fcr Schlichtung e.V., Stra\u00dfburger Stra\u00dfe 8, 77694 Kehl am Rhein, www.verbraucher-schlichter.de. Zur Beilegung der genannten Streitigkeiten werden wir in einem Streitbeilegungsverfahren vor dieser Stelle teilnehmen.<\/p>\n","protected":false},"excerpt":{"rendered":"<p>&nbsp; Geltungsbereich F\u00fcr alle Lieferungen der PRIMA VIER Nehring Verlag GmbH (Verk\u00e4ufer) an Verbraucher gelten diese Allgemeinen Gesch\u00e4ftsbedingungen (AGB). Verbraucher ist jede nat\u00fcrliche Person, die ein Rechtsgesch\u00e4ft zu einem Zwecke&hellip;<\/p>\n","protected":false},"author":1,"featured_media":0,"parent":0,"menu_order":0,"comment_status":"closed","ping_status":"closed","template":"","meta":{"footnotes":""},"class_list":["post-301","page","type-page","status-publish","hentry","no-post-thumbnail"],"yoast_head":"<!-- This site is optimized with the Yoast SEO plugin v23.5 - https:\/\/yoast.com\/wordpress\/plugins\/seo\/ -->\n<title>Allgemeine Gesch\u00e4ftsbedingungen - Office Brands<\/title>\n<meta name=\"robots\" content=\"index, follow, max-snippet:-1, max-image-preview:large, max-video-preview:-1\" \/>\n<link rel=\"canonical\" href=\"https:\/\/office-roxx.de\/office-brands\/agb\/\" \/>\n<meta property=\"og:locale\" content=\"de_DE\" \/>\n<meta property=\"og:type\" content=\"article\" \/>\n<meta property=\"og:title\" content=\"Allgemeine Gesch\u00e4ftsbedingungen - Office Brands\" \/>\n<meta property=\"og:description\" content=\"&nbsp; Geltungsbereich F\u00fcr alle Lieferungen der PRIMA VIER Nehring Verlag GmbH (Verk\u00e4ufer) an Verbraucher gelten diese Allgemeinen Gesch\u00e4ftsbedingungen (AGB). Verbraucher ist jede nat\u00fcrliche Person, die ein Rechtsgesch\u00e4ft zu einem Zwecke&hellip;\" \/>\n<meta property=\"og:url\" content=\"https:\/\/office-roxx.de\/office-brands\/agb\/\" \/>\n<meta property=\"og:site_name\" content=\"Office Brands\" \/>\n<meta property=\"article:modified_time\" content=\"2021-08-23T15:27:02+00:00\" \/>\n<meta name=\"twitter:card\" content=\"summary_large_image\" \/>\n<meta name=\"twitter:label1\" content=\"Gesch\u00e4tzte Lesezeit\" \/>\n\t<meta name=\"twitter:data1\" content=\"4\u00a0Minuten\" \/>\n<script type=\"application\/ld+json\" class=\"yoast-schema-graph\">{\"@context\":\"https:\/\/schema.org\",\"@graph\":[{\"@type\":\"WebPage\",\"@id\":\"https:\/\/office-roxx.de\/office-brands\/agb\/\",\"url\":\"https:\/\/office-roxx.de\/office-brands\/agb\/\",\"name\":\"Allgemeine Gesch\u00e4ftsbedingungen - Office Brands\",\"isPartOf\":{\"@id\":\"https:\/\/office-roxx.de\/office-brands\/#website\"},\"datePublished\":\"2020-09-08T16:58:52+00:00\",\"dateModified\":\"2021-08-23T15:27:02+00:00\",\"breadcrumb\":{\"@id\":\"https:\/\/office-roxx.de\/office-brands\/agb\/#breadcrumb\"},\"inLanguage\":\"de\",\"potentialAction\":[{\"@type\":\"ReadAction\",\"target\":[\"https:\/\/office-roxx.de\/office-brands\/agb\/\"]}]},{\"@type\":\"BreadcrumbList\",\"@id\":\"https:\/\/office-roxx.de\/office-brands\/agb\/#breadcrumb\",\"itemListElement\":[{\"@type\":\"ListItem\",\"position\":1,\"name\":\"Startseite\",\"item\":\"https:\/\/office-roxx.de\/office-brands\/\"},{\"@type\":\"ListItem\",\"position\":2,\"name\":\"Allgemeine Gesch\u00e4ftsbedingungen\"}]},{\"@type\":\"WebSite\",\"@id\":\"https:\/\/office-roxx.de\/office-brands\/#website\",\"url\":\"https:\/\/office-roxx.de\/office-brands\/\",\"name\":\"Office Pioneers\",\"description\":\"TOP-MARKEN f\u00fcr die B\u00fcroarbeit\",\"publisher\":{\"@id\":\"https:\/\/office-roxx.de\/office-brands\/#organization\"},\"potentialAction\":[{\"@type\":\"SearchAction\",\"target\":{\"@type\":\"EntryPoint\",\"urlTemplate\":\"https:\/\/office-roxx.de\/office-brands\/?s={search_term_string}\"},\"query-input\":{\"@type\":\"PropertyValueSpecification\",\"valueRequired\":true,\"valueName\":\"search_term_string\"}}],\"inLanguage\":\"de\"},{\"@type\":\"Organization\",\"@id\":\"https:\/\/office-roxx.de\/office-brands\/#organization\",\"name\":\"PRIMA VIER Nehring Verlag\",\"url\":\"https:\/\/office-roxx.de\/office-brands\/\",\"logo\":{\"@type\":\"ImageObject\",\"inLanguage\":\"de\",\"@id\":\"https:\/\/office-roxx.de\/office-brands\/#\/schema\/logo\/image\/\",\"url\":\"https:\/\/office-roxx.de\/office-brands\/wp-content\/uploads\/2022\/06\/Office-Brands-Logo.png\",\"contentUrl\":\"https:\/\/office-roxx.de\/office-brands\/wp-content\/uploads\/2022\/06\/Office-Brands-Logo.png\",\"width\":375,\"height\":374,\"caption\":\"PRIMA VIER Nehring Verlag\"},\"image\":{\"@id\":\"https:\/\/office-roxx.de\/office-brands\/#\/schema\/logo\/image\/\"}}]}<\/script>\n<!-- \/ Yoast SEO plugin. -->","yoast_head_json":{"title":"Allgemeine Gesch\u00e4ftsbedingungen - Office Brands","robots":{"index":"index","follow":"follow","max-snippet":"max-snippet:-1","max-image-preview":"max-image-preview:large","max-video-preview":"max-video-preview:-1"},"canonical":"https:\/\/office-roxx.de\/office-brands\/agb\/","og_locale":"de_DE","og_type":"article","og_title":"Allgemeine Gesch\u00e4ftsbedingungen - Office Brands","og_description":"&nbsp; Geltungsbereich F\u00fcr alle Lieferungen der PRIMA VIER Nehring Verlag GmbH (Verk\u00e4ufer) an Verbraucher gelten diese Allgemeinen Gesch\u00e4ftsbedingungen (AGB). Verbraucher ist jede nat\u00fcrliche Person, die ein Rechtsgesch\u00e4ft zu einem Zwecke&hellip;","og_url":"https:\/\/office-roxx.de\/office-brands\/agb\/","og_site_name":"Office Brands","article_modified_time":"2021-08-23T15:27:02+00:00","twitter_card":"summary_large_image","twitter_misc":{"Gesch\u00e4tzte Lesezeit":"4\u00a0Minuten"},"schema":{"@context":"https:\/\/schema.org","@graph":[{"@type":"WebPage","@id":"https:\/\/office-roxx.de\/office-brands\/agb\/","url":"https:\/\/office-roxx.de\/office-brands\/agb\/","name":"Allgemeine Gesch\u00e4ftsbedingungen - Office Brands","isPartOf":{"@id":"https:\/\/office-roxx.de\/office-brands\/#website"},"datePublished":"2020-09-08T16:58:52+00:00","dateModified":"2021-08-23T15:27:02+00:00","breadcrumb":{"@id":"https:\/\/office-roxx.de\/office-brands\/agb\/#breadcrumb"},"inLanguage":"de","potentialAction":[{"@type":"ReadAction","target":["https:\/\/office-roxx.de\/office-brands\/agb\/"]}]},{"@type":"BreadcrumbList","@id":"https:\/\/office-roxx.de\/office-brands\/agb\/#breadcrumb","itemListElement":[{"@type":"ListItem","position":1,"name":"Startseite","item":"https:\/\/office-roxx.de\/office-brands\/"},{"@type":"ListItem","position":2,"name":"Allgemeine Gesch\u00e4ftsbedingungen"}]},{"@type":"WebSite","@id":"https:\/\/office-roxx.de\/office-brands\/#website","url":"https:\/\/office-roxx.de\/office-brands\/","name":"Office Pioneers","description":"TOP-MARKEN f\u00fcr die B\u00fcroarbeit","publisher":{"@id":"https:\/\/office-roxx.de\/office-brands\/#organization"},"potentialAction":[{"@type":"SearchAction","target":{"@type":"EntryPoint","urlTemplate":"https:\/\/office-roxx.de\/office-brands\/?s={search_term_string}"},"query-input":{"@type":"PropertyValueSpecification","valueRequired":true,"valueName":"search_term_string"}}],"inLanguage":"de"},{"@type":"Organization","@id":"https:\/\/office-roxx.de\/office-brands\/#organization","name":"PRIMA VIER Nehring Verlag","url":"https:\/\/office-roxx.de\/office-brands\/","logo":{"@type":"ImageObject","inLanguage":"de","@id":"https:\/\/office-roxx.de\/office-brands\/#\/schema\/logo\/image\/","url":"https:\/\/office-roxx.de\/office-brands\/wp-content\/uploads\/2022\/06\/Office-Brands-Logo.png","contentUrl":"https:\/\/office-roxx.de\/office-brands\/wp-content\/uploads\/2022\/06\/Office-Brands-Logo.png","width":375,"height":374,"caption":"PRIMA VIER Nehring Verlag"},"image":{"@id":"https:\/\/office-roxx.de\/office-brands\/#\/schema\/logo\/image\/"}}]}},"_links":{"self":[{"href":"https:\/\/office-roxx.de\/office-brands\/wp-json\/wp\/v2\/pages\/301"}],"collection":[{"href":"https:\/\/office-roxx.de\/office-brands\/wp-json\/wp\/v2\/pages"}],"about":[{"href":"https:\/\/office-roxx.de\/office-brands\/wp-json\/wp\/v2\/types\/page"}],"author":[{"embeddable":true,"href":"https:\/\/office-roxx.de\/office-brands\/wp-json\/wp\/v2\/users\/1"}],"replies":[{"embeddable":true,"href":"https:\/\/office-roxx.de\/office-brands\/wp-json\/wp\/v2\/comments?post=301"}],"version-history":[{"count":0,"href":"https:\/\/office-roxx.de\/office-brands\/wp-json\/wp\/v2\/pages\/301\/revisions"}],"wp:attachment":[{"href":"https:\/\/office-roxx.de\/office-brands\/wp-json\/wp\/v2\/media?parent=301"}],"curies":[{"name":"wp","href":"https:\/\/api.w.org\/{rel}","templated":true}]}}