{"id":123,"date":"2020-04-28T14:05:43","date_gmt":"2020-04-28T12:05:43","guid":{"rendered":"https:\/\/office-roxx.de\/office-pioneers\/?page_id=123"},"modified":"2024-07-01T23:26:55","modified_gmt":"2024-07-01T21:26:55","slug":"impressum","status":"publish","type":"page","link":"https:\/\/office-roxx.de\/office-brands\/impressum\/","title":{"rendered":"Impressum"},"content":{"rendered":"<h2 style=\"text-align: center;\">&nbsp;<\/h2>\n<p style=\"text-align: center;\">PRIMA VIER Nehring Verlag GmbH<br \/>\nGustav-Freytag-Str. 7<br \/>\n10827 Berlin<br \/>\n&nbsp;<br \/>\nHandelsregister: HRB 82979<br \/>\nRegistergericht: HR Berlin-Charlottenburg<br \/>\n&nbsp;<br \/>\n<strong>Vertreten durch:<\/strong><br \/>\nDr. Robert Nehring<br \/>\n&nbsp;<\/p>\n<h2 style=\"text-align: center;\">Kontakt<\/h2>\n<p style=\"text-align: center;\">Telefon: +49 30 479071-0<br \/>\nE-Mail: <a href=\"mailto:info@OFFICE-ROXX.DE\">info@OFFICE-ROXX.DE<\/a><br \/>\n&nbsp;<\/p>\n<h2 style=\"text-align: center;\">Umsatzsteuer-ID<\/h2>\n<p style=\"text-align: center;\">Umsatzsteuer-Identifikationsnummer gem\u00e4\u00df \u00a7 27 a Umsatzsteuergesetz:<br \/>\nDE 813336218<br \/>\n&nbsp;<\/p>\n<h2 style=\"text-align: center;\">Redaktionell verantwortlich<\/h2>\n<p style=\"text-align: center;\">Dr. Robert Nehring<br \/>\nGustav-Freytag-Str. 7<br \/>\n10827 Berlin<br \/>\n&nbsp;<\/p>\n<h2 style=\"text-align: center;\">EU-Streitschlichtung<\/h2>\n<p style=\"text-align: center;\">Die Europ\u00e4ische Kommission stellt eine Plattform zur Online-Streitbeilegung (OS) bereit: <a href=\"https:\/\/ec.europa.eu\/consumers\/odr\/\" target=\"_blank\" rel=\"noopener noreferrer\">https:\/\/ec.europa.eu\/consumers\/odr\/<\/a>.<br \/>\nUnsere E-Mail-Adresse finden Sie oben im Impressum.<br \/>\n&nbsp;<\/p>\n<h2 style=\"text-align: center;\">Verbraucher\u00adstreit\u00adbeilegung\/Universal\u00adschlichtungs\u00adstelle<\/h2>\n<p style=\"text-align: center;\">Wir sind nicht bereit oder verpflichtet, an Streitbeilegungsverfahren vor einer Verbraucherschlichtungsstelle teilzunehmen.<br \/>\n&nbsp;<br \/>\nQuelle: <a href=\"https:\/\/www.e-recht24.de\">eRecht24<\/a><br \/>\n&nbsp;<\/p>\n<h2 style=\"text-align: center;\">Rechtliche Hinweise (Disclaimer)<\/h2>\n<p style=\"text-align: center;\"><a title=\"Inhalte der Website\" href=\"https:\/\/office-roxx.de\/office-brands\/impressum\/#c2230\">Inhalte der Website<\/a><br \/>\n<a title=\"Verf\u00fcgbarkeit der Website\" href=\"https:\/\/office-roxx.de\/office-brands\/impressum\/#c2231\">Verf\u00fcgbarkeit der Website<\/a><br \/>\n <a title=\"Hinweis zum Urheberrecht\" href=\"https:\/\/office-roxx.de\/office-brands\/impressum\/#c2232\">Hinweis zum Urheberrecht<\/a><br \/>\n <a title=\"Hinweis zur Verwendung externer Links\" href=\"https:\/\/office-roxx.de\/office-brands\/impressum\/#c2233\">Hinweis zur Verwendung externer Links<\/a><br \/>\n&nbsp;<\/p>\n<div id=\"c2230\" style=\"text-align: center;\">\n<header>\n<h2>Inhalte der Website<\/h2>\n<\/header>\n<p>Die Inhalte dieses Webauftritts werden mit gr\u00f6\u00dftm\u00f6glicher Sorgfalt erstellt. Die PRIMA VIER Nehring Verlag GmbH \u00fcbernimmt jedoch keine Gew\u00e4hr f\u00fcr die Richtigkeit, Vollst\u00e4ndigkeit und Aktualit\u00e4t der bereitgestellten Inhalte.<\/p>\n<\/div>\n<div id=\"c2231\" style=\"text-align: center;\">\n<header>\n&nbsp;<\/p>\n<h2>Verf\u00fcgbarkeit der Website<\/h2>\n<\/header>\n<p>Die PRIMA VIER Nehring Verlag GmbH ist bestrebt, den Dienst unterbrechungsfrei zum Abruf anzubieten. Auch bei aller Sorgfalt k\u00f6nnen aber Ausfallzeiten nicht ausgeschlossen werden. Die PRIMA VIER Nehring Verlag GmbH beh\u00e4lt sich das Recht vor, ihr Angebot jederzeit zu \u00e4ndern oder einzustellen. F\u00fcr durch nicht fehlerfrei angelegte Dateien oder nicht fehlerfrei strukturierte Formate bedingte Unterbrechungen oder anderweitige St\u00f6rungen \u00fcbernimmt sie keine Gew\u00e4hr.<\/p>\n<\/div>\n<div id=\"c2232\" style=\"text-align: center;\">\n<header>\n&nbsp;<\/p>\n<h2>Hinweis zum Urheberrecht<\/h2>\n<\/header>\n<p>Alle Inhalte und Strukturen dieser Website sind urheber- und leistungsschutzrechtlich gesch\u00fctzt. Die Ver\u00f6ffentlichung im World Wide Web oder in sonstigen Diensten des Internets bedeutet noch keine Einverst\u00e4ndniserkl\u00e4rung f\u00fcr eine anderweitige Nutzung durch Dritte. Jede vom deutschen Urheberrecht nicht zugelassene Verwertung bedarf der vorherigen schriftlichen Zustimmung der PRIMA VIER Nehring Verlag GmbH.<br \/>\n&nbsp;<br \/>\nDas Zitieren der bereitgestellten Inhalte und Dokumente sowie das Setzen von Links auf diese Website sind ausdr\u00fccklich erlaubt, solange kenntlich gemacht wird, dass es sich um Inhalte der PRIMA VIER Nehring Verlag GmbH handelt und diese Inhalte nicht in Verbindung mit Inhalten Dritter gebracht werden, die den Interessen der PRIMA VIER Nehring Verlag GmbH widersprechen.<\/p>\n<\/div>\n<div id=\"c2233\">\n<header>\n&nbsp;<\/p>\n<h2 style=\"text-align: center;\">Hinweis zur Verwendung externer Links<\/h2>\n<\/header>\n<p style=\"text-align: center;\">Die PRIMA VIER Nehring Verlag GmbH ist f\u00fcr die eigenen Inhalte, die sie zur Nutzung bereith\u00e4lt, nach den allgemeinen Gesetzen verantwortlich. Von diesen eigenen Inhalten sind Querverweise (Links) auf die von anderen Anbietenden bereitgehaltenen Inhalte zu unterscheiden. Durch den Querverweis h\u00e4lt die PRIMA VIER Nehring Verlag GmbH insofern fremde Inhalte zur Nutzung bereit, die als Link gekennzeichnet sind.<br \/>\n&nbsp;<br \/>\nBei Links handelt es sich um dynamische Verweisungen. Die PRIMA VIER Nehring Verlag GmbH hat bei der erstmaligen Verkn\u00fcpfung zwar den fremden Inhalt daraufhin \u00fcberpr\u00fcft, ob durch ihn eine m\u00f6gliche zivilrechtliche oder strafrechtliche Verantwortlichkeit ausgel\u00f6st wird. Sie \u00fcberpr\u00fcft aber die Inhalte, auf die sie in ihrem Angebot verweist, nicht st\u00e4ndig auf Ver\u00e4nderungen, die eine Verantwortlichkeit neu begr\u00fcnden k\u00f6nnten. Wenn sie feststellt oder von anderen darauf hingewiesen wird, dass ein konkretes Angebot, zu dem sie einen Link bereitgestellt hat, eine zivil- oder strafrechtliche Verantwortlichkeit ausl\u00f6st, wird sie den Verweis auf dieses Angebot aufheben.<\/p>\n<\/div>\n","protected":false},"excerpt":{"rendered":"<p>&nbsp; PRIMA VIER Nehring Verlag GmbH Gustav-Freytag-Str. 7 10827 Berlin &nbsp; Handelsregister: HRB 82979 Registergericht: HR Berlin-Charlottenburg &nbsp; Vertreten durch: Dr. Robert Nehring &nbsp; Kontakt Telefon: +49 30 479071-0 E-Mail:&hellip;<\/p>\n","protected":false},"author":1,"featured_media":0,"parent":0,"menu_order":0,"comment_status":"closed","ping_status":"closed","template":"","meta":{"footnotes":""},"class_list":["post-123","page","type-page","status-publish","hentry","no-post-thumbnail"],"yoast_head":"<!-- This site is optimized with the Yoast SEO plugin v23.5 - https:\/\/yoast.com\/wordpress\/plugins\/seo\/ -->\n<title>Impressum - Office Brands<\/title>\n<meta name=\"robots\" content=\"index, follow, max-snippet:-1, max-image-preview:large, max-video-preview:-1\" \/>\n<link rel=\"canonical\" href=\"https:\/\/office-roxx.de\/office-brands\/impressum\/\" \/>\n<meta property=\"og:locale\" content=\"de_DE\" \/>\n<meta property=\"og:type\" content=\"article\" \/>\n<meta property=\"og:title\" content=\"Impressum - Office Brands\" \/>\n<meta property=\"og:description\" content=\"&nbsp; PRIMA VIER Nehring Verlag GmbH Gustav-Freytag-Str. 7 10827 Berlin &nbsp; Handelsregister: HRB 82979 Registergericht: HR Berlin-Charlottenburg &nbsp; Vertreten durch: Dr. Robert Nehring &nbsp; Kontakt Telefon: +49 30 479071-0 E-Mail:&hellip;\" \/>\n<meta property=\"og:url\" content=\"https:\/\/office-roxx.de\/office-brands\/impressum\/\" \/>\n<meta property=\"og:site_name\" content=\"Office Brands\" \/>\n<meta property=\"article:modified_time\" content=\"2024-07-01T21:26:55+00:00\" \/>\n<meta name=\"twitter:card\" content=\"summary_large_image\" \/>\n<meta name=\"twitter:label1\" content=\"Gesch\u00e4tzte Lesezeit\" \/>\n\t<meta name=\"twitter:data1\" content=\"3\u00a0Minuten\" \/>\n<script type=\"application\/ld+json\" class=\"yoast-schema-graph\">{\"@context\":\"https:\/\/schema.org\",\"@graph\":[{\"@type\":\"WebPage\",\"@id\":\"https:\/\/office-roxx.de\/office-brands\/impressum\/\",\"url\":\"https:\/\/office-roxx.de\/office-brands\/impressum\/\",\"name\":\"Impressum - Office Brands\",\"isPartOf\":{\"@id\":\"https:\/\/office-roxx.de\/office-brands\/#website\"},\"datePublished\":\"2020-04-28T12:05:43+00:00\",\"dateModified\":\"2024-07-01T21:26:55+00:00\",\"breadcrumb\":{\"@id\":\"https:\/\/office-roxx.de\/office-brands\/impressum\/#breadcrumb\"},\"inLanguage\":\"de\",\"potentialAction\":[{\"@type\":\"ReadAction\",\"target\":[\"https:\/\/office-roxx.de\/office-brands\/impressum\/\"]}]},{\"@type\":\"BreadcrumbList\",\"@id\":\"https:\/\/office-roxx.de\/office-brands\/impressum\/#breadcrumb\",\"itemListElement\":[{\"@type\":\"ListItem\",\"position\":1,\"name\":\"Startseite\",\"item\":\"https:\/\/office-roxx.de\/office-brands\/\"},{\"@type\":\"ListItem\",\"position\":2,\"name\":\"Impressum\"}]},{\"@type\":\"WebSite\",\"@id\":\"https:\/\/office-roxx.de\/office-brands\/#website\",\"url\":\"https:\/\/office-roxx.de\/office-brands\/\",\"name\":\"Office Pioneers\",\"description\":\"TOP-MARKEN f\u00fcr die B\u00fcroarbeit\",\"publisher\":{\"@id\":\"https:\/\/office-roxx.de\/office-brands\/#organization\"},\"potentialAction\":[{\"@type\":\"SearchAction\",\"target\":{\"@type\":\"EntryPoint\",\"urlTemplate\":\"https:\/\/office-roxx.de\/office-brands\/?s={search_term_string}\"},\"query-input\":{\"@type\":\"PropertyValueSpecification\",\"valueRequired\":true,\"valueName\":\"search_term_string\"}}],\"inLanguage\":\"de\"},{\"@type\":\"Organization\",\"@id\":\"https:\/\/office-roxx.de\/office-brands\/#organization\",\"name\":\"PRIMA VIER Nehring Verlag\",\"url\":\"https:\/\/office-roxx.de\/office-brands\/\",\"logo\":{\"@type\":\"ImageObject\",\"inLanguage\":\"de\",\"@id\":\"https:\/\/office-roxx.de\/office-brands\/#\/schema\/logo\/image\/\",\"url\":\"https:\/\/office-roxx.de\/office-brands\/wp-content\/uploads\/2022\/06\/Office-Brands-Logo.png\",\"contentUrl\":\"https:\/\/office-roxx.de\/office-brands\/wp-content\/uploads\/2022\/06\/Office-Brands-Logo.png\",\"width\":375,\"height\":374,\"caption\":\"PRIMA VIER Nehring Verlag\"},\"image\":{\"@id\":\"https:\/\/office-roxx.de\/office-brands\/#\/schema\/logo\/image\/\"}}]}<\/script>\n<!-- \/ Yoast SEO plugin. -->","yoast_head_json":{"title":"Impressum - Office Brands","robots":{"index":"index","follow":"follow","max-snippet":"max-snippet:-1","max-image-preview":"max-image-preview:large","max-video-preview":"max-video-preview:-1"},"canonical":"https:\/\/office-roxx.de\/office-brands\/impressum\/","og_locale":"de_DE","og_type":"article","og_title":"Impressum - Office Brands","og_description":"&nbsp; PRIMA VIER Nehring Verlag GmbH Gustav-Freytag-Str. 7 10827 Berlin &nbsp; Handelsregister: HRB 82979 Registergericht: HR Berlin-Charlottenburg &nbsp; Vertreten durch: Dr. Robert Nehring &nbsp; Kontakt Telefon: +49 30 479071-0 E-Mail:&hellip;","og_url":"https:\/\/office-roxx.de\/office-brands\/impressum\/","og_site_name":"Office Brands","article_modified_time":"2024-07-01T21:26:55+00:00","twitter_card":"summary_large_image","twitter_misc":{"Gesch\u00e4tzte Lesezeit":"3\u00a0Minuten"},"schema":{"@context":"https:\/\/schema.org","@graph":[{"@type":"WebPage","@id":"https:\/\/office-roxx.de\/office-brands\/impressum\/","url":"https:\/\/office-roxx.de\/office-brands\/impressum\/","name":"Impressum - Office Brands","isPartOf":{"@id":"https:\/\/office-roxx.de\/office-brands\/#website"},"datePublished":"2020-04-28T12:05:43+00:00","dateModified":"2024-07-01T21:26:55+00:00","breadcrumb":{"@id":"https:\/\/office-roxx.de\/office-brands\/impressum\/#breadcrumb"},"inLanguage":"de","potentialAction":[{"@type":"ReadAction","target":["https:\/\/office-roxx.de\/office-brands\/impressum\/"]}]},{"@type":"BreadcrumbList","@id":"https:\/\/office-roxx.de\/office-brands\/impressum\/#breadcrumb","itemListElement":[{"@type":"ListItem","position":1,"name":"Startseite","item":"https:\/\/office-roxx.de\/office-brands\/"},{"@type":"ListItem","position":2,"name":"Impressum"}]},{"@type":"WebSite","@id":"https:\/\/office-roxx.de\/office-brands\/#website","url":"https:\/\/office-roxx.de\/office-brands\/","name":"Office Pioneers","description":"TOP-MARKEN f\u00fcr die B\u00fcroarbeit","publisher":{"@id":"https:\/\/office-roxx.de\/office-brands\/#organization"},"potentialAction":[{"@type":"SearchAction","target":{"@type":"EntryPoint","urlTemplate":"https:\/\/office-roxx.de\/office-brands\/?s={search_term_string}"},"query-input":{"@type":"PropertyValueSpecification","valueRequired":true,"valueName":"search_term_string"}}],"inLanguage":"de"},{"@type":"Organization","@id":"https:\/\/office-roxx.de\/office-brands\/#organization","name":"PRIMA VIER Nehring Verlag","url":"https:\/\/office-roxx.de\/office-brands\/","logo":{"@type":"ImageObject","inLanguage":"de","@id":"https:\/\/office-roxx.de\/office-brands\/#\/schema\/logo\/image\/","url":"https:\/\/office-roxx.de\/office-brands\/wp-content\/uploads\/2022\/06\/Office-Brands-Logo.png","contentUrl":"https:\/\/office-roxx.de\/office-brands\/wp-content\/uploads\/2022\/06\/Office-Brands-Logo.png","width":375,"height":374,"caption":"PRIMA VIER Nehring Verlag"},"image":{"@id":"https:\/\/office-roxx.de\/office-brands\/#\/schema\/logo\/image\/"}}]}},"_links":{"self":[{"href":"https:\/\/office-roxx.de\/office-brands\/wp-json\/wp\/v2\/pages\/123"}],"collection":[{"href":"https:\/\/office-roxx.de\/office-brands\/wp-json\/wp\/v2\/pages"}],"about":[{"href":"https:\/\/office-roxx.de\/office-brands\/wp-json\/wp\/v2\/types\/page"}],"author":[{"embeddable":true,"href":"https:\/\/office-roxx.de\/office-brands\/wp-json\/wp\/v2\/users\/1"}],"replies":[{"embeddable":true,"href":"https:\/\/office-roxx.de\/office-brands\/wp-json\/wp\/v2\/comments?post=123"}],"version-history":[{"count":5,"href":"https:\/\/office-roxx.de\/office-brands\/wp-json\/wp\/v2\/pages\/123\/revisions"}],"predecessor-version":[{"id":1013,"href":"https:\/\/office-roxx.de\/office-brands\/wp-json\/wp\/v2\/pages\/123\/revisions\/1013"}],"wp:attachment":[{"href":"https:\/\/office-roxx.de\/office-brands\/wp-json\/wp\/v2\/media?parent=123"}],"curies":[{"name":"wp","href":"https:\/\/api.w.org\/{rel}","templated":true}]}}