{"id":3592,"date":"2020-01-31T10:00:53","date_gmt":"2020-01-31T09:00:53","guid":{"rendered":"https:\/\/office-roxx.de\/buero-bewegung\/?page_id=3592"},"modified":"2024-06-30T22:26:24","modified_gmt":"2024-06-30T20:26:24","slug":"impressum","status":"publish","type":"page","link":"https:\/\/office-roxx.de\/buero-bewegung\/impressum\/","title":{"rendered":"Impressum"},"content":{"rendered":"<p><img loading=\"lazy\" decoding=\"async\" class=\"alignnone wp-image-3942\" src=\"https:\/\/office-roxx.de\/buero-bewegung\/wp-content\/uploads\/2020\/03\/DIMBA_Logo-300x46.png\" alt=\"DIMBA\" width=\"400\" height=\"61\" srcset=\"https:\/\/office-roxx.de\/buero-bewegung\/wp-content\/uploads\/2020\/03\/DIMBA_Logo-300x46.png 300w, https:\/\/office-roxx.de\/buero-bewegung\/wp-content\/uploads\/2020\/03\/DIMBA_Logo.png 655w\" sizes=\"auto, (max-width: 400px) 100vw, 400px\" \/><\/p>\n<p>PRIMA VIER Nehring Verlag GmbH<br \/>\nGustav-Freytag-Str. 7<br \/>\n10827 Berlin<\/p>\n<p>Handelsregister: HRB 82979<br \/>\nRegistergericht: HR Berlin-Charlottenburg<\/p>\n<p><strong>Vertreten durch:<\/strong><br \/>\nDr. Robert Nehring<\/p>\n<h2>Kontakt<\/h2>\n<p>Telefon: +49 30 479071-0<br \/>\nE-Mail: <a href=\"mailto:info@OFFICE-ROXX.DE\">info@OFFICE-ROXX.DE<\/a><\/p>\n<h2>Umsatzsteuer-ID<\/h2>\n<p>Umsatzsteuer-Identifikationsnummer gem\u00e4\u00df \u00a7 27 a Umsatzsteuergesetz:<br \/>\nDE 813336218<\/p>\n<h2>Redaktionell verantwortlich<\/h2>\n<p>Dr. Robert Nehring<br \/>\nGustav-Freytag-Str. 7<br \/>\n10827 Berlin<\/p>\n<p>Quelle:\u00a0<a tabindex=\"-1\" href=\"https:\/\/www.e-recht24.de\/\">eRecht24<\/a><\/p>\n<h2>Rechtliche Hinweise (Disclaimer)<\/h2>\n<ul class=\"toc\">\n<li><a tabindex=\"-1\" title=\"Inhalte der Website\" href=\"https:\/\/office-roxx.de\/buero-bewegung\/impressum\/#c2230\">Inhalte der Website<\/a><\/li>\n<li><a tabindex=\"-1\" title=\"Verf\u00fcgbarkeit der Website\" href=\"https:\/\/office-roxx.de\/buero-bewegung\/impressum\/#c2231\">Verf\u00fcgbarkeit der Website<\/a><\/li>\n<li><a tabindex=\"-1\" title=\"Hinweis zum Urheberrecht\" href=\"https:\/\/office-roxx.de\/buero-bewegung\/impressum\/#c2232\">Hinweis zum Urheberrecht<\/a><\/li>\n<li><a tabindex=\"-1\" title=\"Hinweis zur Verwendung externer Links\" href=\"https:\/\/office-roxx.de\/buero-bewegung\/impressum\/#c2233\">Hinweis zur Verwendung externer Links<\/a><\/li>\n<\/ul>\n<div id=\"c2230\" tabindex=\"-1\">\n<header>\n<h2>Inhalte der Website<\/h2>\n<\/header>\n<p>Die Inhalte dieses Webauftritts werden mit gr\u00f6\u00dftm\u00f6glicher Sorgfalt erstellt. Die PRIMA VIER Nehring Verlag GmbH \u00fcbernimmt jedoch keine Gew\u00e4hr f\u00fcr die Richtigkeit, Vollst\u00e4ndigkeit und Aktualit\u00e4t der bereitgestellten Inhalte.<\/p>\n<\/div>\n<div id=\"c2231\" tabindex=\"-1\">\n<header>\n<h2>Verf\u00fcgbarkeit der Website<\/h2>\n<\/header>\n<p>Die PRIMA VIER Nehring Verlag GmbH ist bestrebt, den Dienst unterbrechungsfrei zum Abruf anzubieten. Auch bei aller Sorgfalt k\u00f6nnen aber Ausfallzeiten nicht ausgeschlossen werden. Die PRIMA VIER Nehring Verlag GmbH beh\u00e4lt sich das Recht vor, ihr Angebot jederzeit zu \u00e4ndern oder einzustellen. F\u00fcr durch nicht fehlerfrei angelegte Dateien oder nicht fehlerfrei strukturierte Formate bedingte Unterbrechungen oder anderweitige St\u00f6rungen \u00fcbernimmt sie keine Gew\u00e4hr.<\/p>\n<\/div>\n<div id=\"c2232\">\n<header>\n<h2>Hinweis zum Urheberrecht<\/h2>\n<\/header>\n<p>Alle Inhalte und Strukturen dieser Website sind urheber- und leistungsschutzrechtlich gesch\u00fctzt. Die Ver\u00f6ffentlichung im World Wide Web oder in sonstigen Diensten des Internets bedeutet noch keine Einverst\u00e4ndniserkl\u00e4rung f\u00fcr eine anderweitige Nutzung durch Dritte. Jede vom deutschen Urheberrecht nicht zugelassene Verwertung bedarf der vorherigen schriftlichen Zustimmung der PRIMA VIER Nehring Verlag GmbH.<\/p>\n<p>Das Zitieren der bereitgestellten Inhalte und Dokumente sowie das Setzen von Links auf diese Website sind ausdr\u00fccklich erlaubt, solange kenntlich gemacht wird, dass es sich um Inhalte der PRIMA VIER Nehring Verlag GmbH handelt und diese Inhalte nicht in Verbindung mit Inhalten Dritter gebracht werden, die den Interessen der PRIMA VIER Nehring Verlag GmbH widersprechen.<\/p>\n<\/div>\n<div id=\"c2233\" tabindex=\"-1\">\n<header>\n<h2>Hinweis zur Verwendung externer Links<\/h2>\n<\/header>\n<p>Die PRIMA VIER Nehring Verlag GmbH ist f\u00fcr die eigenen Inhalte, die sie zur Nutzung bereith\u00e4lt, nach den allgemeinen Gesetzen verantwortlich. Von diesen eigenen Inhalten sind Querverweise (Links) auf die von anderen Anbietenden bereitgehaltenen Inhalte zu unterscheiden. Durch den Querverweis h\u00e4lt die PRIMA VIER Nehring Verlag GmbH insofern fremde Inhalte zur Nutzung bereit, die als Link gekennzeichnet sind.<\/p>\n<p>Bei Links handelt es sich um dynamische Verweisungen. Die PRIMA VIER Nehring Verlag GmbH hat bei der erstmaligen Verkn\u00fcpfung zwar den fremden Inhalt daraufhin \u00fcberpr\u00fcft, ob durch ihn eine m\u00f6gliche zivilrechtliche oder strafrechtliche Verantwortlichkeit ausgel\u00f6st wird. Sie \u00fcberpr\u00fcft aber die Inhalte, auf die sie in ihrem Angebot verweist, nicht st\u00e4ndig auf Ver\u00e4nderungen, die eine Verantwortlichkeit neu begr\u00fcnden k\u00f6nnten. Wenn sie feststellt oder von anderen darauf hingewiesen wird, dass ein konkretes Angebot, zu dem sie einen Link bereitgestellt hat, eine zivil- oder strafrechtliche Verantwortlichkeit ausl\u00f6st, wird sie den Verweis auf dieses Angebot aufheben.<\/p>\n<\/div>\n","protected":false},"excerpt":{"rendered":"<p>PRIMA VIER Nehring Verlag GmbH Gustav-Freytag-Str. 7 10827 Berlin Handelsregister: HRB 82979 Registergericht: HR Berlin-Charlottenburg Vertreten durch: Dr. Robert Nehring Kontakt Telefon: +49 30 479071-0 E-Mail: info@OFFICE-ROXX.DE Umsatzsteuer-ID Umsatzsteuer-Identifikationsnummer gem\u00e4\u00df \u00a7 27 a Umsatzsteuergesetz: DE 813336218 Redaktionell verantwortlich Dr. Robert Nehring Gustav-Freytag-Str. 7 10827 Berlin Quelle:\u00a0eRecht24 Rechtliche Hinweise (Disclaimer) Inhalte der Website Verf\u00fcgbarkeit der Website Hinweis zum Urheberrecht Hinweis zur Verwendung externer Links Inhalte der Website Die Inhalte dieses Webauftritts werden mit gr\u00f6\u00dftm\u00f6glicher Sorgfalt erstellt. Die PRIMA VIER Nehring Verlag&hellip;<\/p>\n","protected":false},"author":1,"featured_media":0,"parent":0,"menu_order":0,"comment_status":"closed","ping_status":"closed","template":"","meta":{"footnotes":""},"class_list":["post-3592","page","type-page","status-publish","hentry"],"yoast_head":"<!-- This site is optimized with the Yoast SEO plugin v26.6 - https:\/\/yoast.com\/wordpress\/plugins\/seo\/ -->\n<title>Impressum &#8211; BEWEGUNG IM B\u00dcRO<\/title>\n<meta name=\"robots\" content=\"index, follow, max-snippet:-1, max-image-preview:large, max-video-preview:-1\" \/>\n<link rel=\"canonical\" href=\"https:\/\/office-roxx.de\/buero-bewegung\/impressum\/\" \/>\n<meta property=\"og:locale\" content=\"de_DE\" \/>\n<meta property=\"og:type\" content=\"article\" \/>\n<meta property=\"og:title\" content=\"Impressum &#8211; BEWEGUNG IM B\u00dcRO\" \/>\n<meta property=\"og:description\" content=\"PRIMA VIER Nehring Verlag GmbH Gustav-Freytag-Str. 7 10827 Berlin Handelsregister: HRB 82979 Registergericht: HR Berlin-Charlottenburg Vertreten durch: Dr. Robert Nehring Kontakt Telefon: +49 30 479071-0 E-Mail: info@OFFICE-ROXX.DE Umsatzsteuer-ID Umsatzsteuer-Identifikationsnummer gem\u00e4\u00df \u00a7 27 a Umsatzsteuergesetz: DE 813336218 Redaktionell verantwortlich Dr. Robert Nehring Gustav-Freytag-Str. 7 10827 Berlin Quelle:\u00a0eRecht24 Rechtliche Hinweise (Disclaimer) Inhalte der Website Verf\u00fcgbarkeit der Website Hinweis zum Urheberrecht Hinweis zur Verwendung externer Links Inhalte der Website Die Inhalte dieses Webauftritts werden mit gr\u00f6\u00dftm\u00f6glicher Sorgfalt erstellt. Die PRIMA VIER Nehring Verlag&hellip;\" \/>\n<meta property=\"og:url\" content=\"https:\/\/office-roxx.de\/buero-bewegung\/impressum\/\" \/>\n<meta property=\"og:site_name\" content=\"BEWEGUNG IM B\u00dcRO\" \/>\n<meta property=\"article:modified_time\" content=\"2024-06-30T20:26:24+00:00\" \/>\n<meta property=\"og:image\" content=\"https:\/\/office-roxx.de\/buero-bewegung\/wp-content\/uploads\/2020\/03\/DIMBA_Logo-300x46.png\" \/>\n<meta name=\"twitter:card\" content=\"summary_large_image\" \/>\n<meta name=\"twitter:label1\" content=\"Gesch\u00e4tzte Lesezeit\" \/>\n\t<meta name=\"twitter:data1\" content=\"3\u00a0Minuten\" \/>\n<script type=\"application\/ld+json\" class=\"yoast-schema-graph\">{\"@context\":\"https:\/\/schema.org\",\"@graph\":[{\"@type\":\"WebPage\",\"@id\":\"https:\/\/office-roxx.de\/buero-bewegung\/impressum\/\",\"url\":\"https:\/\/office-roxx.de\/buero-bewegung\/impressum\/\",\"name\":\"Impressum &#8211; BEWEGUNG IM B\u00dcRO\",\"isPartOf\":{\"@id\":\"https:\/\/office-roxx.de\/buero-bewegung\/#website\"},\"primaryImageOfPage\":{\"@id\":\"https:\/\/office-roxx.de\/buero-bewegung\/impressum\/#primaryimage\"},\"image\":{\"@id\":\"https:\/\/office-roxx.de\/buero-bewegung\/impressum\/#primaryimage\"},\"thumbnailUrl\":\"https:\/\/office-roxx.de\/buero-bewegung\/wp-content\/uploads\/2020\/03\/DIMBA_Logo-300x46.png\",\"datePublished\":\"2020-01-31T09:00:53+00:00\",\"dateModified\":\"2024-06-30T20:26:24+00:00\",\"breadcrumb\":{\"@id\":\"https:\/\/office-roxx.de\/buero-bewegung\/impressum\/#breadcrumb\"},\"inLanguage\":\"de\",\"potentialAction\":[{\"@type\":\"ReadAction\",\"target\":[\"https:\/\/office-roxx.de\/buero-bewegung\/impressum\/\"]}]},{\"@type\":\"ImageObject\",\"inLanguage\":\"de\",\"@id\":\"https:\/\/office-roxx.de\/buero-bewegung\/impressum\/#primaryimage\",\"url\":\"https:\/\/office-roxx.de\/buero-bewegung\/wp-content\/uploads\/2020\/03\/DIMBA_Logo.png\",\"contentUrl\":\"https:\/\/office-roxx.de\/buero-bewegung\/wp-content\/uploads\/2020\/03\/DIMBA_Logo.png\",\"width\":655,\"height\":100,\"caption\":\"DIMBA\"},{\"@type\":\"BreadcrumbList\",\"@id\":\"https:\/\/office-roxx.de\/buero-bewegung\/impressum\/#breadcrumb\",\"itemListElement\":[{\"@type\":\"ListItem\",\"position\":1,\"name\":\"Startseite\",\"item\":\"https:\/\/office-roxx.de\/buero-bewegung\/\"},{\"@type\":\"ListItem\",\"position\":2,\"name\":\"Impressum\"}]},{\"@type\":\"WebSite\",\"@id\":\"https:\/\/office-roxx.de\/buero-bewegung\/#website\",\"url\":\"https:\/\/office-roxx.de\/buero-bewegung\/\",\"name\":\"BEWEGUNG IM B\u00dcRO\",\"description\":\"\",\"publisher\":{\"@id\":\"https:\/\/office-roxx.de\/buero-bewegung\/#organization\"},\"potentialAction\":[{\"@type\":\"SearchAction\",\"target\":{\"@type\":\"EntryPoint\",\"urlTemplate\":\"https:\/\/office-roxx.de\/buero-bewegung\/?s={search_term_string}\"},\"query-input\":{\"@type\":\"PropertyValueSpecification\",\"valueRequired\":true,\"valueName\":\"search_term_string\"}}],\"inLanguage\":\"de\"},{\"@type\":\"Organization\",\"@id\":\"https:\/\/office-roxx.de\/buero-bewegung\/#organization\",\"name\":\"Bewegung im B\u00fcro\",\"url\":\"https:\/\/office-roxx.de\/buero-bewegung\/\",\"logo\":{\"@type\":\"ImageObject\",\"inLanguage\":\"de\",\"@id\":\"https:\/\/office-roxx.de\/buero-bewegung\/#\/schema\/logo\/image\/\",\"url\":\"https:\/\/office-roxx.de\/buero-bewegung\/wp-content\/uploads\/2020\/01\/Bewegung.jpg\",\"contentUrl\":\"https:\/\/office-roxx.de\/buero-bewegung\/wp-content\/uploads\/2020\/01\/Bewegung.jpg\",\"width\":999,\"height\":520,\"caption\":\"Bewegung im B\u00fcro\"},\"image\":{\"@id\":\"https:\/\/office-roxx.de\/buero-bewegung\/#\/schema\/logo\/image\/\"}}]}<\/script>\n<!-- \/ Yoast SEO plugin. -->","yoast_head_json":{"title":"Impressum &#8211; BEWEGUNG IM B\u00dcRO","robots":{"index":"index","follow":"follow","max-snippet":"max-snippet:-1","max-image-preview":"max-image-preview:large","max-video-preview":"max-video-preview:-1"},"canonical":"https:\/\/office-roxx.de\/buero-bewegung\/impressum\/","og_locale":"de_DE","og_type":"article","og_title":"Impressum &#8211; BEWEGUNG IM B\u00dcRO","og_description":"PRIMA VIER Nehring Verlag GmbH Gustav-Freytag-Str. 7 10827 Berlin Handelsregister: HRB 82979 Registergericht: HR Berlin-Charlottenburg Vertreten durch: Dr. Robert Nehring Kontakt Telefon: +49 30 479071-0 E-Mail: info@OFFICE-ROXX.DE Umsatzsteuer-ID Umsatzsteuer-Identifikationsnummer gem\u00e4\u00df \u00a7 27 a Umsatzsteuergesetz: DE 813336218 Redaktionell verantwortlich Dr. Robert Nehring Gustav-Freytag-Str. 7 10827 Berlin Quelle:\u00a0eRecht24 Rechtliche Hinweise (Disclaimer) Inhalte der Website Verf\u00fcgbarkeit der Website Hinweis zum Urheberrecht Hinweis zur Verwendung externer Links Inhalte der Website Die Inhalte dieses Webauftritts werden mit gr\u00f6\u00dftm\u00f6glicher Sorgfalt erstellt. Die PRIMA VIER Nehring Verlag&hellip;","og_url":"https:\/\/office-roxx.de\/buero-bewegung\/impressum\/","og_site_name":"BEWEGUNG IM B\u00dcRO","article_modified_time":"2024-06-30T20:26:24+00:00","og_image":[{"url":"https:\/\/office-roxx.de\/buero-bewegung\/wp-content\/uploads\/2020\/03\/DIMBA_Logo-300x46.png","type":"","width":"","height":""}],"twitter_card":"summary_large_image","twitter_misc":{"Gesch\u00e4tzte Lesezeit":"3\u00a0Minuten"},"schema":{"@context":"https:\/\/schema.org","@graph":[{"@type":"WebPage","@id":"https:\/\/office-roxx.de\/buero-bewegung\/impressum\/","url":"https:\/\/office-roxx.de\/buero-bewegung\/impressum\/","name":"Impressum &#8211; BEWEGUNG IM B\u00dcRO","isPartOf":{"@id":"https:\/\/office-roxx.de\/buero-bewegung\/#website"},"primaryImageOfPage":{"@id":"https:\/\/office-roxx.de\/buero-bewegung\/impressum\/#primaryimage"},"image":{"@id":"https:\/\/office-roxx.de\/buero-bewegung\/impressum\/#primaryimage"},"thumbnailUrl":"https:\/\/office-roxx.de\/buero-bewegung\/wp-content\/uploads\/2020\/03\/DIMBA_Logo-300x46.png","datePublished":"2020-01-31T09:00:53+00:00","dateModified":"2024-06-30T20:26:24+00:00","breadcrumb":{"@id":"https:\/\/office-roxx.de\/buero-bewegung\/impressum\/#breadcrumb"},"inLanguage":"de","potentialAction":[{"@type":"ReadAction","target":["https:\/\/office-roxx.de\/buero-bewegung\/impressum\/"]}]},{"@type":"ImageObject","inLanguage":"de","@id":"https:\/\/office-roxx.de\/buero-bewegung\/impressum\/#primaryimage","url":"https:\/\/office-roxx.de\/buero-bewegung\/wp-content\/uploads\/2020\/03\/DIMBA_Logo.png","contentUrl":"https:\/\/office-roxx.de\/buero-bewegung\/wp-content\/uploads\/2020\/03\/DIMBA_Logo.png","width":655,"height":100,"caption":"DIMBA"},{"@type":"BreadcrumbList","@id":"https:\/\/office-roxx.de\/buero-bewegung\/impressum\/#breadcrumb","itemListElement":[{"@type":"ListItem","position":1,"name":"Startseite","item":"https:\/\/office-roxx.de\/buero-bewegung\/"},{"@type":"ListItem","position":2,"name":"Impressum"}]},{"@type":"WebSite","@id":"https:\/\/office-roxx.de\/buero-bewegung\/#website","url":"https:\/\/office-roxx.de\/buero-bewegung\/","name":"BEWEGUNG IM B\u00dcRO","description":"","publisher":{"@id":"https:\/\/office-roxx.de\/buero-bewegung\/#organization"},"potentialAction":[{"@type":"SearchAction","target":{"@type":"EntryPoint","urlTemplate":"https:\/\/office-roxx.de\/buero-bewegung\/?s={search_term_string}"},"query-input":{"@type":"PropertyValueSpecification","valueRequired":true,"valueName":"search_term_string"}}],"inLanguage":"de"},{"@type":"Organization","@id":"https:\/\/office-roxx.de\/buero-bewegung\/#organization","name":"Bewegung im B\u00fcro","url":"https:\/\/office-roxx.de\/buero-bewegung\/","logo":{"@type":"ImageObject","inLanguage":"de","@id":"https:\/\/office-roxx.de\/buero-bewegung\/#\/schema\/logo\/image\/","url":"https:\/\/office-roxx.de\/buero-bewegung\/wp-content\/uploads\/2020\/01\/Bewegung.jpg","contentUrl":"https:\/\/office-roxx.de\/buero-bewegung\/wp-content\/uploads\/2020\/01\/Bewegung.jpg","width":999,"height":520,"caption":"Bewegung im B\u00fcro"},"image":{"@id":"https:\/\/office-roxx.de\/buero-bewegung\/#\/schema\/logo\/image\/"}}]}},"_links":{"self":[{"href":"https:\/\/office-roxx.de\/buero-bewegung\/wp-json\/wp\/v2\/pages\/3592","targetHints":{"allow":["GET"]}}],"collection":[{"href":"https:\/\/office-roxx.de\/buero-bewegung\/wp-json\/wp\/v2\/pages"}],"about":[{"href":"https:\/\/office-roxx.de\/buero-bewegung\/wp-json\/wp\/v2\/types\/page"}],"author":[{"embeddable":true,"href":"https:\/\/office-roxx.de\/buero-bewegung\/wp-json\/wp\/v2\/users\/1"}],"replies":[{"embeddable":true,"href":"https:\/\/office-roxx.de\/buero-bewegung\/wp-json\/wp\/v2\/comments?post=3592"}],"version-history":[{"count":9,"href":"https:\/\/office-roxx.de\/buero-bewegung\/wp-json\/wp\/v2\/pages\/3592\/revisions"}],"predecessor-version":[{"id":5193,"href":"https:\/\/office-roxx.de\/buero-bewegung\/wp-json\/wp\/v2\/pages\/3592\/revisions\/5193"}],"wp:attachment":[{"href":"https:\/\/office-roxx.de\/buero-bewegung\/wp-json\/wp\/v2\/media?parent=3592"}],"curies":[{"name":"wp","href":"https:\/\/api.w.org\/{rel}","templated":true}]}}