{"id":60,"date":"2017-10-19T11:48:44","date_gmt":"2017-10-19T09:48:44","guid":{"rendered":"http:\/\/www.akustikaktion.de\/?page_id=60"},"modified":"2024-02-21T16:34:03","modified_gmt":"2024-02-21T15:34:03","slug":"loesungen","status":"publish","type":"page","link":"https:\/\/office-roxx.de\/akustikaktion\/loesungen\/","title":{"rendered":"L\u00f6sungen"},"content":{"rendered":"<div id=\"gallery-2\" class=\"gallery galleryid-60 gallery-columns-2 gallery-size-full\"><figure class=\"gallery-item\">\n\t\t\t<div class=\"gallery-icon landscape\">\n\t\t\t\t<a href=\"https:\/\/www.object-carpet.com\/de\/produkte\/sonderloesungen\/technische-loesungen\/welltex-tiles-construction-1\" target=\"_blank\" class=\"set-target no-lightbox\"><img loading=\"lazy\" decoding=\"async\" width=\"300\" height=\"200\" src=\"https:\/\/office-roxx.de\/akustikaktion\/wp-content\/uploads\/2020\/04\/object-carpet-welltex.jpg\" class=\"attachment-full size-full\" alt=\"WELLTEX von OBJECT CARPET.\" aria-describedby=\"gallery-2-1839\"><\/a>\n\t\t\t<\/div>\n\t\t\t\t<figcaption class=\"wp-caption-text gallery-caption\" id=\"gallery-2-1839\">\n\t\t\t\t<a href=\"https:\/\/www.object-carpet.com\/de\/produkte\/sonderloesungen\/technische-loesungen\/welltex-tiles-construction-1\" target=\"_blank\" rel=\"noopener noreferrer\">WELLTEX<\/a> von <a href=\"https:\/\/www.object-carpet.com\/\" target=\"_blank\" rel=\"noopener noreferrer\">OBJECT CARPET<\/a>\n\t\t\t\t<\/figcaption><\/figure><figure class=\"gallery-item\">\n\t\t\t<div class=\"gallery-icon landscape\">\n\t\t\t\t<a href=\"https:\/\/office-roxx.de\/akustikaktion\/the-hut-von-goetessons\/\"><img loading=\"lazy\" decoding=\"async\" width=\"1000\" height=\"667\" src=\"https:\/\/office-roxx.de\/akustikaktion\/wp-content\/uploads\/2023\/04\/The-Hut-von-Goetessons.jpg\" class=\"attachment-full size-full\" alt=\"The Hut von G\u00f6tessons.\" aria-describedby=\"gallery-2-2350\" srcset=\"https:\/\/office-roxx.de\/akustikaktion\/wp-content\/uploads\/2023\/04\/The-Hut-von-Goetessons.jpg 1000w, https:\/\/office-roxx.de\/akustikaktion\/wp-content\/uploads\/2023\/04\/The-Hut-von-Goetessons-300x200.jpg 300w, https:\/\/office-roxx.de\/akustikaktion\/wp-content\/uploads\/2023\/04\/The-Hut-von-Goetessons-768x512.jpg 768w\" sizes=\"auto, (max-width: 1000px) 100vw, 1000px\"><\/a>\n\t\t\t<\/div>\n\t\t\t\t<figcaption class=\"wp-caption-text gallery-caption\" id=\"gallery-2-2350\">\n\t\t\t\t<a href=\"https:\/\/gotessons.com\/de\/produkte\/zimmer-im-zimmer\/the-hut\" target=\"_blank\" rel=\"noopener noreferrer\">The Hut<\/a> von <a href=\"https:\/\/gotessons.com\/de\/\" target=\"_blank\" rel=\"noopener noreferrer\">G\u00f6tes\u00adsons<\/a>\n\t\t\t\t<\/figcaption><\/figure><figure class=\"gallery-item\">\n\t\t\t<div class=\"gallery-icon landscape\">\n\t\t\t\t<a href=\"https:\/\/office-roxx.de\/akustikaktion\/screenit-a30-booth-von-goetessons\/\"><img loading=\"lazy\" decoding=\"async\" width=\"1000\" height=\"640\" src=\"https:\/\/office-roxx.de\/akustikaktion\/wp-content\/uploads\/2023\/04\/ScreenIT-A30-Booth-von-Goetessons.jpg\" class=\"attachment-full size-full\" alt=\"ScreenIT A30 Booth von G\u00f6tessons.\" aria-describedby=\"gallery-2-2349\" srcset=\"https:\/\/office-roxx.de\/akustikaktion\/wp-content\/uploads\/2023\/04\/ScreenIT-A30-Booth-von-Goetessons.jpg 1000w, https:\/\/office-roxx.de\/akustikaktion\/wp-content\/uploads\/2023\/04\/ScreenIT-A30-Booth-von-Goetessons-300x192.jpg 300w, https:\/\/office-roxx.de\/akustikaktion\/wp-content\/uploads\/2023\/04\/ScreenIT-A30-Booth-von-Goetessons-768x492.jpg 768w\" sizes=\"auto, (max-width: 1000px) 100vw, 1000px\"><\/a>\n\t\t\t<\/div>\n\t\t\t\t<figcaption class=\"wp-caption-text gallery-caption\" id=\"gallery-2-2349\">\n\t\t\t\t<a href=\"https:\/\/gotessons.com\/de\/produkte\/stellwande-und-booth\/screenit-a30-booth-bebaubare\" target=\"_blank\" rel=\"noopener noreferrer\">Scree\u00adnIT A30 Booth<\/a> von <a href=\"https:\/\/gotessons.com\/de\/\" target=\"_blank\" rel=\"noopener noreferrer\">G\u00f6tes\u00adsons<\/a>\n\t\t\t\t<\/figcaption><\/figure><figure class=\"gallery-item\">\n\t\t\t<div class=\"gallery-icon landscape\">\n\t\t\t\t<a href=\"https:\/\/office-roxx.de\/akustikaktion\/takustik-vocal-head-booth-bonn-kirsten-otto\/\"><img loading=\"lazy\" decoding=\"async\" width=\"1000\" height=\"667\" src=\"https:\/\/office-roxx.de\/akustikaktion\/wp-content\/uploads\/2023\/04\/Takustik-Vocal-Head-Booth-Bonn-Kirsten-Otto.jpg\" class=\"attachment-full size-full\" alt=\"Vocal Head Booth von t.akustik.\" aria-describedby=\"gallery-2-2347\" srcset=\"https:\/\/office-roxx.de\/akustikaktion\/wp-content\/uploads\/2023\/04\/Takustik-Vocal-Head-Booth-Bonn-Kirsten-Otto.jpg 1000w, https:\/\/office-roxx.de\/akustikaktion\/wp-content\/uploads\/2023\/04\/Takustik-Vocal-Head-Booth-Bonn-Kirsten-Otto-300x200.jpg 300w, https:\/\/office-roxx.de\/akustikaktion\/wp-content\/uploads\/2023\/04\/Takustik-Vocal-Head-Booth-Bonn-Kirsten-Otto-768x512.jpg 768w\" sizes=\"auto, (max-width: 1000px) 100vw, 1000px\"><\/a>\n\t\t\t<\/div>\n\t\t\t\t<figcaption class=\"wp-caption-text gallery-caption\" id=\"gallery-2-2347\">\n\t\t\t\t<a href=\"https:\/\/www.thomann.de\/intl\/t.akustik_vocal_head_booth.htm\" target=\"_blank\" rel=\"noopener noreferrer\">Vocal Head Booth<\/a> von <a href=\"https:\/\/takustik.com\/de\/\" target=\"_blank\" rel=\"noopener noreferrer\">t.akustik<\/a>\n\t\t\t\t<\/figcaption><\/figure><figure class=\"gallery-item\">\n\t\t\t<div class=\"gallery-icon landscape\">\n\t\t\t\t<a href=\"https:\/\/office-roxx.de\/akustikaktion\/takustik-raumkonzept-buero-8er-bk-cam\/\"><img loading=\"lazy\" decoding=\"async\" width=\"1000\" height=\"671\" src=\"https:\/\/office-roxx.de\/akustikaktion\/wp-content\/uploads\/2023\/04\/Takustik-Raumkonzept-Buero-8er-BK-cam.jpg\" class=\"attachment-full size-full\" alt=\"Akustik-Raumkonfigurator f\u00fcr verschiedene B\u00fcrogr\u00f6\u00dfen von t.akustik.\" aria-describedby=\"gallery-2-2348\" srcset=\"https:\/\/office-roxx.de\/akustikaktion\/wp-content\/uploads\/2023\/04\/Takustik-Raumkonzept-Buero-8er-BK-cam.jpg 1000w, https:\/\/office-roxx.de\/akustikaktion\/wp-content\/uploads\/2023\/04\/Takustik-Raumkonzept-Buero-8er-BK-cam-300x201.jpg 300w, https:\/\/office-roxx.de\/akustikaktion\/wp-content\/uploads\/2023\/04\/Takustik-Raumkonzept-Buero-8er-BK-cam-768x515.jpg 768w\" sizes=\"auto, (max-width: 1000px) 100vw, 1000px\"><\/a>\n\t\t\t<\/div>\n\t\t\t\t<figcaption class=\"wp-caption-text gallery-caption\" id=\"gallery-2-2348\">\n\t\t\t\t<a href=\"https:\/\/takustik.com\/de\/raumkonzept\/buero\/\" target=\"_blank\" rel=\"noopener noreferrer\">Akus\u00adtik-Kon\u00adfi\u00adgu\u00adra\u00adtor f\u00fcr B\u00fcros<\/a> von <a href=\"https:\/\/takustik.com\/de\/\" target=\"_blank\" rel=\"noopener noreferrer\">t.akustik<\/a>\n\t\t\t\t<\/figcaption><\/figure><figure class=\"gallery-item\">\n\t\t\t<div class=\"gallery-icon landscape\">\n\t\t\t\t<a href=\"https:\/\/office-roxx.de\/akustikaktion\/2024\/07\/22\/zukunftsweisend-akustik-in-zeiten-von-hybrid-working\/prefom-casa-innenansicht\/\"><img loading=\"lazy\" decoding=\"async\" width=\"1000\" height=\"667\" src=\"https:\/\/office-roxx.de\/akustikaktion\/wp-content\/uploads\/2024\/01\/Prefom-Casa-Innenansicht.jpg\" class=\"attachment-full size-full\" alt aria-describedby=\"gallery-2-2433\" srcset=\"https:\/\/office-roxx.de\/akustikaktion\/wp-content\/uploads\/2024\/01\/Prefom-Casa-Innenansicht.jpg 1000w, https:\/\/office-roxx.de\/akustikaktion\/wp-content\/uploads\/2024\/01\/Prefom-Casa-Innenansicht-300x200.jpg 300w, https:\/\/office-roxx.de\/akustikaktion\/wp-content\/uploads\/2024\/01\/Prefom-Casa-Innenansicht-768x512.jpg 768w\" sizes=\"auto, (max-width: 1000px) 100vw, 1000px\"><\/a>\n\t\t\t<\/div>\n\t\t\t\t<figcaption class=\"wp-caption-text gallery-caption\" id=\"gallery-2-2433\">\n\t\t\t\t<a href=\"https:\/\/www.preform.de\/casa\/\" target=\"_blank\" rel=\"noopener noreferrer\">Casa<\/a> von <a href=\"https:\/\/www.preform.de\/\" target=\"_blank\" rel=\"noopener noreferrer\">Pre\u00adform<\/a>\n\t\t\t\t<\/figcaption><\/figure><figure class=\"gallery-item\">\n\t\t\t<div class=\"gallery-icon landscape\">\n\t\t\t\t<a href=\"https:\/\/office-roxx.de\/akustikaktion\/2024\/07\/22\/zukunftsweisend-akustik-in-zeiten-von-hybrid-working\/preform-mittelzone-decato-discreto\/\"><img loading=\"lazy\" decoding=\"async\" width=\"1000\" height=\"666\" src=\"https:\/\/office-roxx.de\/akustikaktion\/wp-content\/uploads\/2024\/01\/Preform-Mittelzone-Decato-Discreto.jpg\" class=\"attachment-full size-full\" alt aria-describedby=\"gallery-2-2434\" srcset=\"https:\/\/office-roxx.de\/akustikaktion\/wp-content\/uploads\/2024\/01\/Preform-Mittelzone-Decato-Discreto.jpg 1000w, https:\/\/office-roxx.de\/akustikaktion\/wp-content\/uploads\/2024\/01\/Preform-Mittelzone-Decato-Discreto-300x200.jpg 300w, https:\/\/office-roxx.de\/akustikaktion\/wp-content\/uploads\/2024\/01\/Preform-Mittelzone-Decato-Discreto-768x511.jpg 768w\" sizes=\"auto, (max-width: 1000px) 100vw, 1000px\"><\/a>\n\t\t\t<\/div>\n\t\t\t\t<figcaption class=\"wp-caption-text gallery-caption\" id=\"gallery-2-2434\">\n\t\t\t\t<a href=\"https:\/\/www.preform.de\/besprechungsecke-discreto\/\" target=\"_blank\" rel=\"noopener noreferrer\">Dis\u00adcreto<\/a> von <a href=\"https:\/\/www.preform.de\/\" target=\"_blank\" rel=\"noopener noreferrer\">Pre\u00adform<\/a>\n\t\t\t\t<\/figcaption><\/figure>\n\t\t<\/div>\n\n","protected":false},"excerpt":{"rendered":"","protected":false},"author":3,"featured_media":0,"parent":0,"menu_order":0,"comment_status":"closed","ping_status":"closed","template":"","meta":{"wp_typography_post_enhancements_disabled":false,"footnotes":""},"tags":[],"class_list":["post-60","page","type-page","status-publish","hentry"],"yoast_head":"<!-- This site is optimized with the Yoast SEO plugin v26.6 - https:\/\/yoast.com\/wordpress\/plugins\/seo\/ -->\n<title>L\u00f6sungen &#8211; Quiet please!<\/title>\n<meta name=\"robots\" content=\"index, follow, max-snippet:-1, max-image-preview:large, max-video-preview:-1\" \/>\n<link rel=\"canonical\" href=\"https:\/\/office-roxx.de\/akustikaktion\/loesungen\/\" \/>\n<meta property=\"og:locale\" content=\"de_DE\" \/>\n<meta property=\"og:type\" content=\"article\" \/>\n<meta property=\"og:title\" content=\"L\u00f6sungen &#8211; Quiet please!\" \/>\n<meta property=\"og:url\" content=\"https:\/\/office-roxx.de\/akustikaktion\/loesungen\/\" \/>\n<meta property=\"og:site_name\" content=\"Quiet please!\" \/>\n<meta property=\"article:modified_time\" content=\"2024-02-21T15:34:03+00:00\" \/>\n<meta property=\"og:image\" content=\"https:\/\/office-roxx.de\/akustikaktion\/wp-content\/uploads\/2020\/04\/object-carpet-welltex.jpg\" \/>\n<meta name=\"twitter:card\" content=\"summary_large_image\" \/>\n<meta name=\"twitter:label1\" content=\"Gesch\u00e4tzte Lesezeit\" \/>\n\t<meta name=\"twitter:data1\" content=\"1\u00a0Minute\" \/>\n<script type=\"application\/ld+json\" class=\"yoast-schema-graph\">{\"@context\":\"https:\/\/schema.org\",\"@graph\":[{\"@type\":\"WebPage\",\"@id\":\"https:\/\/office-roxx.de\/akustikaktion\/loesungen\/\",\"url\":\"https:\/\/office-roxx.de\/akustikaktion\/loesungen\/\",\"name\":\"L\u00f6sungen &#8211; Quiet please!\",\"isPartOf\":{\"@id\":\"https:\/\/office-roxx.de\/akustikaktion\/#website\"},\"datePublished\":\"2017-10-19T09:48:44+00:00\",\"dateModified\":\"2024-02-21T15:34:03+00:00\",\"breadcrumb\":{\"@id\":\"https:\/\/office-roxx.de\/akustikaktion\/loesungen\/#breadcrumb\"},\"inLanguage\":\"de\",\"potentialAction\":[{\"@type\":\"ReadAction\",\"target\":[\"https:\/\/office-roxx.de\/akustikaktion\/loesungen\/\"]}]},{\"@type\":\"BreadcrumbList\",\"@id\":\"https:\/\/office-roxx.de\/akustikaktion\/loesungen\/#breadcrumb\",\"itemListElement\":[{\"@type\":\"ListItem\",\"position\":1,\"name\":\"Startseite\",\"item\":\"https:\/\/office-roxx.de\/akustikaktion\/\"},{\"@type\":\"ListItem\",\"position\":2,\"name\":\"L\u00f6sungen\"}]},{\"@type\":\"WebSite\",\"@id\":\"https:\/\/office-roxx.de\/akustikaktion\/#website\",\"url\":\"https:\/\/office-roxx.de\/akustikaktion\/\",\"name\":\"Quiet please!\",\"description\":\"Die Akustik-Aktion\",\"publisher\":{\"@id\":\"https:\/\/office-roxx.de\/akustikaktion\/#organization\"},\"potentialAction\":[{\"@type\":\"SearchAction\",\"target\":{\"@type\":\"EntryPoint\",\"urlTemplate\":\"https:\/\/office-roxx.de\/akustikaktion\/?s={search_term_string}\"},\"query-input\":{\"@type\":\"PropertyValueSpecification\",\"valueRequired\":true,\"valueName\":\"search_term_string\"}}],\"inLanguage\":\"de\"},{\"@type\":\"Organization\",\"@id\":\"https:\/\/office-roxx.de\/akustikaktion\/#organization\",\"name\":\"Quiet please! Die Akustik-Aktion\",\"url\":\"https:\/\/office-roxx.de\/akustikaktion\/\",\"logo\":{\"@type\":\"ImageObject\",\"inLanguage\":\"de\",\"@id\":\"https:\/\/office-roxx.de\/akustikaktion\/#\/schema\/logo\/image\/\",\"url\":\"https:\/\/office-roxx.de\/akustikaktion\/wp-content\/uploads\/2018\/02\/Quiet-pease-Logo.png\",\"contentUrl\":\"https:\/\/office-roxx.de\/akustikaktion\/wp-content\/uploads\/2018\/02\/Quiet-pease-Logo.png\",\"width\":576,\"height\":132,\"caption\":\"Quiet please! Die Akustik-Aktion\"},\"image\":{\"@id\":\"https:\/\/office-roxx.de\/akustikaktion\/#\/schema\/logo\/image\/\"}}]}<\/script>\n<!-- \/ Yoast SEO plugin. -->","yoast_head_json":{"title":"L\u00f6sungen &#8211; Quiet please!","robots":{"index":"index","follow":"follow","max-snippet":"max-snippet:-1","max-image-preview":"max-image-preview:large","max-video-preview":"max-video-preview:-1"},"canonical":"https:\/\/office-roxx.de\/akustikaktion\/loesungen\/","og_locale":"de_DE","og_type":"article","og_title":"L\u00f6sungen &#8211; Quiet please!","og_url":"https:\/\/office-roxx.de\/akustikaktion\/loesungen\/","og_site_name":"Quiet please!","article_modified_time":"2024-02-21T15:34:03+00:00","og_image":[{"url":"https:\/\/office-roxx.de\/akustikaktion\/wp-content\/uploads\/2020\/04\/object-carpet-welltex.jpg","type":"","width":"","height":""}],"twitter_card":"summary_large_image","twitter_misc":{"Gesch\u00e4tzte Lesezeit":"1\u00a0Minute"},"schema":{"@context":"https:\/\/schema.org","@graph":[{"@type":"WebPage","@id":"https:\/\/office-roxx.de\/akustikaktion\/loesungen\/","url":"https:\/\/office-roxx.de\/akustikaktion\/loesungen\/","name":"L\u00f6sungen &#8211; Quiet please!","isPartOf":{"@id":"https:\/\/office-roxx.de\/akustikaktion\/#website"},"datePublished":"2017-10-19T09:48:44+00:00","dateModified":"2024-02-21T15:34:03+00:00","breadcrumb":{"@id":"https:\/\/office-roxx.de\/akustikaktion\/loesungen\/#breadcrumb"},"inLanguage":"de","potentialAction":[{"@type":"ReadAction","target":["https:\/\/office-roxx.de\/akustikaktion\/loesungen\/"]}]},{"@type":"BreadcrumbList","@id":"https:\/\/office-roxx.de\/akustikaktion\/loesungen\/#breadcrumb","itemListElement":[{"@type":"ListItem","position":1,"name":"Startseite","item":"https:\/\/office-roxx.de\/akustikaktion\/"},{"@type":"ListItem","position":2,"name":"L\u00f6sungen"}]},{"@type":"WebSite","@id":"https:\/\/office-roxx.de\/akustikaktion\/#website","url":"https:\/\/office-roxx.de\/akustikaktion\/","name":"Quiet please!","description":"Die Akustik-Aktion","publisher":{"@id":"https:\/\/office-roxx.de\/akustikaktion\/#organization"},"potentialAction":[{"@type":"SearchAction","target":{"@type":"EntryPoint","urlTemplate":"https:\/\/office-roxx.de\/akustikaktion\/?s={search_term_string}"},"query-input":{"@type":"PropertyValueSpecification","valueRequired":true,"valueName":"search_term_string"}}],"inLanguage":"de"},{"@type":"Organization","@id":"https:\/\/office-roxx.de\/akustikaktion\/#organization","name":"Quiet please! Die Akustik-Aktion","url":"https:\/\/office-roxx.de\/akustikaktion\/","logo":{"@type":"ImageObject","inLanguage":"de","@id":"https:\/\/office-roxx.de\/akustikaktion\/#\/schema\/logo\/image\/","url":"https:\/\/office-roxx.de\/akustikaktion\/wp-content\/uploads\/2018\/02\/Quiet-pease-Logo.png","contentUrl":"https:\/\/office-roxx.de\/akustikaktion\/wp-content\/uploads\/2018\/02\/Quiet-pease-Logo.png","width":576,"height":132,"caption":"Quiet please! Die Akustik-Aktion"},"image":{"@id":"https:\/\/office-roxx.de\/akustikaktion\/#\/schema\/logo\/image\/"}}]}},"_links":{"self":[{"href":"https:\/\/office-roxx.de\/akustikaktion\/wp-json\/wp\/v2\/pages\/60","targetHints":{"allow":["GET"]}}],"collection":[{"href":"https:\/\/office-roxx.de\/akustikaktion\/wp-json\/wp\/v2\/pages"}],"about":[{"href":"https:\/\/office-roxx.de\/akustikaktion\/wp-json\/wp\/v2\/types\/page"}],"author":[{"embeddable":true,"href":"https:\/\/office-roxx.de\/akustikaktion\/wp-json\/wp\/v2\/users\/3"}],"replies":[{"embeddable":true,"href":"https:\/\/office-roxx.de\/akustikaktion\/wp-json\/wp\/v2\/comments?post=60"}],"version-history":[{"count":29,"href":"https:\/\/office-roxx.de\/akustikaktion\/wp-json\/wp\/v2\/pages\/60\/revisions"}],"predecessor-version":[{"id":2455,"href":"https:\/\/office-roxx.de\/akustikaktion\/wp-json\/wp\/v2\/pages\/60\/revisions\/2455"}],"wp:attachment":[{"href":"https:\/\/office-roxx.de\/akustikaktion\/wp-json\/wp\/v2\/media?parent=60"}],"wp:term":[{"taxonomy":"post_tag","embeddable":true,"href":"https:\/\/office-roxx.de\/akustikaktion\/wp-json\/wp\/v2\/tags?post=60"}],"curies":[{"name":"wp","href":"https:\/\/api.w.org\/{rel}","templated":true}]}}